{"id":1002,"date":"2014-10-12T00:42:03","date_gmt":"2014-10-11T22:42:03","guid":{"rendered":"http:\/\/amgrezieu.fr\/?page_id=1002"},"modified":"2016-10-16T11:43:50","modified_gmt":"2016-10-16T09:43:50","slug":"black-current","status":"publish","type":"page","link":"https:\/\/amgrezieu.fr\/?page_id=1002","title":{"rendered":"Black Current"},"content":{"rendered":"<p><a href=\"http:\/\/amgrezieu.fr\/wp-content\/uploads\/2014\/09\/black-current-f\u00eate-de-la-musique-2014-amgrezieu-e1409611221241.jpg\"><img loading=\"lazy\" decoding=\"async\" class=\"alignnone wp-image-837\" src=\"http:\/\/amgrezieu.fr\/wp-content\/uploads\/2014\/09\/black-current-f\u00eate-de-la-musique-2014-amgrezieu-e1409611221241-300x109.jpg\" alt=\"black current - f\u00eate de la musique 2014 - amgrezieu\" width=\"534\" height=\"194\" srcset=\"https:\/\/amgrezieu.fr\/wp-content\/uploads\/2014\/09\/black-current-f\u00eate-de-la-musique-2014-amgrezieu-e1409611221241-300x109.jpg 300w, https:\/\/amgrezieu.fr\/wp-content\/uploads\/2014\/09\/black-current-f\u00eate-de-la-musique-2014-amgrezieu-e1409611221241-1024x372.jpg 1024w, https:\/\/amgrezieu.fr\/wp-content\/uploads\/2014\/09\/black-current-f\u00eate-de-la-musique-2014-amgrezieu-e1409611221241-100x36.jpg 100w, https:\/\/amgrezieu.fr\/wp-content\/uploads\/2014\/09\/black-current-f\u00eate-de-la-musique-2014-amgrezieu-e1409611221241-150x54.jpg 150w, https:\/\/amgrezieu.fr\/wp-content\/uploads\/2014\/09\/black-current-f\u00eate-de-la-musique-2014-amgrezieu-e1409611221241-200x72.jpg 200w, https:\/\/amgrezieu.fr\/wp-content\/uploads\/2014\/09\/black-current-f\u00eate-de-la-musique-2014-amgrezieu-e1409611221241-450x163.jpg 450w, https:\/\/amgrezieu.fr\/wp-content\/uploads\/2014\/09\/black-current-f\u00eate-de-la-musique-2014-amgrezieu-e1409611221241-600x218.jpg 600w, https:\/\/amgrezieu.fr\/wp-content\/uploads\/2014\/09\/black-current-f\u00eate-de-la-musique-2014-amgrezieu-e1409611221241-900x327.jpg 900w, https:\/\/amgrezieu.fr\/wp-content\/uploads\/2014\/09\/black-current-f\u00eate-de-la-musique-2014-amgrezieu-e1409611221241.jpg 1696w\" sizes=\"auto, (max-width: 534px) 100vw, 534px\" \/><\/a><\/p>\n<p><span style=\"text-decoration: underline;\"><strong>Black current<\/strong> <\/span>est un groupe issu de l&rsquo;Ecole de musique. Apr\u00e8s l&rsquo;accueil de nombreux \u00e9l\u00e8ves, le groupe s&rsquo;est stabilis\u00e9 autour de cinq personnes et pr\u00e9pare actuellement un spectacle de m\u00e9tal-symphonique avec des compositions de <a href=\"http:\/\/amgrezieu.fr\/?page_id=50\">C\u00e9dric Perret (clavier)<\/a>, l&rsquo;animateur du groupe qui en assure aussi tous les arrangements.<\/p>\n<p>&nbsp;<\/p>\n<p>&nbsp;<\/p>\n","protected":false},"excerpt":{"rendered":"<p>Black current est un groupe issu de l&rsquo;Ecole de musique. Apr\u00e8s l&rsquo;accueil de nombreux \u00e9l\u00e8ves, le groupe s&rsquo;est stabilis\u00e9 autour de cinq personnes et pr\u00e9pare actuellement un spectacle de m\u00e9tal-symphonique &hellip; <\/p>\n<p class=\"link-more\"><a href=\"https:\/\/amgrezieu.fr\/?page_id=1002\" class=\"more-link\">Continuer la lecture<span class=\"screen-reader-text\"> de &laquo;&nbsp;Black Current&nbsp;&raquo;<\/span><\/a><\/p>\n","protected":false},"author":1,"featured_media":0,"parent":976,"menu_order":0,"comment_status":"closed","ping_status":"closed","template":"","meta":{"_price":"","_stock":"","_tribe_ticket_header":"","_tribe_default_ticket_provider":"","_tribe_ticket_capacity":"0","_ticket_start_date":"","_ticket_end_date":"","_tribe_ticket_show_description":"","_tribe_ticket_show_not_going":false,"_tribe_ticket_use_global_stock":"","_tribe_ticket_global_stock_level":"","_global_stock_mode":"","_global_stock_cap":"","_tribe_rsvp_for_event":"","_tribe_ticket_going_count":"","_tribe_ticket_not_going_count":"","_tribe_tickets_list":"[]","_tribe_ticket_has_attendee_info_fields":false,"footnotes":"","_tec_slr_enabled":"","_tec_slr_layout":""},"class_list":["post-1002","page","type-page","status-publish","hentry"],"ticketed":false,"_links":{"self":[{"href":"https:\/\/amgrezieu.fr\/index.php?rest_route=\/wp\/v2\/pages\/1002","targetHints":{"allow":["GET"]}}],"collection":[{"href":"https:\/\/amgrezieu.fr\/index.php?rest_route=\/wp\/v2\/pages"}],"about":[{"href":"https:\/\/amgrezieu.fr\/index.php?rest_route=\/wp\/v2\/types\/page"}],"author":[{"embeddable":true,"href":"https:\/\/amgrezieu.fr\/index.php?rest_route=\/wp\/v2\/users\/1"}],"replies":[{"embeddable":true,"href":"https:\/\/amgrezieu.fr\/index.php?rest_route=%2Fwp%2Fv2%2Fcomments&post=1002"}],"version-history":[{"count":12,"href":"https:\/\/amgrezieu.fr\/index.php?rest_route=\/wp\/v2\/pages\/1002\/revisions"}],"predecessor-version":[{"id":1960,"href":"https:\/\/amgrezieu.fr\/index.php?rest_route=\/wp\/v2\/pages\/1002\/revisions\/1960"}],"up":[{"embeddable":true,"href":"https:\/\/amgrezieu.fr\/index.php?rest_route=\/wp\/v2\/pages\/976"}],"wp:attachment":[{"href":"https:\/\/amgrezieu.fr\/index.php?rest_route=%2Fwp%2Fv2%2Fmedia&parent=1002"}],"curies":[{"name":"wp","href":"https:\/\/api.w.org\/{rel}","templated":true}]}}