{"id":1241,"date":"2014-12-31T10:17:17","date_gmt":"2014-12-31T09:17:17","guid":{"rendered":"http:\/\/amgrezieu.fr\/?page_id=1241"},"modified":"2025-04-28T16:21:24","modified_gmt":"2025-04-28T14:21:24","slug":"status-pv-dag","status":"publish","type":"page","link":"https:\/\/amgrezieu.fr\/?page_id=1241","title":{"rendered":"COMPOSITION DU C.A."},"content":{"rendered":"<p>L&rsquo;AMG est une Association Loi 1901 administr\u00e9e par une \u00e9quipe de b\u00e9n\u00e9voles. Voici la composition actuelle du Conseil d&rsquo;Administration de l&rsquo;AMG\u00a0 (mise \u00e0 jour du 15 janvier 2024) :<\/p>\n<ul>\n<li><em><strong>Fran\u00e7oise GIBERT\u00a0 \u00a0 \u00a0 \u00a0 \u00a0 \u00a0&#8211;\u00a0 Pr\u00e9sidente<\/strong><\/em><\/li>\n<li><em><strong>Eliane BERTIN\u00a0 \u00a0 \u00a0 \u00a0 \u00a0 \u00a0 \u00a0 \u00a0 \u00a0 \u00a0 &#8211; Tr\u00e9sori\u00e8re<\/strong><\/em><\/li>\n<li><em><strong>Bernard CROST\u00a0 \u00a0 \u00a0 \u00a0 \u00a0 \u00a0 \u00a0 \u00a0 \u00a0&#8211; Administrateur<\/strong><\/em><\/li>\n<li><em><strong>Philippe BAILLY\u00a0 \u00a0 \u00a0 \u00a0 \u00a0 \u00a0 \u00a0 \u00a0 &#8211; Administrateur<\/strong><\/em><\/li>\n<li><em><strong>Richard GELEY\u00a0 \u00a0 \u00a0 \u00a0 \u00a0 \u00a0 \u00a0 \u00a0 \u00a0 &#8211; Administrateur<\/strong><\/em><\/li>\n<li><em><strong>Nathalie ACHAINTRE\u00a0 \u00a0 &#8211; Administratrice<\/strong><\/em><\/li>\n<li><em><strong>Didier Gauguet\u00a0 \u00a0 \u00a0 \u00a0 \u00a0 \u00a0 \u00a0 \u00a0 \u00a0 \u00a0&#8211; Administrateur\u00a0<\/strong><\/em><\/li>\n<\/ul>\n<p><strong>Le nouveau Bureau <span style=\"color: #3366ff;\">2024<\/span>\/<span style=\"color: #ff0000;\">2025<\/span> se compose de la fa\u00e7on suivante : <\/strong><\/p>\n<p><strong>Pr\u00e9sidente\u00a0:\u00a0\u00a0\u00a0\u00a0\u00a0\u00a0\u00a0\u00a0\u00a0\u00a0\u00a0\u00a0\u00a0\u00a0\u00a0\u00a0\u00a0\u00a0\u00a0\u00a0 FRANCOISE GIBERT<\/strong><\/p>\n<p><strong>Tr\u00e9sori\u00e8re :\u00a0 \u00a0 \u00a0 \u00a0 \u00a0 \u00a0 \u00a0 \u00a0 \u00a0 \u00a0 \u00a0 ELIANE BERTIN<\/strong><\/p>\n<p>&nbsp;<\/p>\n<p>&nbsp;<\/p>\n<p>&nbsp;<\/p>\n<p>&nbsp;<\/p>\n<p>&nbsp;<\/p>\n<p>&nbsp;<\/p>\n<p>&nbsp;<\/p>\n","protected":false},"excerpt":{"rendered":"<p>L&rsquo;AMG est une Association Loi 1901 administr\u00e9e par une \u00e9quipe de b\u00e9n\u00e9voles. Voici la composition actuelle du Conseil d&rsquo;Administration de l&rsquo;AMG\u00a0 (mise \u00e0 jour du 15 janvier 2024) : Fran\u00e7oise &hellip; <\/p>\n<p class=\"link-more\"><a href=\"https:\/\/amgrezieu.fr\/?page_id=1241\" class=\"more-link\">Continuer la lecture<span class=\"screen-reader-text\"> de &laquo;&nbsp;COMPOSITION DU C.A.&nbsp;&raquo;<\/span><\/a><\/p>\n","protected":false},"author":1,"featured_media":0,"parent":41,"menu_order":0,"comment_status":"open","ping_status":"open","template":"","meta":{"_price":"","_stock":"","_tribe_ticket_header":"","_tribe_default_ticket_provider":"","_tribe_ticket_capacity":"0","_ticket_start_date":"","_ticket_end_date":"","_tribe_ticket_show_description":"","_tribe_ticket_show_not_going":false,"_tribe_ticket_use_global_stock":"","_tribe_ticket_global_stock_level":"","_global_stock_mode":"","_global_stock_cap":"","_tribe_rsvp_for_event":"","_tribe_ticket_going_count":"","_tribe_ticket_not_going_count":"","_tribe_tickets_list":"[]","_tribe_ticket_has_attendee_info_fields":false,"footnotes":"","_tec_slr_enabled":"","_tec_slr_layout":""},"class_list":["post-1241","page","type-page","status-publish","hentry"],"ticketed":false,"_links":{"self":[{"href":"https:\/\/amgrezieu.fr\/index.php?rest_route=\/wp\/v2\/pages\/1241","targetHints":{"allow":["GET"]}}],"collection":[{"href":"https:\/\/amgrezieu.fr\/index.php?rest_route=\/wp\/v2\/pages"}],"about":[{"href":"https:\/\/amgrezieu.fr\/index.php?rest_route=\/wp\/v2\/types\/page"}],"author":[{"embeddable":true,"href":"https:\/\/amgrezieu.fr\/index.php?rest_route=\/wp\/v2\/users\/1"}],"replies":[{"embeddable":true,"href":"https:\/\/amgrezieu.fr\/index.php?rest_route=%2Fwp%2Fv2%2Fcomments&post=1241"}],"version-history":[{"count":73,"href":"https:\/\/amgrezieu.fr\/index.php?rest_route=\/wp\/v2\/pages\/1241\/revisions"}],"predecessor-version":[{"id":8795,"href":"https:\/\/amgrezieu.fr\/index.php?rest_route=\/wp\/v2\/pages\/1241\/revisions\/8795"}],"up":[{"embeddable":true,"href":"https:\/\/amgrezieu.fr\/index.php?rest_route=\/wp\/v2\/pages\/41"}],"wp:attachment":[{"href":"https:\/\/amgrezieu.fr\/index.php?rest_route=%2Fwp%2Fv2%2Fmedia&parent=1241"}],"curies":[{"name":"wp","href":"https:\/\/api.w.org\/{rel}","templated":true}]}}