{"id":4213,"date":"2019-10-14T11:06:28","date_gmt":"2019-10-14T09:06:28","guid":{"rendered":"http:\/\/amgrezieu.fr\/?page_id=4213"},"modified":"2024-05-09T09:23:33","modified_gmt":"2024-05-09T07:23:33","slug":"les-concerts-recents-datc","status":"publish","type":"page","link":"https:\/\/amgrezieu.fr\/?page_id=4213","title":{"rendered":"Les concerts r\u00e9cents d&rsquo;ATC"},"content":{"rendered":"\r\n<p><strong>9 mars 2024 : concert en partenariat avec la chorale Brind&rsquo;Accord. Plus de r\u00e9servations que de places disponibles !<img fetchpriority=\"high\" decoding=\"async\" class=\"alignleft size-full wp-image-8001\" src=\"https:\/\/amgrezieu.fr\/wp-content\/uploads\/2024\/05\/IMG-20240310-WA0008.jpg\" alt=\"\" width=\"1600\" height=\"900\" srcset=\"https:\/\/amgrezieu.fr\/wp-content\/uploads\/2024\/05\/IMG-20240310-WA0008.jpg 1600w, https:\/\/amgrezieu.fr\/wp-content\/uploads\/2024\/05\/IMG-20240310-WA0008-300x169.jpg 300w, https:\/\/amgrezieu.fr\/wp-content\/uploads\/2024\/05\/IMG-20240310-WA0008-1024x576.jpg 1024w, https:\/\/amgrezieu.fr\/wp-content\/uploads\/2024\/05\/IMG-20240310-WA0008-768x432.jpg 768w, https:\/\/amgrezieu.fr\/wp-content\/uploads\/2024\/05\/IMG-20240310-WA0008-1536x864.jpg 1536w\" sizes=\"(max-width: 767px) 89vw, (max-width: 1000px) 54vw, (max-width: 1071px) 543px, 580px\" \/><\/strong><\/p>\r\n<p>&nbsp;<\/p>\r\n<p><strong>4 f\u00e9vrier 2023 : reprise de notre spectacle \u00ab\u00a0Retour sur la place\u00a0\u00bb pour le protif de l&rsquo;association Handi&rsquo;Chiens \u00e0 Marcy-L&rsquo;\u00c9toile, sous la direction de notre nouveau chef de ch\u0153ur Dominique Pouilhe.<br \/><\/strong><\/p>\r\n<p><img decoding=\"async\" class=\"alignleft size-full wp-image-7120\" src=\"https:\/\/amgrezieu.fr\/wp-content\/uploads\/2023\/02\/e1eb54f0-fde8-4c7a-90b0-c4ff3510edda1.jpg\" alt=\"\" width=\"1600\" height=\"1196\" srcset=\"https:\/\/amgrezieu.fr\/wp-content\/uploads\/2023\/02\/e1eb54f0-fde8-4c7a-90b0-c4ff3510edda1.jpg 1600w, https:\/\/amgrezieu.fr\/wp-content\/uploads\/2023\/02\/e1eb54f0-fde8-4c7a-90b0-c4ff3510edda1-300x224.jpg 300w, https:\/\/amgrezieu.fr\/wp-content\/uploads\/2023\/02\/e1eb54f0-fde8-4c7a-90b0-c4ff3510edda1-768x574.jpg 768w, https:\/\/amgrezieu.fr\/wp-content\/uploads\/2023\/02\/e1eb54f0-fde8-4c7a-90b0-c4ff3510edda1-1024x765.jpg 1024w\" sizes=\"(max-width: 767px) 89vw, (max-width: 1000px) 54vw, (max-width: 1071px) 543px, 580px\" \/><\/p>\r\n<p>&nbsp;<\/p>\r\n<p><strong>1er octobre 2022 : spectacle dans le cadre du festival Inter&rsquo;Val \u00e0 Brindas \u00ab\u00a0Retour sur la place\u00a0\u00bb (pour marquer la fin (?) de l&rsquo;\u00e9pid\u00e9mie de covid-19, sous la direction de Line Billard.<br \/><\/strong><\/p>\r\n<p style=\"text-align: center;\"><img decoding=\"async\" class=\"alignleft size-full wp-image-6661\" src=\"https:\/\/amgrezieu.fr\/wp-content\/uploads\/2022\/10\/Capture-d\u2019e\u0301cran-2022-10-02-a\u0300-10.56.32.jpg\" alt=\"\" width=\"2704\" height=\"1756\" srcset=\"https:\/\/amgrezieu.fr\/wp-content\/uploads\/2022\/10\/Capture-d\u2019e\u0301cran-2022-10-02-a\u0300-10.56.32.jpg 2704w, https:\/\/amgrezieu.fr\/wp-content\/uploads\/2022\/10\/Capture-d\u2019e\u0301cran-2022-10-02-a\u0300-10.56.32-300x195.jpg 300w, https:\/\/amgrezieu.fr\/wp-content\/uploads\/2022\/10\/Capture-d\u2019e\u0301cran-2022-10-02-a\u0300-10.56.32-768x499.jpg 768w, https:\/\/amgrezieu.fr\/wp-content\/uploads\/2022\/10\/Capture-d\u2019e\u0301cran-2022-10-02-a\u0300-10.56.32-1024x665.jpg 1024w\" sizes=\"(max-width: 767px) 89vw, (max-width: 1000px) 54vw, (max-width: 1071px) 543px, 580px\" \/><\/p>\r\n<p><img loading=\"lazy\" decoding=\"async\" class=\"alignleft size-full wp-image-6657\" src=\"https:\/\/amgrezieu.fr\/wp-content\/uploads\/2022\/10\/PHOTO-2022-10-01-22-15-36.jpg\" alt=\"\" width=\"1024\" height=\"576\" srcset=\"https:\/\/amgrezieu.fr\/wp-content\/uploads\/2022\/10\/PHOTO-2022-10-01-22-15-36.jpg 1024w, https:\/\/amgrezieu.fr\/wp-content\/uploads\/2022\/10\/PHOTO-2022-10-01-22-15-36-300x169.jpg 300w, https:\/\/amgrezieu.fr\/wp-content\/uploads\/2022\/10\/PHOTO-2022-10-01-22-15-36-768x432.jpg 768w\" sizes=\"(max-width: 767px) 89vw, (max-width: 1000px) 54vw, (max-width: 1071px) 543px, 580px\" \/> <img loading=\"lazy\" decoding=\"async\" class=\"alignleft size-full wp-image-6658\" src=\"https:\/\/amgrezieu.fr\/wp-content\/uploads\/2022\/10\/IMG_3753.jpg\" alt=\"\" width=\"4032\" height=\"3024\" srcset=\"https:\/\/amgrezieu.fr\/wp-content\/uploads\/2022\/10\/IMG_3753.jpg 4032w, https:\/\/amgrezieu.fr\/wp-content\/uploads\/2022\/10\/IMG_3753-300x225.jpg 300w, https:\/\/amgrezieu.fr\/wp-content\/uploads\/2022\/10\/IMG_3753-768x576.jpg 768w, https:\/\/amgrezieu.fr\/wp-content\/uploads\/2022\/10\/IMG_3753-1024x768.jpg 1024w\" sizes=\"(max-width: 767px) 89vw, (max-width: 1000px) 54vw, (max-width: 1071px) 543px, 580px\" \/><\/p>\r\n<p>&nbsp;<\/p>\r\n<p>&nbsp;<\/p>\r\n<p>&nbsp;<\/p>\r\n<p>&nbsp;<\/p>\r\n<p class=\"wp-block-image\"><strong>12 mars 2022 : concert \u00e0 la maison Saint-Exup\u00e9ry \u00e0 Craponne (Rh\u00f4ne) sous la direction de Line Billard : enfin la reprise de nos prestations en public apr\u00e8s une si longue interruption !<br \/><\/strong><\/p>\r\n<p><img loading=\"lazy\" decoding=\"async\" class=\"alignleft size-full wp-image-6158\" src=\"https:\/\/amgrezieu.fr\/wp-content\/uploads\/2022\/03\/WhatsApp-Image-2022-03-12-at-17.56.46.jpeg\" alt=\"\" width=\"1600\" height=\"900\" srcset=\"https:\/\/amgrezieu.fr\/wp-content\/uploads\/2022\/03\/WhatsApp-Image-2022-03-12-at-17.56.46.jpeg 1600w, https:\/\/amgrezieu.fr\/wp-content\/uploads\/2022\/03\/WhatsApp-Image-2022-03-12-at-17.56.46-300x169.jpeg 300w, https:\/\/amgrezieu.fr\/wp-content\/uploads\/2022\/03\/WhatsApp-Image-2022-03-12-at-17.56.46-768x432.jpeg 768w, https:\/\/amgrezieu.fr\/wp-content\/uploads\/2022\/03\/WhatsApp-Image-2022-03-12-at-17.56.46-1024x576.jpeg 1024w\" sizes=\"(max-width: 767px) 89vw, (max-width: 1000px) 54vw, (max-width: 1071px) 543px, 580px\" \/> <img loading=\"lazy\" decoding=\"async\" class=\"alignleft size-full wp-image-6159\" src=\"https:\/\/amgrezieu.fr\/wp-content\/uploads\/2022\/03\/WhatsApp-Image-2022-03-12-at-17.52.59.jpeg\" alt=\"\" width=\"1600\" height=\"900\" srcset=\"https:\/\/amgrezieu.fr\/wp-content\/uploads\/2022\/03\/WhatsApp-Image-2022-03-12-at-17.52.59.jpeg 1600w, https:\/\/amgrezieu.fr\/wp-content\/uploads\/2022\/03\/WhatsApp-Image-2022-03-12-at-17.52.59-300x169.jpeg 300w, https:\/\/amgrezieu.fr\/wp-content\/uploads\/2022\/03\/WhatsApp-Image-2022-03-12-at-17.52.59-768x432.jpeg 768w, https:\/\/amgrezieu.fr\/wp-content\/uploads\/2022\/03\/WhatsApp-Image-2022-03-12-at-17.52.59-1024x576.jpeg 1024w\" sizes=\"(max-width: 767px) 89vw, (max-width: 1000px) 54vw, (max-width: 1071px) 543px, 580px\" \/> <img loading=\"lazy\" decoding=\"async\" class=\"alignleft size-full wp-image-6160\" src=\"https:\/\/amgrezieu.fr\/wp-content\/uploads\/2022\/03\/WhatsApp-Image-2022-03-12-at-17.53.32.jpeg\" alt=\"\" width=\"768\" height=\"1024\" srcset=\"https:\/\/amgrezieu.fr\/wp-content\/uploads\/2022\/03\/WhatsApp-Image-2022-03-12-at-17.53.32.jpeg 768w, https:\/\/amgrezieu.fr\/wp-content\/uploads\/2022\/03\/WhatsApp-Image-2022-03-12-at-17.53.32-225x300.jpeg 225w\" sizes=\"(max-width: 767px) 89vw, (max-width: 1000px) 54vw, (max-width: 1071px) 543px, 580px\" \/><\/p>\r\n\r\n\r\n\r\n<figure class=\"wp-block-image\"><\/figure>\r\n\r\n\r\n\r\n<figure class=\"wp-block-image\"><\/figure>\r\n\r\n\r\n\r\n<p>Les photos de nos <a href=\"https:\/\/www.flickr.com\/photos\/choraleatc\/albums\">spectacles r\u00e9cents<\/a> et celles de nos <a href=\"http:\/\/amg-photos.magix.net\/tous-les-albums\">spectacles plus anciens<\/a> sont \u00e9galement disponibles.<\/p>\r\n","protected":false},"excerpt":{"rendered":"<p>9 mars 2024 : concert en partenariat avec la chorale Brind&rsquo;Accord. Plus de r\u00e9servations que de places disponibles ! &nbsp; 4 f\u00e9vrier 2023 : reprise de notre spectacle \u00ab\u00a0Retour sur &hellip; <\/p>\n<p class=\"link-more\"><a href=\"https:\/\/amgrezieu.fr\/?page_id=4213\" class=\"more-link\">Continuer la lecture<span class=\"screen-reader-text\"> de &laquo;&nbsp;Les concerts r\u00e9cents d&rsquo;ATC&nbsp;&raquo;<\/span><\/a><\/p>\n","protected":false},"author":1,"featured_media":0,"parent":0,"menu_order":0,"comment_status":"closed","ping_status":"closed","template":"","meta":{"_price":"","_stock":"","_tribe_ticket_header":"","_tribe_default_ticket_provider":"","_tribe_ticket_capacity":"0","_ticket_start_date":"","_ticket_end_date":"","_tribe_ticket_show_description":"","_tribe_ticket_show_not_going":false,"_tribe_ticket_use_global_stock":"","_tribe_ticket_global_stock_level":"","_global_stock_mode":"","_global_stock_cap":"","_tribe_rsvp_for_event":"","_tribe_ticket_going_count":"","_tribe_ticket_not_going_count":"","_tribe_tickets_list":"[]","_tribe_ticket_has_attendee_info_fields":false,"footnotes":"","_tec_slr_enabled":"","_tec_slr_layout":""},"class_list":["post-4213","page","type-page","status-publish","hentry"],"ticketed":false,"_links":{"self":[{"href":"https:\/\/amgrezieu.fr\/index.php?rest_route=\/wp\/v2\/pages\/4213","targetHints":{"allow":["GET"]}}],"collection":[{"href":"https:\/\/amgrezieu.fr\/index.php?rest_route=\/wp\/v2\/pages"}],"about":[{"href":"https:\/\/amgrezieu.fr\/index.php?rest_route=\/wp\/v2\/types\/page"}],"author":[{"embeddable":true,"href":"https:\/\/amgrezieu.fr\/index.php?rest_route=\/wp\/v2\/users\/1"}],"replies":[{"embeddable":true,"href":"https:\/\/amgrezieu.fr\/index.php?rest_route=%2Fwp%2Fv2%2Fcomments&post=4213"}],"version-history":[{"count":20,"href":"https:\/\/amgrezieu.fr\/index.php?rest_route=\/wp\/v2\/pages\/4213\/revisions"}],"predecessor-version":[{"id":8003,"href":"https:\/\/amgrezieu.fr\/index.php?rest_route=\/wp\/v2\/pages\/4213\/revisions\/8003"}],"wp:attachment":[{"href":"https:\/\/amgrezieu.fr\/index.php?rest_route=%2Fwp%2Fv2%2Fmedia&parent=4213"}],"curies":[{"name":"wp","href":"https:\/\/api.w.org\/{rel}","templated":true}]}}