{"id":48,"date":"2014-02-27T22:31:49","date_gmt":"2014-02-27T21:31:49","guid":{"rendered":"http:\/\/cjgl.wordpress-hebergement.fr\/?page_id=48"},"modified":"2024-01-13T11:18:50","modified_gmt":"2024-01-13T10:18:50","slug":"lhistoire","status":"publish","type":"page","link":"https:\/\/amgrezieu.fr\/?page_id=48","title":{"rendered":"L&rsquo;histoire"},"content":{"rendered":"<h6 style=\"text-align: justify;\">Cet article est abondamment illustr\u00e9 par des documents qui ont \u00e9t\u00e9 remis \u00e0 l&rsquo;AMG par M. Jacques Cou\u00ebff\u00e9 : nous souhaitons le remercier chaleureusement de ce don qui fait revivre la longue histoire de l&rsquo;AMG ! Les liens ins\u00e9r\u00e9s dans le texte conduisent \u00e0 des documents fournis pa M. Jacques Cou\u00ebff\u00e9 et num\u00e9ris\u00e9s.<\/h6>\n<p style=\"text-align: justify;\">C&rsquo;est en 1975 qu&rsquo;a \u00e9t\u00e9 cr\u00e9\u00e9e l<strong>&lsquo;<a href=\"http:\/\/amgrezieu.fr\/wp-content\/uploads\/2020\/10\/aticle-1975.jpg\">Association Musicale de Gr\u00e9zieu et de l&rsquo;Ouest Lyonnais<\/a><\/strong>, autour du <strong><a href=\"http:\/\/amgrezieu.fr\/wp-content\/uploads\/2020\/10\/Un-orgue-a-Grezieu.pdf\">projet d&rsquo;achat et d&rsquo;installation d&rsquo;un orgue<\/a><\/strong> dans l&rsquo;\u00e9glise de Gr\u00e9zieu pour remplacer le vieil harmonium, par M. Paul Cou\u00ebff\u00e9, le Dr Tuaillon et beaucoup d&rsquo;autres.<\/p>\n<p>L&rsquo;orgue achet\u00e9 \u00e9tait celui du grand s\u00e9minaie des P\u00e8res du Sacr\u00e9 C\u0153ur de Lyon, construit par Dunant autour de 1965 [<a href=\"http:\/\/amgrezieu.fr\/?page_id=5419\"><strong>photos du d\u00e9montage de l&rsquo;orgue<\/strong><\/a>]<\/p>\n<p style=\"text-align: justify;\">Le financement de l&rsquo;achat et de l&rsquo;installation de l&rsquo;orgue, <a href=\"http:\/\/amgrezieu.fr\/wp-content\/uploads\/2020\/10\/devis-orgue-1975.jpg\"><strong>estim\u00e9 \u00e0 57.500 francs<\/strong><\/a> fut assur\u00e9 par la commune, le Conseil G\u00e9n\u00e9ral, une participation de la paroisse et par une souscription locale : 23.000 francs sont ainsi pr\u00eat\u00e9s sur 10 ans, par tranches de 100 francs. <strong><a href=\"http:\/\/amgrezieu.fr\/wp-content\/uploads\/2020\/10\/remboursement-1977.pdf\">Les remboursements<\/a><\/strong> se firent chaque ann\u00e9e par tirage au sort d&rsquo;un dixi\u00e8me des billets. Certains souscripteurs g\u00e9n\u00e9reux abandonn\u00e8rent leur pr\u00eat \u00e0 l&rsquo;Association, lui permettant ainsi d&rsquo;acheter quelques instruments de musique et de d\u00e9marrer une activit\u00e9 d&rsquo;enseignement musical b\u00e9n\u00e9vole.<\/p>\n<p><a href=\"http:\/\/amgrezieu.fr\/wp-content\/uploads\/2020\/10\/inauguration-orgue-1976.pdf\">L<strong>&lsquo;orgue fut inaugur\u00e9<\/strong><\/a> le 21 mai 1976 par un concert.<\/p>\n<p>En juin 1976 fut sign\u00e9e <a href=\"http:\/\/amgrezieu.fr\/wp-content\/uploads\/2020\/10\/Convention-1976.pdf\"><strong>une convention<\/strong><\/a> entre le municipalit\u00e9, le conseil paroissial et l&rsquo;Association Musicale de Gr\u00e9zieu la Varenne et de l&rsquo;Ouest Lyonnais autorisant la paroisse \u00e0 utiliser l&rsquo;orgue \u00ab\u00a0pour les besoins du culte\u00a0\u00bb, mais donnant \u00e0 \u00ab\u00a0l&rsquo;Association musicale, et elle seule\u00a0\u00bb l&rsquo;usage de l&rsquo;orgue pour organiser des concerts\u00a0\u00bb.<\/p>\n<p style=\"text-align: justify;\">Durant 9 ans, <strong><a href=\"http:\/\/amgrezieu.fr\/wp-content\/uploads\/2020\/10\/concerts-1977.pdf\">l&rsquo;Association organisa des concerts<\/a>,<\/strong> ce qui permit de rembourser les souscripteurs. Ces concerts,\u00a0souvent donn\u00e9s par des artistes confirm\u00e9s, couvraient toutes les p\u00e9riodes de la musique, Couperin, Bach, Haendel,\u00a0 jusqu&rsquo;\u00e0 l&rsquo;\u00e9poque contemporaine : par exemple en d\u00e9cembre 1978 un concert remplissait l&rsquo;\u00e9glise pour un <a href=\"http:\/\/amgrezieu.fr\/wp-content\/uploads\/2020\/10\/concert-Steve-Waring-1978.jpg\"><strong>r\u00e9cital de Steve Waring<\/strong><\/a> pr\u00e9c\u00e9d\u00e9 de morceaux de Buxtehude,\u00a0 Pachelbel et Bach. Les programmes de ces nombreux concerts, conserv\u00e9s par M. Paul Cou\u00ebff\u00e9, Pr\u00e9sident et\u00a0\u00ab\u00a0conseiller musical\u00a0\u00bb de l&rsquo;Association, font aujourd&rsquo;hui partie des archives de l&rsquo;AMG. donn\u00e9s par M Jacques Cou\u00ebff\u00e9,<\/p>\n<p>La convention, qui \u00e9tait valable 15 ans et \u00e9tait donc arriv\u00e9e \u00e0 expiration en 1991, a \u00e9t\u00e9 <a href=\"http:\/\/amgrezieu.fr\/wp-content\/uploads\/2020\/10\/prolonogation-conventiion-1992.pdf\"><strong>reconduite en janvier 1992<\/strong> <\/a>pour un nouveau terme de 15 ans, c&rsquo;est \u00e0 dire jusqu&rsquo;en 2006.<\/p>\n<p>Cependant l&rsquo;AMG avait bien \u00e9volu\u00e9 depuis ses d\u00e9buts : elle avait maintenant \u00ab\u00a0pour but essentiel de donner des cours de solf\u00e8ge et d&rsquo;instruments\u00a0\u00bb et \u00e9tait consciente du fait qu&rsquo;elle n&rsquo;avait \u00ab\u00a0pas la capacit\u00e9 financi\u00e8re d&rsquo;assurer les r\u00e9parations qui pourraient survenir\u00a0\u00bb, ce qui la poussa \u00e0 demander en avril 1995 <a href=\"http:\/\/amgrezieu.fr\/wp-content\/uploads\/2020\/10\/1995-rupture-de-la-convention.jpg\"><strong>une modification de la convention<\/strong><\/a>. Les <a href=\"http:\/\/amgrezieu.fr\/wp-content\/uploads\/2020\/10\/devis-2002.pdf\"><strong>travaux importants<\/strong><\/a> effectu\u00e9s sur l&rsquo;orgue pour un montant de plus de 7.000 euros par Michel Jurine, facteur d&rsquo;orgues, d\u00e9but 2002, montr\u00e8rent l&rsquo;incapacit\u00e9 de l&rsquo;AMG \u00e0 supporter de telles charges.<\/p>\n<p>Tout ceci aboutit bien plus tard, en 2008, \u00e0 la pris en charge de la gestion et de l&rsquo;entretien de l&rsquo;orgue de Gr\u00e9zieu par \u00ab\u00a0L&rsquo;Association ds amis du carillon de Gr\u00e9zieu\u00a0\u00bb, qui devint alors \u00ab\u00a0L&rsquo;Assocation des amis de l&rsquo;orgue et du carillon de Gr\u00e9zieu-la-Varenne\u00a0\u00bb.<\/p>\n<p style=\"text-align: justify;\">L&rsquo;AMG \u00e9tait alors libre de se consacrer \u00e0 son <a href=\"http:\/\/amgrezieu.fr\/wp-content\/uploads\/2020\/10\/nume\u0301risation0031.jpg\"><strong>activit\u00e9 p\u00e9dagogique<\/strong><\/a>, qui commen\u00e7a d\u00e8s 1977 avec des cours de solf\u00e8ge. Cette activit\u00e9 p\u00e9dagogique a vite connu une telle expansion qu&rsquo;en mai 1982 a \u00e9t\u00e9 prise, en Assembl\u00e9e G\u00e9n\u00e9rale, la d\u00e9cision de la structurer : l&rsquo;enseignement allait \u00eatre dispens\u00e9 par des professeurs salari\u00e9s. Le versement de salaires et de charges sociales implique alors que les recettes soient assur\u00e9es de fa\u00e7on r\u00e9guli\u00e8re. Parents d&rsquo;\u00e9l\u00e8ves et professeurs parviennent \u00e0 trouver un accord. La nouvelle structure est op\u00e9rationnelle au d\u00e9but de l&rsquo;ann\u00e9e scolaire 1983-84, avec l&rsquo;aide financi\u00e8re de la Mairie de Gr\u00e9zieu et du Conseil G\u00e9n\u00e9ral.<\/p>\n<p style=\"text-align: justify;\">En 1987, la Mairie de Gr\u00e9zieu renfor\u00e7a son aide, en mettant gracieusement des locaux \u00e0 la disposition de l&rsquo;Association.<\/p>\n<p style=\"text-align: justify;\">En mai 1995, l&rsquo;Assembl\u00e9e G\u00e9n\u00e9rale d\u00e9cida de modifier les statuts et la d\u00e9nomination de l&rsquo;Association : celle-ci devint <span style=\"color: #000000;\">l&rsquo;Association Musicale de Gr\u00e9zieu la Varenne, telle q<\/span>ue nous la connaissons aujourd&rsquo;hui.<\/p>\n<p style=\"text-align: justify;\"><span style=\"color: #000000;\">L&rsquo;Association Musicale de Gr\u00e9zieu la Varenne es<\/span>t une association loi 1901. Son fonctionnement administratif est anim\u00e9 par des b\u00e9n\u00e9voles (voir <strong><a href=\"http:\/\/amgrezieu.fr\/?page_id=1241\">la composition du Bureau<\/a>)<\/strong> et son financement est assur\u00e9 par les cotisations des adh\u00e9rents, le prix des cours et des activit\u00e9s, les concerts payants et les subventions.<\/p>\n<p style=\"text-align: center;\"><span style=\"color: #993300;\"><em>Nous tenons \u00e0 remercier ici la Mairie de Gr\u00e9zieu et le Conseil G\u00e9n\u00e9ral du Rh\u00f4ne pour l&rsquo;aide qu&rsquo;ils apportent \u00e0 l&rsquo;Association.<\/em><\/span><\/p>\n","protected":false},"excerpt":{"rendered":"<p>Cet article est abondamment illustr\u00e9 par des documents qui ont \u00e9t\u00e9 remis \u00e0 l&rsquo;AMG par M. Jacques Cou\u00ebff\u00e9 : nous souhaitons le remercier chaleureusement de ce don qui fait revivre &hellip; <\/p>\n<p class=\"link-more\"><a href=\"https:\/\/amgrezieu.fr\/?page_id=48\" class=\"more-link\">Continuer la lecture<span class=\"screen-reader-text\"> de &laquo;&nbsp;L&rsquo;histoire&nbsp;&raquo;<\/span><\/a><\/p>\n","protected":false},"author":1,"featured_media":0,"parent":41,"menu_order":2,"comment_status":"closed","ping_status":"closed","template":"","meta":{"_price":"","_stock":"","_tribe_ticket_header":"","_tribe_default_ticket_provider":"","_tribe_ticket_capacity":"0","_ticket_start_date":"","_ticket_end_date":"","_tribe_ticket_show_description":"","_tribe_ticket_show_not_going":false,"_tribe_ticket_use_global_stock":"","_tribe_ticket_global_stock_level":"","_global_stock_mode":"","_global_stock_cap":"","_tribe_rsvp_for_event":"","_tribe_ticket_going_count":"","_tribe_ticket_not_going_count":"","_tribe_tickets_list":"[]","_tribe_ticket_has_attendee_info_fields":false,"footnotes":"","_tec_slr_enabled":"","_tec_slr_layout":""},"class_list":["post-48","page","type-page","status-publish","hentry"],"ticketed":false,"_links":{"self":[{"href":"https:\/\/amgrezieu.fr\/index.php?rest_route=\/wp\/v2\/pages\/48","targetHints":{"allow":["GET"]}}],"collection":[{"href":"https:\/\/amgrezieu.fr\/index.php?rest_route=\/wp\/v2\/pages"}],"about":[{"href":"https:\/\/amgrezieu.fr\/index.php?rest_route=\/wp\/v2\/types\/page"}],"author":[{"embeddable":true,"href":"https:\/\/amgrezieu.fr\/index.php?rest_route=\/wp\/v2\/users\/1"}],"replies":[{"embeddable":true,"href":"https:\/\/amgrezieu.fr\/index.php?rest_route=%2Fwp%2Fv2%2Fcomments&post=48"}],"version-history":[{"count":38,"href":"https:\/\/amgrezieu.fr\/index.php?rest_route=\/wp\/v2\/pages\/48\/revisions"}],"predecessor-version":[{"id":7699,"href":"https:\/\/amgrezieu.fr\/index.php?rest_route=\/wp\/v2\/pages\/48\/revisions\/7699"}],"up":[{"embeddable":true,"href":"https:\/\/amgrezieu.fr\/index.php?rest_route=\/wp\/v2\/pages\/41"}],"wp:attachment":[{"href":"https:\/\/amgrezieu.fr\/index.php?rest_route=%2Fwp%2Fv2%2Fmedia&parent=48"}],"curies":[{"name":"wp","href":"https:\/\/api.w.org\/{rel}","templated":true}]}}