{"id":4914,"date":"2020-05-22T21:01:03","date_gmt":"2020-05-22T19:01:03","guid":{"rendered":"http:\/\/amgrezieu.fr\/?page_id=4914"},"modified":"2020-06-01T10:40:41","modified_gmt":"2020-06-01T08:40:41","slug":"cedric-perret-alias-blackwolf-claviers-keyboards","status":"publish","type":"page","link":"https:\/\/amgrezieu.fr\/?page_id=4914","title":{"rendered":"C\u00e9dric Perret (alias Blackwolf) &#8211; claviers (keyboards)"},"content":{"rendered":"\n<ul class=\"wp-block-list\"><li>Professeur de piano et d&rsquo;ensembles dans des \u00e9coles de LYON. a eu plusieurs groupes \u00e0 son actif notamment KEEPERS OF HARMONY, DOLENSIA , THE GREAT BEYOND (premi\u00e8re partie de PAIN OF SALVATION).<\/li><li>Aujourd&rsquo;hui, il se concentre sur son groupe principal: Alien Encounters ainsi que ses projets solo notamment Sancturium et Black currents. <\/li><\/ul>\n\n\n\n<p>C\u00e9dric Perret alias BLACKWOLF fait de la musique depuis l&rsquo;\u00e2ge de 7 ans, a\u00e2ge auquel il commen\u00e7a l&rsquo;instrument qui se nomme orgue \u00e9lectronique. Puis il se mit tr\u00e8s rapidement au synth\u00e9 (son instrument de pr\u00e9dilection) et au piano. Aujourd&rsquo;hui \u00e2g\u00e9 de 43 ans, il a pas mal bourlingu\u00e9 dans le milieu de la musique en faisant de la musique salsa, de la musique \u00e0 textes, un arrangement sur des pi\u00e8ces des ann\u00e9es 20 qui aboutit a un spectacle au th\u00e9\u00e2tre de Vourle et il a eu plusieurs groupes \u00e0 son actif notamment KEEPERS OF HARMONY, un groupe \u00e0 la \u00ab\u00a0rhapsodie\u00a0\u00bb utilisant de vrais instruments classique et du m\u00e9tal. Puis DOLENSIA , un groupe a la Within Temptation&#8230;Mais ce qu&rsquo;il aime par dessus tout et cela depuis l&rsquo;age de 13 ans c&rsquo;est la musique rock, m\u00e9tal, symphonique, aimant composer des pi\u00e8ces a la Tim Burton ou \u00ab\u00a0Pirates des cara\u00efbes\u00a0\u00bb avec du gros son m\u00e9tal &#8230;<\/p>\n\n\n\n<p>Influences : RHAPSODY, WITHIN TEMPTATION, NIGHTWISH, DIMMU BORGIR, DANNY ELFMAN, TIM BURTON, STEPHEN KING , et l&rsquo;autre KING : KING DIAMOND !<\/p>\n\n\n\n<p><br><\/p>\n\n\n\n<figure class=\"wp-block-image\"><img fetchpriority=\"high\" decoding=\"async\" width=\"480\" height=\"720\" src=\"http:\/\/amgrezieu.fr\/wp-content\/uploads\/2020\/05\/222057_220120328002836_100000146110678_1020510_4654273_n.jpg\" alt=\"\" class=\"wp-image-4918\" srcset=\"https:\/\/amgrezieu.fr\/wp-content\/uploads\/2020\/05\/222057_220120328002836_100000146110678_1020510_4654273_n.jpg 480w, https:\/\/amgrezieu.fr\/wp-content\/uploads\/2020\/05\/222057_220120328002836_100000146110678_1020510_4654273_n-200x300.jpg 200w\" sizes=\"(max-width: 480px) 100vw, 480px\" \/><\/figure>\n\n\n\n<figure class=\"wp-block-image\"><img decoding=\"async\" width=\"640\" height=\"960\" src=\"http:\/\/amgrezieu.fr\/wp-content\/uploads\/2020\/05\/moi-en-concert-2.jpg\" alt=\"\" class=\"wp-image-4917\" srcset=\"https:\/\/amgrezieu.fr\/wp-content\/uploads\/2020\/05\/moi-en-concert-2.jpg 640w, https:\/\/amgrezieu.fr\/wp-content\/uploads\/2020\/05\/moi-en-concert-2-200x300.jpg 200w, https:\/\/amgrezieu.fr\/wp-content\/uploads\/2020\/05\/moi-en-concert-2-624x936.jpg 624w\" sizes=\"(max-width: 640px) 100vw, 640px\" \/><\/figure>\n\n\n\n<figure class=\"wp-block-image\"><img decoding=\"async\" width=\"480\" height=\"720\" src=\"http:\/\/amgrezieu.fr\/wp-content\/uploads\/2020\/05\/moi-en-concert.jpg\" alt=\"\" class=\"wp-image-4916\" srcset=\"https:\/\/amgrezieu.fr\/wp-content\/uploads\/2020\/05\/moi-en-concert.jpg 480w, https:\/\/amgrezieu.fr\/wp-content\/uploads\/2020\/05\/moi-en-concert-200x300.jpg 200w\" sizes=\"(max-width: 480px) 100vw, 480px\" \/><\/figure>\n\n\n\n<figure class=\"wp-block-image\"><img loading=\"lazy\" decoding=\"async\" width=\"640\" height=\"960\" src=\"http:\/\/amgrezieu.fr\/wp-content\/uploads\/2020\/05\/Moi-chez-les-aliens.jpg\" alt=\"\" class=\"wp-image-4915\" srcset=\"https:\/\/amgrezieu.fr\/wp-content\/uploads\/2020\/05\/Moi-chez-les-aliens.jpg 640w, https:\/\/amgrezieu.fr\/wp-content\/uploads\/2020\/05\/Moi-chez-les-aliens-200x300.jpg 200w, https:\/\/amgrezieu.fr\/wp-content\/uploads\/2020\/05\/Moi-chez-les-aliens-624x936.jpg 624w\" sizes=\"(max-width: 640px) 100vw, 640px\" \/><\/figure>\n\n\n\n<p><a href=\"http:\/\/amgrezieu.fr\/?page_id=50\">Retour \u00e0 l&rsquo;\u00e9quipe p\u00e9dagogique<\/a><br><\/p>\n","protected":false},"excerpt":{"rendered":"<p>Professeur de piano et d&rsquo;ensembles dans des \u00e9coles de LYON. a eu plusieurs groupes \u00e0 son actif notamment KEEPERS OF HARMONY, DOLENSIA , THE GREAT BEYOND (premi\u00e8re partie de PAIN &hellip; <\/p>\n<p class=\"link-more\"><a href=\"https:\/\/amgrezieu.fr\/?page_id=4914\" class=\"more-link\">Continuer la lecture<span class=\"screen-reader-text\"> de &laquo;&nbsp;C\u00e9dric Perret (alias Blackwolf) &#8211; claviers (keyboards)&nbsp;&raquo;<\/span><\/a><\/p>\n","protected":false},"author":1,"featured_media":0,"parent":0,"menu_order":0,"comment_status":"closed","ping_status":"closed","template":"page-templates\/full-width.php","meta":{"_price":"","_stock":"","_tribe_ticket_header":"","_tribe_default_ticket_provider":"","_tribe_ticket_capacity":"0","_ticket_start_date":"","_ticket_end_date":"","_tribe_ticket_show_description":"","_tribe_ticket_show_not_going":false,"_tribe_ticket_use_global_stock":"","_tribe_ticket_global_stock_level":"","_global_stock_mode":"","_global_stock_cap":"","_tribe_rsvp_for_event":"","_tribe_ticket_going_count":"","_tribe_ticket_not_going_count":"","_tribe_tickets_list":"[]","_tribe_ticket_has_attendee_info_fields":false,"footnotes":"","_tec_slr_enabled":"","_tec_slr_layout":""},"class_list":["post-4914","page","type-page","status-publish","hentry"],"ticketed":false,"_links":{"self":[{"href":"https:\/\/amgrezieu.fr\/index.php?rest_route=\/wp\/v2\/pages\/4914","targetHints":{"allow":["GET"]}}],"collection":[{"href":"https:\/\/amgrezieu.fr\/index.php?rest_route=\/wp\/v2\/pages"}],"about":[{"href":"https:\/\/amgrezieu.fr\/index.php?rest_route=\/wp\/v2\/types\/page"}],"author":[{"embeddable":true,"href":"https:\/\/amgrezieu.fr\/index.php?rest_route=\/wp\/v2\/users\/1"}],"replies":[{"embeddable":true,"href":"https:\/\/amgrezieu.fr\/index.php?rest_route=%2Fwp%2Fv2%2Fcomments&post=4914"}],"version-history":[{"count":4,"href":"https:\/\/amgrezieu.fr\/index.php?rest_route=\/wp\/v2\/pages\/4914\/revisions"}],"predecessor-version":[{"id":4929,"href":"https:\/\/amgrezieu.fr\/index.php?rest_route=\/wp\/v2\/pages\/4914\/revisions\/4929"}],"wp:attachment":[{"href":"https:\/\/amgrezieu.fr\/index.php?rest_route=%2Fwp%2Fv2%2Fmedia&parent=4914"}],"curies":[{"name":"wp","href":"https:\/\/api.w.org\/{rel}","templated":true}]}}