{"id":50,"date":"2014-02-27T22:32:01","date_gmt":"2014-02-27T21:32:01","guid":{"rendered":"http:\/\/cjgl.wordpress-hebergement.fr\/?page_id=50"},"modified":"2025-11-02T17:05:17","modified_gmt":"2025-11-02T16:05:17","slug":"lequipe","status":"publish","type":"page","link":"https:\/\/amgrezieu.fr\/?page_id=50","title":{"rendered":"L&rsquo;\u00e9quipe P\u00e9dagogique :"},"content":{"rendered":"<h4 style=\"padding-left: 30px;\"><\/h4>\n<table style=\"height: 1422px;\" border=\"1\" width=\"583\" cellspacing=\"2\" cellpadding=\"2\">\n<tbody>\n<tr>\n<td>\n<p style=\"text-align: center;\">\u00a0<span style=\"color: #800000;\"><strong>DOMINIQUE POUILHE\u00a0 &#8211;\u00a0 EVEIL et Formation Musicale<\/strong><br \/>\nDFE de Formation et d&rsquo;Analyse Musicale. Dominique aime\u00a0 transmettre la musique,\u00a0 <\/span><span style=\"color: #800000;\">\u00a0quel que soit le profil de l&rsquo;\u00e9l\u00e8ve<\/span>\u00a0!<img fetchpriority=\"high\" decoding=\"async\" class=\"alignleft size-full wp-image-8163\" src=\"https:\/\/amgrezieu.fr\/wp-content\/uploads\/2024\/07\/20240602_154905a-scaled.jpg\" alt=\"\" width=\"2560\" height=\"1303\" srcset=\"https:\/\/amgrezieu.fr\/wp-content\/uploads\/2024\/07\/20240602_154905a-scaled.jpg 2560w, https:\/\/amgrezieu.fr\/wp-content\/uploads\/2024\/07\/20240602_154905a-300x153.jpg 300w, https:\/\/amgrezieu.fr\/wp-content\/uploads\/2024\/07\/20240602_154905a-1024x521.jpg 1024w, https:\/\/amgrezieu.fr\/wp-content\/uploads\/2024\/07\/20240602_154905a-768x391.jpg 768w, https:\/\/amgrezieu.fr\/wp-content\/uploads\/2024\/07\/20240602_154905a-1536x782.jpg 1536w, https:\/\/amgrezieu.fr\/wp-content\/uploads\/2024\/07\/20240602_154905a-2048x1043.jpg 2048w\" sizes=\"(max-width: 767px) 89vw, (max-width: 1000px) 54vw, (max-width: 1071px) 543px, 580px\" \/><\/p>\n<p>______________________________________________________________________________________<\/p>\n<p style=\"text-align: center;\">\u00a0<strong>PHILIPPE BERTHOU &#8211; BATTERIE et DJEMBE<\/strong><\/p>\n<p>Philippe est dipl\u00f4m\u00e9 de l\u2019\u00e9cole SONOR (1er prix m\u00e9daille d\u2019or et dipl\u00f4me d\u2019excellence) et de l\u2019\u00e9cole AGOSTINI, premi\u00e8re \u00e9cole europ\u00e9enne de batterie. Sp\u00e9cialis\u00e9 dans la musique latine (cubain, br\u00e9silien, carib\u00e9en), il enseigne aussi les styles les plus pratiqu\u00e9s tels que le rock, la funk, le blues ou le jazz.<\/p>\n<p><a style=\"color: #000000;\" href=\"https:\/\/amgrezieu.fr\/wp-content\/uploads\/2024\/01\/PARCOURS-DE-PHILIPPE.pdf\">PARCOURS DE PHILIPPE<\/a><\/p>\n<p><img decoding=\"async\" class=\"alignleft wp-image-8134 size-full\" src=\"https:\/\/amgrezieu.fr\/wp-content\/uploads\/2024\/06\/20240614_190032-scaled.jpg\" alt=\"\" width=\"2560\" height=\"1602\" srcset=\"https:\/\/amgrezieu.fr\/wp-content\/uploads\/2024\/06\/20240614_190032-scaled.jpg 2560w, https:\/\/amgrezieu.fr\/wp-content\/uploads\/2024\/06\/20240614_190032-300x188.jpg 300w, https:\/\/amgrezieu.fr\/wp-content\/uploads\/2024\/06\/20240614_190032-1024x641.jpg 1024w, https:\/\/amgrezieu.fr\/wp-content\/uploads\/2024\/06\/20240614_190032-768x480.jpg 768w, https:\/\/amgrezieu.fr\/wp-content\/uploads\/2024\/06\/20240614_190032-1536x961.jpg 1536w, https:\/\/amgrezieu.fr\/wp-content\/uploads\/2024\/06\/20240614_190032-2048x1281.jpg 2048w\" sizes=\"(max-width: 767px) 89vw, (max-width: 1000px) 54vw, (max-width: 1071px) 543px, 580px\" \/><\/td>\n<\/tr>\n<tr>\n<td>______________________________________________________________________________________<\/p>\n<p style=\"text-align: center;\"><b>GA\u00cbLLE CASTOR &#8211; VIOLON\/ALTO<\/b><\/p>\n<\/td>\n<\/tr>\n<tr>\n<td><strong><img decoding=\"async\" class=\"alignleft size-full wp-image-8084\" src=\"https:\/\/amgrezieu.fr\/wp-content\/uploads\/2024\/06\/IMG_3642-scaled.jpg\" alt=\"\" width=\"2560\" height=\"833\" srcset=\"https:\/\/amgrezieu.fr\/wp-content\/uploads\/2024\/06\/IMG_3642-scaled.jpg 2560w, https:\/\/amgrezieu.fr\/wp-content\/uploads\/2024\/06\/IMG_3642-300x98.jpg 300w, https:\/\/amgrezieu.fr\/wp-content\/uploads\/2024\/06\/IMG_3642-1024x333.jpg 1024w, https:\/\/amgrezieu.fr\/wp-content\/uploads\/2024\/06\/IMG_3642-768x250.jpg 768w, https:\/\/amgrezieu.fr\/wp-content\/uploads\/2024\/06\/IMG_3642-1536x500.jpg 1536w, https:\/\/amgrezieu.fr\/wp-content\/uploads\/2024\/06\/IMG_3642-2048x667.jpg 2048w\" sizes=\"(max-width: 767px) 89vw, (max-width: 1000px) 54vw, (max-width: 1071px) 543px, 580px\" \/><\/strong><\/p>\n<p>&nbsp;<\/p>\n<p>Cours les lundis et\u00a0 jeudis soir.\u00a0 P\u00e9dagogie Suzuki<\/p>\n<p style=\"text-align: center;\"><a href=\"http:\/\/amgrezieu.fr\/wp-content\/uploads\/2015\/06\/P%C3%83%C2%A9dagogie-Suzuki-pr%C3%83%C2%A9sentation.pdf\" target=\"_blank\" rel=\"noopener noreferrer\">Document de pr\u00e9sentation de la P\u00e9dagogie Suzuki<\/a><br \/>\n<a href=\"http:\/\/www.afpedagogiesuzuki.fr\/\" target=\"_blank\" rel=\"noopener noreferrer\">Site de l&rsquo;Association Fran\u00e7aise pour la P\u00e9dagogie Suzuki<\/a><\/p>\n<p>______________________________________________________________________<\/p>\n<p style=\"text-align: center;\"><b>REMI THONNERIEUX &#8211; GUITARE\/BASSE<\/b><\/p>\n<\/td>\n<\/tr>\n<tr>\n<td style=\"text-align: left;\"><strong><img loading=\"lazy\" decoding=\"async\" class=\"alignleft size-full wp-image-8092\" src=\"https:\/\/amgrezieu.fr\/wp-content\/uploads\/2024\/06\/20240602_175150-scaled.jpg\" alt=\"\" width=\"2560\" height=\"1441\" srcset=\"https:\/\/amgrezieu.fr\/wp-content\/uploads\/2024\/06\/20240602_175150-scaled.jpg 2560w, https:\/\/amgrezieu.fr\/wp-content\/uploads\/2024\/06\/20240602_175150-300x169.jpg 300w, https:\/\/amgrezieu.fr\/wp-content\/uploads\/2024\/06\/20240602_175150-1024x577.jpg 1024w, https:\/\/amgrezieu.fr\/wp-content\/uploads\/2024\/06\/20240602_175150-768x432.jpg 768w, https:\/\/amgrezieu.fr\/wp-content\/uploads\/2024\/06\/20240602_175150-1536x865.jpg 1536w, https:\/\/amgrezieu.fr\/wp-content\/uploads\/2024\/06\/20240602_175150-2048x1153.jpg 2048w\" sizes=\"(max-width: 767px) 89vw, (max-width: 1000px) 54vw, (max-width: 1071px) 543px, 580px\" \/><\/strong><br \/>\nGUITARE (Tous niveaux, tous styles)<br \/>\nBASSE (Niveau Interm\u00e9diaire, tous styles)<br \/>\nATELIER GROUPE : Management . Composition . Coordination . Coh\u00e9sion Artistique<br \/>\nMAO : Composition . Enregistrement . Mixage . Mastering . Cr\u00e9ation d\u2019une Session Live.<br \/>\n<a href=\"https:\/\/amgrezieu.fr\/?page_id=6206\"><strong>Biographie et photos<\/strong><\/a>______________________________________________________________________<\/td>\n<\/tr>\n<tr>\n<td>______________________________________________________________________________________<\/p>\n<p style=\"text-align: center;\"><strong>FREDERIC BOLLA &#8211; GUITARE<\/strong><\/p>\n<\/td>\n<\/tr>\n<tr>\n<td style=\"text-align: left;\">\n<p style=\"text-align: center;\"><img loading=\"lazy\" decoding=\"async\" class=\"alignleft size-full wp-image-8091\" src=\"https:\/\/amgrezieu.fr\/wp-content\/uploads\/2024\/06\/20240602_174010-frame-at-1m54s.jpg\" alt=\"\" width=\"1920\" height=\"1080\" srcset=\"https:\/\/amgrezieu.fr\/wp-content\/uploads\/2024\/06\/20240602_174010-frame-at-1m54s.jpg 1920w, https:\/\/amgrezieu.fr\/wp-content\/uploads\/2024\/06\/20240602_174010-frame-at-1m54s-300x169.jpg 300w, https:\/\/amgrezieu.fr\/wp-content\/uploads\/2024\/06\/20240602_174010-frame-at-1m54s-1024x576.jpg 1024w, https:\/\/amgrezieu.fr\/wp-content\/uploads\/2024\/06\/20240602_174010-frame-at-1m54s-768x432.jpg 768w, https:\/\/amgrezieu.fr\/wp-content\/uploads\/2024\/06\/20240602_174010-frame-at-1m54s-1536x864.jpg 1536w\" sizes=\"(max-width: 767px) 89vw, (max-width: 1000px) 54vw, (max-width: 1071px) 543px, 580px\" \/><strong>Fr\u00e9d\u00e9ric Bolla<\/strong> : Guitare classique &amp; \u00e9lectrique<br \/>\nFormation Jazz et Rock ; Niveau D.E.M de guitare classique au conservatoire de St Etienne ; Co-fondateur du groupe <a href=\"http:\/\/couleurs.du.sud.site.free.fr\/\" target=\"_blank\" rel=\"noopener noreferrer\">Couleurs du sud.<\/a><\/p>\n<p style=\"text-align: center;\"><a href=\"http:\/\/amgrezieu.fr\/?page_id=5070\"><strong>Biographie, photos et enregistrements<\/strong><\/a><\/p>\n<p>______________________________________________________________________________________<\/p>\n<p style=\"text-align: center;\"><b>CEDRIC PERRET<\/b><strong> &#8211;\u00a0 Clavier, Piano, Ateliers<\/strong><\/p>\n<\/td>\n<\/tr>\n<tr>\n<td>\n<p style=\"text-align: center;\"><b><img loading=\"lazy\" decoding=\"async\" class=\"alignleft size-full wp-image-8167\" src=\"https:\/\/amgrezieu.fr\/wp-content\/uploads\/2024\/07\/20240602_165012-scaled.jpg\" alt=\"\" width=\"2560\" height=\"1196\" srcset=\"https:\/\/amgrezieu.fr\/wp-content\/uploads\/2024\/07\/20240602_165012-scaled.jpg 2560w, https:\/\/amgrezieu.fr\/wp-content\/uploads\/2024\/07\/20240602_165012-300x140.jpg 300w, https:\/\/amgrezieu.fr\/wp-content\/uploads\/2024\/07\/20240602_165012-1024x478.jpg 1024w, https:\/\/amgrezieu.fr\/wp-content\/uploads\/2024\/07\/20240602_165012-768x359.jpg 768w, https:\/\/amgrezieu.fr\/wp-content\/uploads\/2024\/07\/20240602_165012-1536x717.jpg 1536w, https:\/\/amgrezieu.fr\/wp-content\/uploads\/2024\/07\/20240602_165012-2048x956.jpg 2048w\" sizes=\"(max-width: 767px) 89vw, (max-width: 1000px) 54vw, (max-width: 1071px) 543px, 580px\" \/><\/b><br \/>\nMusicologie, ENM, CFEM de Solf\u00e8ge et niveau DEM de clavier.<br \/>\nArrangeur et compositeur.<br \/>\n<strong><a href=\"http:\/\/amgrezieu.fr\/?page_id=4914\">Biographie et photos<\/a><\/strong><\/p>\n<p>_____________________________________________________________________________________<\/td>\n<\/tr>\n<tr>\n<td>\n<p style=\"text-align: center;\"><strong>DOMINIQUE POUILHE : CHEF DE CHOEUR <img loading=\"lazy\" decoding=\"async\" class=\"alignleft wp-image-8001\" src=\"https:\/\/amgrezieu.fr\/wp-content\/uploads\/2024\/05\/IMG-20240310-WA0008.jpg\" alt=\"\" width=\"743\" height=\"418\" srcset=\"https:\/\/amgrezieu.fr\/wp-content\/uploads\/2024\/05\/IMG-20240310-WA0008.jpg 1600w, https:\/\/amgrezieu.fr\/wp-content\/uploads\/2024\/05\/IMG-20240310-WA0008-300x169.jpg 300w, https:\/\/amgrezieu.fr\/wp-content\/uploads\/2024\/05\/IMG-20240310-WA0008-1024x576.jpg 1024w, https:\/\/amgrezieu.fr\/wp-content\/uploads\/2024\/05\/IMG-20240310-WA0008-768x432.jpg 768w, https:\/\/amgrezieu.fr\/wp-content\/uploads\/2024\/05\/IMG-20240310-WA0008-1536x864.jpg 1536w\" sizes=\"(max-width: 706px) 89vw, (max-width: 767px) 82vw, 740px\" \/><\/strong><\/p>\n<p>&nbsp;<\/p>\n<p>&nbsp;<\/p>\n<p>&nbsp;<\/p>\n<p>&nbsp;<\/p>\n<p>&nbsp;<\/p>\n<p>&nbsp;<\/p>\n<p>&nbsp;<\/td>\n<\/tr>\n<\/tbody>\n<\/table>\n<p><span style=\"font-size: 1rem; text-align: center;\">Dominique est Chef de Choeur de la Chorale \u00ab\u00a0A TRAVERS CHANTS\u00a0\u00bb de notre association musicale depuis 3 ans ! La chorale est compos\u00e9e de 40 choristes \u00e0 ce jour, accompagn\u00e9e de 6 musiciens, tous amateurs .<\/span><\/p>\n","protected":false},"excerpt":{"rendered":"<p>\u00a0DOMINIQUE POUILHE\u00a0 &#8211;\u00a0 EVEIL et Formation Musicale DFE de Formation et d&rsquo;Analyse Musicale. Dominique aime\u00a0 transmettre la musique,\u00a0 \u00a0quel que soit le profil de l&rsquo;\u00e9l\u00e8ve\u00a0! ______________________________________________________________________________________ \u00a0PHILIPPE BERTHOU &#8211; BATTERIE &hellip; <\/p>\n<p class=\"link-more\"><a href=\"https:\/\/amgrezieu.fr\/?page_id=50\" class=\"more-link\">Continuer la lecture<span class=\"screen-reader-text\"> de &laquo;&nbsp;L&rsquo;\u00e9quipe P\u00e9dagogique :&nbsp;&raquo;<\/span><\/a><\/p>\n","protected":false},"author":1,"featured_media":0,"parent":41,"menu_order":3,"comment_status":"closed","ping_status":"closed","template":"","meta":{"_price":"","_stock":"","_tribe_ticket_header":"","_tribe_default_ticket_provider":"","_tribe_ticket_capacity":"0","_ticket_start_date":"","_ticket_end_date":"","_tribe_ticket_show_description":"","_tribe_ticket_show_not_going":false,"_tribe_ticket_use_global_stock":"","_tribe_ticket_global_stock_level":"","_global_stock_mode":"","_global_stock_cap":"","_tribe_rsvp_for_event":"","_tribe_ticket_going_count":"","_tribe_ticket_not_going_count":"","_tribe_tickets_list":"[]","_tribe_ticket_has_attendee_info_fields":false,"footnotes":"","_tec_slr_enabled":"","_tec_slr_layout":""},"class_list":["post-50","page","type-page","status-publish","hentry"],"ticketed":false,"_links":{"self":[{"href":"https:\/\/amgrezieu.fr\/index.php?rest_route=\/wp\/v2\/pages\/50","targetHints":{"allow":["GET"]}}],"collection":[{"href":"https:\/\/amgrezieu.fr\/index.php?rest_route=\/wp\/v2\/pages"}],"about":[{"href":"https:\/\/amgrezieu.fr\/index.php?rest_route=\/wp\/v2\/types\/page"}],"author":[{"embeddable":true,"href":"https:\/\/amgrezieu.fr\/index.php?rest_route=\/wp\/v2\/users\/1"}],"replies":[{"embeddable":true,"href":"https:\/\/amgrezieu.fr\/index.php?rest_route=%2Fwp%2Fv2%2Fcomments&post=50"}],"version-history":[{"count":142,"href":"https:\/\/amgrezieu.fr\/index.php?rest_route=\/wp\/v2\/pages\/50\/revisions"}],"predecessor-version":[{"id":9008,"href":"https:\/\/amgrezieu.fr\/index.php?rest_route=\/wp\/v2\/pages\/50\/revisions\/9008"}],"up":[{"embeddable":true,"href":"https:\/\/amgrezieu.fr\/index.php?rest_route=\/wp\/v2\/pages\/41"}],"wp:attachment":[{"href":"https:\/\/amgrezieu.fr\/index.php?rest_route=%2Fwp%2Fv2%2Fmedia&parent=50"}],"curies":[{"name":"wp","href":"https:\/\/api.w.org\/{rel}","templated":true}]}}