{"id":5008,"date":"2020-06-04T12:06:17","date_gmt":"2020-06-04T10:06:17","guid":{"rendered":"http:\/\/amgrezieu.fr\/?page_id=5008"},"modified":"2020-06-06T11:25:13","modified_gmt":"2020-06-06T09:25:13","slug":"jacques-coueffe-piano-chant-trompette-cor","status":"publish","type":"page","link":"https:\/\/amgrezieu.fr\/?page_id=5008","title":{"rendered":"Jacques Coueff\u00e9 &#8211; piano, chant, trompette, cor"},"content":{"rendered":"\n<div class=\"wp-block-image\"><figure class=\"aligncenter\"><img loading=\"lazy\" decoding=\"async\" width=\"252\" height=\"249\" src=\"http:\/\/amgrezieu.fr\/wp-content\/uploads\/2020\/06\/Jacques-Coueffe.jpg\" alt=\"\" class=\"wp-image-5010\"\/><\/figure><\/div>\n\n\n\n<p>Jacques Coueff\u00e9 a \u00e9tudi\u00e9 le piano, la trompette, le cor et le chant \u00e0 Lyon, Boulogne-Billancourt et Paris. Il a fait partie de l&rsquo;ensemble hamonique de la Ville de Lyon et du Quintette \u00e0 vent de cet ensemble, du ch\u0153ur de chambre de l&rsquo;Orchestre National de Lyon, du ch\u0153ur atlier du Conservatoire Nationale Sup\u00e9rieur de Musique (CNSM) de Lyon et du ch\u0153ur baroque \u00ab\u00a0Cartatio de Gen\u00e8ve. Il a chant\u00e9 en soliste avec ch\u0153urs et orchestres et est \u00e9galement compositeur.<\/p>\n\n\n\n<p>Il dirige depuis plusieurs ann\u00e9es deux ensembles vocaux et enseigne depuis 1981 \u00e0 Saint-Genis-Laval, d&rsquo;abord au Comit\u00e9 Pour Nos Gosses (CPNG) puis au CMA. Il enseigne \u00e0 l&rsquo;AMG depuis 1979.<\/p>\n\n\n\n<figure class=\"wp-block-image\"><img loading=\"lazy\" decoding=\"async\" width=\"562\" height=\"1000\" src=\"http:\/\/amgrezieu.fr\/wp-content\/uploads\/2020\/06\/IMG_1454.jpg\" alt=\"\" class=\"wp-image-5033\" srcset=\"https:\/\/amgrezieu.fr\/wp-content\/uploads\/2020\/06\/IMG_1454.jpg 562w, https:\/\/amgrezieu.fr\/wp-content\/uploads\/2020\/06\/IMG_1454-169x300.jpg 169w\" sizes=\"auto, (max-width: 562px) 100vw, 562px\" \/><\/figure>\n\n\n\n<figure class=\"wp-block-image\"><img loading=\"lazy\" decoding=\"async\" width=\"1024\" height=\"723\" src=\"http:\/\/amgrezieu.fr\/wp-content\/uploads\/2020\/06\/IMG_1457-1024x723.jpg\" alt=\"\" class=\"wp-image-5048\" srcset=\"https:\/\/amgrezieu.fr\/wp-content\/uploads\/2020\/06\/IMG_1457-1024x723.jpg 1024w, https:\/\/amgrezieu.fr\/wp-content\/uploads\/2020\/06\/IMG_1457-300x212.jpg 300w, https:\/\/amgrezieu.fr\/wp-content\/uploads\/2020\/06\/IMG_1457-768x542.jpg 768w, https:\/\/amgrezieu.fr\/wp-content\/uploads\/2020\/06\/IMG_1457-624x441.jpg 624w, https:\/\/amgrezieu.fr\/wp-content\/uploads\/2020\/06\/IMG_1457.jpg 1102w\" sizes=\"auto, (max-width: 767px) 89vw, (max-width: 1000px) 54vw, (max-width: 1071px) 543px, 580px\" \/><\/figure>\n\n\n\n<figure class=\"wp-block-image\"><img loading=\"lazy\" decoding=\"async\" width=\"1024\" height=\"586\" src=\"http:\/\/amgrezieu.fr\/wp-content\/uploads\/2020\/06\/IMG_1458-1024x586.jpg\" alt=\"\" class=\"wp-image-5047\" srcset=\"https:\/\/amgrezieu.fr\/wp-content\/uploads\/2020\/06\/IMG_1458-1024x586.jpg 1024w, https:\/\/amgrezieu.fr\/wp-content\/uploads\/2020\/06\/IMG_1458-300x172.jpg 300w, https:\/\/amgrezieu.fr\/wp-content\/uploads\/2020\/06\/IMG_1458-768x440.jpg 768w, https:\/\/amgrezieu.fr\/wp-content\/uploads\/2020\/06\/IMG_1458-624x357.jpg 624w, https:\/\/amgrezieu.fr\/wp-content\/uploads\/2020\/06\/IMG_1458.jpg 1114w\" sizes=\"auto, (max-width: 767px) 89vw, (max-width: 1000px) 54vw, (max-width: 1071px) 543px, 580px\" \/><\/figure>\n\n\n\n<figure class=\"wp-block-image\"><img loading=\"lazy\" decoding=\"async\" width=\"808\" height=\"712\" src=\"http:\/\/amgrezieu.fr\/wp-content\/uploads\/2020\/06\/Jacques-Coueffe-enfant.jpg\" alt=\"\" class=\"wp-image-5038\" srcset=\"https:\/\/amgrezieu.fr\/wp-content\/uploads\/2020\/06\/Jacques-Coueffe-enfant.jpg 808w, https:\/\/amgrezieu.fr\/wp-content\/uploads\/2020\/06\/Jacques-Coueffe-enfant-300x264.jpg 300w, https:\/\/amgrezieu.fr\/wp-content\/uploads\/2020\/06\/Jacques-Coueffe-enfant-768x677.jpg 768w, https:\/\/amgrezieu.fr\/wp-content\/uploads\/2020\/06\/Jacques-Coueffe-enfant-624x550.jpg 624w\" sizes=\"auto, (max-width: 767px) 89vw, (max-width: 1000px) 54vw, (max-width: 1071px) 543px, 580px\" \/><\/figure>\n\n\n\n<h3 class=\"wp-block-heading\">D\u00e9j\u00e0 tout petit, Jacques Coueff\u00e9 \u00e9tait un passionn\u00e9 de musique !<br><\/h3>\n","protected":false},"excerpt":{"rendered":"<p>Jacques Coueff\u00e9 a \u00e9tudi\u00e9 le piano, la trompette, le cor et le chant \u00e0 Lyon, Boulogne-Billancourt et Paris. Il a fait partie de l&rsquo;ensemble hamonique de la Ville de Lyon &hellip; <\/p>\n<p class=\"link-more\"><a href=\"https:\/\/amgrezieu.fr\/?page_id=5008\" class=\"more-link\">Continuer la lecture<span class=\"screen-reader-text\"> de &laquo;&nbsp;Jacques Coueff\u00e9 &#8211; piano, chant, trompette, cor&nbsp;&raquo;<\/span><\/a><\/p>\n","protected":false},"author":1,"featured_media":0,"parent":0,"menu_order":0,"comment_status":"closed","ping_status":"closed","template":"page-templates\/full-width.php","meta":{"_price":"","_stock":"","_tribe_ticket_header":"","_tribe_default_ticket_provider":"","_tribe_ticket_capacity":"0","_ticket_start_date":"","_ticket_end_date":"","_tribe_ticket_show_description":"","_tribe_ticket_show_not_going":false,"_tribe_ticket_use_global_stock":"","_tribe_ticket_global_stock_level":"","_global_stock_mode":"","_global_stock_cap":"","_tribe_rsvp_for_event":"","_tribe_ticket_going_count":"","_tribe_ticket_not_going_count":"","_tribe_tickets_list":"[]","_tribe_ticket_has_attendee_info_fields":false,"footnotes":"","_tec_slr_enabled":"","_tec_slr_layout":""},"class_list":["post-5008","page","type-page","status-publish","hentry"],"ticketed":false,"_links":{"self":[{"href":"https:\/\/amgrezieu.fr\/index.php?rest_route=\/wp\/v2\/pages\/5008","targetHints":{"allow":["GET"]}}],"collection":[{"href":"https:\/\/amgrezieu.fr\/index.php?rest_route=\/wp\/v2\/pages"}],"about":[{"href":"https:\/\/amgrezieu.fr\/index.php?rest_route=\/wp\/v2\/types\/page"}],"author":[{"embeddable":true,"href":"https:\/\/amgrezieu.fr\/index.php?rest_route=\/wp\/v2\/users\/1"}],"replies":[{"embeddable":true,"href":"https:\/\/amgrezieu.fr\/index.php?rest_route=%2Fwp%2Fv2%2Fcomments&post=5008"}],"version-history":[{"count":6,"href":"https:\/\/amgrezieu.fr\/index.php?rest_route=\/wp\/v2\/pages\/5008\/revisions"}],"predecessor-version":[{"id":5049,"href":"https:\/\/amgrezieu.fr\/index.php?rest_route=\/wp\/v2\/pages\/5008\/revisions\/5049"}],"wp:attachment":[{"href":"https:\/\/amgrezieu.fr\/index.php?rest_route=%2Fwp%2Fv2%2Fmedia&parent=5008"}],"curies":[{"name":"wp","href":"https:\/\/api.w.org\/{rel}","templated":true}]}}