{"id":5070,"date":"2020-06-18T18:25:54","date_gmt":"2020-06-18T16:25:54","guid":{"rendered":"http:\/\/amgrezieu.fr\/?page_id=5070"},"modified":"2020-06-18T20:58:38","modified_gmt":"2020-06-18T18:58:38","slug":"frederic-bolla-guitare-classique-electrique","status":"publish","type":"page","link":"https:\/\/amgrezieu.fr\/?page_id=5070","title":{"rendered":"Fr\u00e9d\u00e9ric Bolla &#8211; guitare classique &#038; \u00e9lectrique"},"content":{"rendered":"\n<ul class=\"wp-block-list\"><li>Formation Jazz et Rock<\/li><li>Niveau D.E.M de guitare classique au conservatoire de St Etienne<\/li><li>Co-fondateur du groupe <a rel=\"noreferrer noopener\" href=\"http:\/\/couleurs.du.sud.site.free.fr\/\" target=\"_blank\">Couleurs du sud.<\/a><\/li><\/ul>\n\n\n\n<p>Le groupe Couleurs du sud donnera deux concerts dans la salle Interval dans le cadre du Festival Inter&rsquo;val 2020 :  le 5 septembre en premi\u00e8re partie de Maestrio \u00a0et \u00a0J F\u00e9lix Lalanne \u00a0et le 12 septembre avec Celtic Wind.<\/p>\n\n\n\n<figure class=\"wp-block-image\"><img fetchpriority=\"high\" decoding=\"async\" width=\"983\" height=\"567\" src=\"http:\/\/amgrezieu.fr\/wp-content\/uploads\/2020\/06\/Image-du-Presse-papiers.jpg\" alt=\"\" class=\"wp-image-5072\" srcset=\"https:\/\/amgrezieu.fr\/wp-content\/uploads\/2020\/06\/Image-du-Presse-papiers.jpg 983w, https:\/\/amgrezieu.fr\/wp-content\/uploads\/2020\/06\/Image-du-Presse-papiers-300x173.jpg 300w, https:\/\/amgrezieu.fr\/wp-content\/uploads\/2020\/06\/Image-du-Presse-papiers-768x443.jpg 768w, https:\/\/amgrezieu.fr\/wp-content\/uploads\/2020\/06\/Image-du-Presse-papiers-624x360.jpg 624w\" sizes=\"(max-width: 767px) 89vw, (max-width: 1000px) 54vw, (max-width: 1071px) 543px, 580px\" \/><\/figure>\n\n\n\n<figure class=\"wp-block-image\"><img decoding=\"async\" width=\"834\" height=\"632\" src=\"http:\/\/amgrezieu.fr\/wp-content\/uploads\/2020\/06\/Capture-d\u2019e\u0301cran-2020-06-18-a\u0300-17.47.24.jpg\" alt=\"\" class=\"wp-image-5073\" srcset=\"https:\/\/amgrezieu.fr\/wp-content\/uploads\/2020\/06\/Capture-d\u2019e\u0301cran-2020-06-18-a\u0300-17.47.24.jpg 834w, https:\/\/amgrezieu.fr\/wp-content\/uploads\/2020\/06\/Capture-d\u2019e\u0301cran-2020-06-18-a\u0300-17.47.24-300x227.jpg 300w, https:\/\/amgrezieu.fr\/wp-content\/uploads\/2020\/06\/Capture-d\u2019e\u0301cran-2020-06-18-a\u0300-17.47.24-768x582.jpg 768w, https:\/\/amgrezieu.fr\/wp-content\/uploads\/2020\/06\/Capture-d\u2019e\u0301cran-2020-06-18-a\u0300-17.47.24-624x473.jpg 624w\" sizes=\"(max-width: 767px) 89vw, (max-width: 1000px) 54vw, (max-width: 1071px) 543px, 580px\" \/><\/figure>\n\n\n\n<figure class=\"wp-block-image\"><img decoding=\"async\" width=\"591\" height=\"713\" src=\"http:\/\/amgrezieu.fr\/wp-content\/uploads\/2020\/06\/Capture-d\u2019e\u0301cran-2020-06-18-a\u0300-17.47.08.jpg\" alt=\"\" class=\"wp-image-5071\" srcset=\"https:\/\/amgrezieu.fr\/wp-content\/uploads\/2020\/06\/Capture-d\u2019e\u0301cran-2020-06-18-a\u0300-17.47.08.jpg 591w, https:\/\/amgrezieu.fr\/wp-content\/uploads\/2020\/06\/Capture-d\u2019e\u0301cran-2020-06-18-a\u0300-17.47.08-249x300.jpg 249w\" sizes=\"(max-width: 591px) 100vw, 591px\" \/><\/figure>\n\n\n\n<figure class=\"wp-block-image\"><img loading=\"lazy\" decoding=\"async\" width=\"796\" height=\"669\" src=\"http:\/\/amgrezieu.fr\/wp-content\/uploads\/2020\/06\/Capture-d\u2019e\u0301cran-2020-06-18-a\u0300-17.46.51.jpg\" alt=\"\" class=\"wp-image-5074\" srcset=\"https:\/\/amgrezieu.fr\/wp-content\/uploads\/2020\/06\/Capture-d\u2019e\u0301cran-2020-06-18-a\u0300-17.46.51.jpg 796w, https:\/\/amgrezieu.fr\/wp-content\/uploads\/2020\/06\/Capture-d\u2019e\u0301cran-2020-06-18-a\u0300-17.46.51-300x252.jpg 300w, https:\/\/amgrezieu.fr\/wp-content\/uploads\/2020\/06\/Capture-d\u2019e\u0301cran-2020-06-18-a\u0300-17.46.51-768x645.jpg 768w, https:\/\/amgrezieu.fr\/wp-content\/uploads\/2020\/06\/Capture-d\u2019e\u0301cran-2020-06-18-a\u0300-17.46.51-624x524.jpg 624w\" sizes=\"(max-width: 767px) 89vw, (max-width: 1000px) 54vw, (max-width: 1071px) 543px, 580px\" \/><\/figure>\n\n\n\n<h3 class=\"wp-block-heading\"><strong>\u00c9coutez deux titres compos\u00e9s et interpr\u00e9t\u00e9s par Fr\u00e9d\u00e9ric Bolla extraits de son CD : <\/strong><a href=\"http:\/\/amgrezieu.fr\/wp-content\/uploads\/2020\/06\/Me\u0301diterrane\u0301a.mp3\"><strong>Oc\u00e9ane Luna<\/strong><\/a><strong> et <\/strong><a href=\"http:\/\/amgrezieu.fr\/wp-content\/uploads\/2020\/06\/Mediterranea.mp3\"><strong>M\u00e9diterran\u00e9a<\/strong><\/a><strong>.<\/strong><\/h3>\n","protected":false},"excerpt":{"rendered":"<p>Formation Jazz et Rock Niveau D.E.M de guitare classique au conservatoire de St Etienne Co-fondateur du groupe Couleurs du sud. Le groupe Couleurs du sud donnera deux concerts dans la &hellip; <\/p>\n<p class=\"link-more\"><a href=\"https:\/\/amgrezieu.fr\/?page_id=5070\" class=\"more-link\">Continuer la lecture<span class=\"screen-reader-text\"> de &laquo;&nbsp;Fr\u00e9d\u00e9ric Bolla &#8211; guitare classique &#038; \u00e9lectrique&nbsp;&raquo;<\/span><\/a><\/p>\n","protected":false},"author":1,"featured_media":0,"parent":0,"menu_order":0,"comment_status":"closed","ping_status":"closed","template":"","meta":{"_price":"","_stock":"","_tribe_ticket_header":"","_tribe_default_ticket_provider":"","_tribe_ticket_capacity":"0","_ticket_start_date":"","_ticket_end_date":"","_tribe_ticket_show_description":"","_tribe_ticket_show_not_going":false,"_tribe_ticket_use_global_stock":"","_tribe_ticket_global_stock_level":"","_global_stock_mode":"","_global_stock_cap":"","_tribe_rsvp_for_event":"","_tribe_ticket_going_count":"","_tribe_ticket_not_going_count":"","_tribe_tickets_list":"[]","_tribe_ticket_has_attendee_info_fields":false,"footnotes":"","_tec_slr_enabled":"","_tec_slr_layout":""},"class_list":["post-5070","page","type-page","status-publish","hentry"],"ticketed":false,"_links":{"self":[{"href":"https:\/\/amgrezieu.fr\/index.php?rest_route=\/wp\/v2\/pages\/5070","targetHints":{"allow":["GET"]}}],"collection":[{"href":"https:\/\/amgrezieu.fr\/index.php?rest_route=\/wp\/v2\/pages"}],"about":[{"href":"https:\/\/amgrezieu.fr\/index.php?rest_route=\/wp\/v2\/types\/page"}],"author":[{"embeddable":true,"href":"https:\/\/amgrezieu.fr\/index.php?rest_route=\/wp\/v2\/users\/1"}],"replies":[{"embeddable":true,"href":"https:\/\/amgrezieu.fr\/index.php?rest_route=%2Fwp%2Fv2%2Fcomments&post=5070"}],"version-history":[{"count":6,"href":"https:\/\/amgrezieu.fr\/index.php?rest_route=\/wp\/v2\/pages\/5070\/revisions"}],"predecessor-version":[{"id":5092,"href":"https:\/\/amgrezieu.fr\/index.php?rest_route=\/wp\/v2\/pages\/5070\/revisions\/5092"}],"wp:attachment":[{"href":"https:\/\/amgrezieu.fr\/index.php?rest_route=%2Fwp%2Fv2%2Fmedia&parent=5070"}],"curies":[{"name":"wp","href":"https:\/\/api.w.org\/{rel}","templated":true}]}}