{"id":5419,"date":"2020-10-10T19:38:33","date_gmt":"2020-10-10T17:38:33","guid":{"rendered":"http:\/\/amgrezieu.fr\/?page_id=5419"},"modified":"2020-10-10T19:40:41","modified_gmt":"2020-10-10T17:40:41","slug":"photos-du-demontage-de-lorgue-17-janvier-1976","status":"publish","type":"page","link":"https:\/\/amgrezieu.fr\/?page_id=5419","title":{"rendered":"Photos du d\u00e9montage de l&rsquo;orgue (17 janvier 1976)"},"content":{"rendered":"<p style=\"text-align: center;\"><a href=\"http:\/\/amgrezieu.fr\/?page_id=48\">Retour \u00e0 la page \u00ab\u00a0&lsquo;histoire de l&rsquo;AMG\u00a0\u00bb<\/a><\/p>\n<p>Le d\u00e9montage d l&rsquo;orgue, 17 janvier 1976<\/p>\n<p>Photos 1 et 2 : Ren\u00e9 Nicolle range les tuyaux de bourdon \u00e0 chemin\u00e9e<\/p>\n<p>Photo 3 : Jacques Cou\u00ebff\u00e9<\/p>\n<p>Photo 4 : Ren\u00e9 Nicolle, Andr\u00e9 Simon, Jean Bacot, Paul Cou\u00ebff\u00e9<\/p>\n<p>P\u00a8hoto 5 ; Jen Bacot, Lucien Simon<\/p>\n<p>Photo 6 : Michel Boulet, organiste de Gr\u00e9zieu ; Guy Piroird<\/p>\n<p>Photo 7 : Andr\u00e9 Simon, Paul Cou\u00ebff\u00e9<\/p>\n<p>&nbsp;<\/p>\n<p><img fetchpriority=\"high\" decoding=\"async\" class=\"alignleft size-full wp-image-5434\" src=\"http:\/\/amgrezieu.fr\/wp-content\/uploads\/2020\/10\/Capture-d\u2019e\u0301cran-2020-10-10-a\u0300-18.54.16.jpg\" alt=\"\" width=\"528\" height=\"775\" srcset=\"https:\/\/amgrezieu.fr\/wp-content\/uploads\/2020\/10\/Capture-d\u2019e\u0301cran-2020-10-10-a\u0300-18.54.16.jpg 528w, https:\/\/amgrezieu.fr\/wp-content\/uploads\/2020\/10\/Capture-d\u2019e\u0301cran-2020-10-10-a\u0300-18.54.16-204x300.jpg 204w\" sizes=\"(max-width: 528px) 100vw, 528px\" \/><\/p>\n<p><img decoding=\"async\" class=\"alignleft size-full wp-image-5433\" src=\"http:\/\/amgrezieu.fr\/wp-content\/uploads\/2020\/10\/Capture-d\u2019e\u0301cran-2020-10-10-a\u0300-18.59.05.jpg\" alt=\"\" width=\"771\" height=\"531\" srcset=\"https:\/\/amgrezieu.fr\/wp-content\/uploads\/2020\/10\/Capture-d\u2019e\u0301cran-2020-10-10-a\u0300-18.59.05.jpg 771w, https:\/\/amgrezieu.fr\/wp-content\/uploads\/2020\/10\/Capture-d\u2019e\u0301cran-2020-10-10-a\u0300-18.59.05-300x207.jpg 300w, https:\/\/amgrezieu.fr\/wp-content\/uploads\/2020\/10\/Capture-d\u2019e\u0301cran-2020-10-10-a\u0300-18.59.05-768x529.jpg 768w\" sizes=\"(max-width: 767px) 89vw, (max-width: 1000px) 54vw, (max-width: 1071px) 543px, 580px\" \/><\/p>\n<p><img decoding=\"async\" class=\"alignleft size-full wp-image-5428\" src=\"http:\/\/amgrezieu.fr\/wp-content\/uploads\/2020\/10\/Capture-d\u2019e\u0301cran-2020-10-10-a\u0300-19.01.13.jpg\" alt=\"\" width=\"774\" height=\"539\" srcset=\"https:\/\/amgrezieu.fr\/wp-content\/uploads\/2020\/10\/Capture-d\u2019e\u0301cran-2020-10-10-a\u0300-19.01.13.jpg 774w, https:\/\/amgrezieu.fr\/wp-content\/uploads\/2020\/10\/Capture-d\u2019e\u0301cran-2020-10-10-a\u0300-19.01.13-300x209.jpg 300w, https:\/\/amgrezieu.fr\/wp-content\/uploads\/2020\/10\/Capture-d\u2019e\u0301cran-2020-10-10-a\u0300-19.01.13-768x535.jpg 768w\" sizes=\"(max-width: 767px) 89vw, (max-width: 1000px) 54vw, (max-width: 1071px) 543px, 580px\" \/> <img loading=\"lazy\" decoding=\"async\" class=\"alignleft size-full wp-image-5436\" src=\"http:\/\/amgrezieu.fr\/wp-content\/uploads\/2020\/10\/Capture-d\u2019e\u0301cran-2020-10-10-a\u0300-19.13.33.jpg\" alt=\"\" width=\"892\" height=\"607\" srcset=\"https:\/\/amgrezieu.fr\/wp-content\/uploads\/2020\/10\/Capture-d\u2019e\u0301cran-2020-10-10-a\u0300-19.13.33.jpg 892w, https:\/\/amgrezieu.fr\/wp-content\/uploads\/2020\/10\/Capture-d\u2019e\u0301cran-2020-10-10-a\u0300-19.13.33-300x204.jpg 300w, https:\/\/amgrezieu.fr\/wp-content\/uploads\/2020\/10\/Capture-d\u2019e\u0301cran-2020-10-10-a\u0300-19.13.33-768x523.jpg 768w\" sizes=\"(max-width: 767px) 89vw, (max-width: 1000px) 54vw, (max-width: 1071px) 543px, 580px\" \/> <img loading=\"lazy\" decoding=\"async\" class=\"alignleft size-full wp-image-5432\" src=\"http:\/\/amgrezieu.fr\/wp-content\/uploads\/2020\/10\/Capture-d\u2019e\u0301cran-2020-10-10-a\u0300-18.59.26.jpg\" alt=\"\" width=\"749\" height=\"539\" srcset=\"https:\/\/amgrezieu.fr\/wp-content\/uploads\/2020\/10\/Capture-d\u2019e\u0301cran-2020-10-10-a\u0300-18.59.26.jpg 749w, https:\/\/amgrezieu.fr\/wp-content\/uploads\/2020\/10\/Capture-d\u2019e\u0301cran-2020-10-10-a\u0300-18.59.26-300x216.jpg 300w\" sizes=\"(max-width: 706px) 89vw, (max-width: 767px) 82vw, 740px\" \/> <img loading=\"lazy\" decoding=\"async\" class=\"alignleft size-full wp-image-5431\" src=\"http:\/\/amgrezieu.fr\/wp-content\/uploads\/2020\/10\/Capture-d\u2019e\u0301cran-2020-10-10-a\u0300-19.00.21.jpg\" alt=\"\" width=\"763\" height=\"537\" srcset=\"https:\/\/amgrezieu.fr\/wp-content\/uploads\/2020\/10\/Capture-d\u2019e\u0301cran-2020-10-10-a\u0300-19.00.21.jpg 763w, https:\/\/amgrezieu.fr\/wp-content\/uploads\/2020\/10\/Capture-d\u2019e\u0301cran-2020-10-10-a\u0300-19.00.21-300x211.jpg 300w\" sizes=\"(max-width: 706px) 89vw, (max-width: 767px) 82vw, 740px\" \/> <img loading=\"lazy\" decoding=\"async\" class=\"alignleft size-full wp-image-5430\" src=\"http:\/\/amgrezieu.fr\/wp-content\/uploads\/2020\/10\/Capture-d\u2019e\u0301cran-2020-10-10-a\u0300-19.00.58-1.jpg\" alt=\"\" width=\"765\" height=\"547\" srcset=\"https:\/\/amgrezieu.fr\/wp-content\/uploads\/2020\/10\/Capture-d\u2019e\u0301cran-2020-10-10-a\u0300-19.00.58-1.jpg 765w, https:\/\/amgrezieu.fr\/wp-content\/uploads\/2020\/10\/Capture-d\u2019e\u0301cran-2020-10-10-a\u0300-19.00.58-1-300x215.jpg 300w\" sizes=\"(max-width: 706px) 89vw, (max-width: 767px) 82vw, 740px\" \/><\/p>\n","protected":false},"excerpt":{"rendered":"<p>Retour \u00e0 la page \u00ab\u00a0&lsquo;histoire de l&rsquo;AMG\u00a0\u00bb Le d\u00e9montage d l&rsquo;orgue, 17 janvier 1976 Photos 1 et 2 : Ren\u00e9 Nicolle range les tuyaux de bourdon \u00e0 chemin\u00e9e Photo 3 &hellip; <\/p>\n<p class=\"link-more\"><a href=\"https:\/\/amgrezieu.fr\/?page_id=5419\" class=\"more-link\">Continuer la lecture<span class=\"screen-reader-text\"> de &laquo;&nbsp;Photos du d\u00e9montage de l&rsquo;orgue (17 janvier 1976)&nbsp;&raquo;<\/span><\/a><\/p>\n","protected":false},"author":1,"featured_media":0,"parent":0,"menu_order":0,"comment_status":"closed","ping_status":"closed","template":"","meta":{"_price":"","_stock":"","_tribe_ticket_header":"","_tribe_default_ticket_provider":"","_tribe_ticket_capacity":"0","_ticket_start_date":"","_ticket_end_date":"","_tribe_ticket_show_description":"","_tribe_ticket_show_not_going":false,"_tribe_ticket_use_global_stock":"","_tribe_ticket_global_stock_level":"","_global_stock_mode":"","_global_stock_cap":"","_tribe_rsvp_for_event":"","_tribe_ticket_going_count":"","_tribe_ticket_not_going_count":"","_tribe_tickets_list":"[]","_tribe_ticket_has_attendee_info_fields":false,"footnotes":"","_tec_slr_enabled":"","_tec_slr_layout":""},"class_list":["post-5419","page","type-page","status-publish","hentry"],"ticketed":false,"_links":{"self":[{"href":"https:\/\/amgrezieu.fr\/index.php?rest_route=\/wp\/v2\/pages\/5419","targetHints":{"allow":["GET"]}}],"collection":[{"href":"https:\/\/amgrezieu.fr\/index.php?rest_route=\/wp\/v2\/pages"}],"about":[{"href":"https:\/\/amgrezieu.fr\/index.php?rest_route=\/wp\/v2\/types\/page"}],"author":[{"embeddable":true,"href":"https:\/\/amgrezieu.fr\/index.php?rest_route=\/wp\/v2\/users\/1"}],"replies":[{"embeddable":true,"href":"https:\/\/amgrezieu.fr\/index.php?rest_route=%2Fwp%2Fv2%2Fcomments&post=5419"}],"version-history":[{"count":2,"href":"https:\/\/amgrezieu.fr\/index.php?rest_route=\/wp\/v2\/pages\/5419\/revisions"}],"predecessor-version":[{"id":5439,"href":"https:\/\/amgrezieu.fr\/index.php?rest_route=\/wp\/v2\/pages\/5419\/revisions\/5439"}],"wp:attachment":[{"href":"https:\/\/amgrezieu.fr\/index.php?rest_route=%2Fwp%2Fv2%2Fmedia&parent=5419"}],"curies":[{"name":"wp","href":"https:\/\/api.w.org\/{rel}","templated":true}]}}