{"id":5786,"date":"2021-06-07T10:12:50","date_gmt":"2021-06-07T08:12:50","guid":{"rendered":"https:\/\/amgrezieu.fr\/?page_id=5786"},"modified":"2024-04-25T17:10:21","modified_gmt":"2024-04-25T15:10:21","slug":"articles-publies-dans-le-magazine-de-grezieu-la-varenne","status":"publish","type":"page","link":"https:\/\/amgrezieu.fr\/?page_id=5786","title":{"rendered":""},"content":{"rendered":"<p><span style=\"color: #0000ff;\"><span style=\"text-decoration: underline;\"><strong>02 JUIN<\/strong><\/span> :<\/span><\/p>\n<p><span style=\"color: #0000ff;\"><strong>\u00a0 \u00a0 \u00a0 \u00a0 \u00a0 \u00a0 \u00a0 \u00a0 \u00a0 \u00a0 \u00a0 le<\/strong> <strong>Concert des \u00e9l\u00e8ves de l&rsquo;Association Musicale aura lieu\u00a0<\/strong><\/span><\/p>\n<p style=\"text-align: center;\"><span style=\"color: #0000ff;\"><strong>Le\u00a0 Dimanche\u00a0 2 Juin\u00a0 2024 \u00e0 partir de \u00a016 H 00<\/strong><\/span><\/p>\n<p style=\"text-align: center;\"><span style=\"color: #0000ff;\"><strong>\u00a0\u00a0\u00a0\u00a0 au Centre d&rsquo;Animation<\/strong><\/span><\/p>\n<p style=\"text-align: center;\"><span style=\"color: #ff9900;\"><strong>\u00a0 \u00a0 \u00a0 \u00a0 \u00a0 \u00a0 \u00a0 \u00a0 \u00a0La capacit\u00e9 de la salle du Centre d&rsquo;Animation \u00e9tant restreinte,\u00a0 \u00a0 \u00a0 \u00a0 \u00a0 \u00a0 \u00a0 \u00a0 \u00a0 \u00a0 \u00a0 \u00a0 \u00a0 \u00a0 \u00a0 \u00a0la r\u00e9servation des places sera obligatoire via <\/strong><\/span><strong><span style=\"color: #ff9900;\">le lien qui vous sera <\/span><\/strong><strong style=\"font-size: 1rem;\"><span style=\"color: #ff9900;\">transmis au pr\u00e9alable<\/span><\/strong><\/p>\n<p>____________________________________________________________________<\/p>\n<p><span style=\"color: #ff0000;\"><span style=\"text-decoration: underline;\"><strong>21 JUIN:<\/strong><\/span>\u00a0 <strong>L&rsquo;AMG participe \u00e0 la<\/strong> <strong>F\u00eate de la Musique de Gr\u00e9zieu-la-Varenne<\/strong> <strong>!\u00a0\u00a0<\/strong><\/span><\/p>\n<p>_____________________________________________________________________<\/p>\n<p><strong><u><span style=\"color: #ff0000;\"><img decoding=\"async\" class=\"alignleft wp-image-7716\" src=\"https:\/\/amgrezieu.fr\/wp-content\/uploads\/2024\/01\/music-5147528_1280.png\" alt=\"\" width=\"67\" height=\"58\" srcset=\"https:\/\/amgrezieu.fr\/wp-content\/uploads\/2024\/01\/music-5147528_1280.png 1280w, https:\/\/amgrezieu.fr\/wp-content\/uploads\/2024\/01\/music-5147528_1280-300x259.png 300w, https:\/\/amgrezieu.fr\/wp-content\/uploads\/2024\/01\/music-5147528_1280-1024x883.png 1024w, https:\/\/amgrezieu.fr\/wp-content\/uploads\/2024\/01\/music-5147528_1280-768x662.png 768w\" sizes=\"(max-width: 67px) 100vw, 67px\" \/><\/span>27 OCTOBRE :<\/u><\/strong><\/p>\n<p>Th\u00e9 Dansant au centre d&rsquo;Animation ( \u00e0 confirmer)<\/p>\n<p>_____________________________________________________________________<\/p>\n<p><strong><u>16 NOVEMBRE :<\/u><\/strong><\/p>\n<p>Assembl\u00e9e G\u00e9n\u00e9rale <img decoding=\"async\" class=\"alignleft wp-image-7718\" src=\"https:\/\/amgrezieu.fr\/wp-content\/uploads\/2024\/01\/meeting-6781073_1280.png\" alt=\"\" width=\"86\" height=\"67\" srcset=\"https:\/\/amgrezieu.fr\/wp-content\/uploads\/2024\/01\/meeting-6781073_1280.png 1280w, https:\/\/amgrezieu.fr\/wp-content\/uploads\/2024\/01\/meeting-6781073_1280-300x233.png 300w, https:\/\/amgrezieu.fr\/wp-content\/uploads\/2024\/01\/meeting-6781073_1280-1024x796.png 1024w, https:\/\/amgrezieu.fr\/wp-content\/uploads\/2024\/01\/meeting-6781073_1280-768x597.png 768w\" sizes=\"(max-width: 86px) 100vw, 86px\" \/> au centre d&rsquo;Animation<\/p>\n<p>&nbsp;<\/p>\n<p>_____________________________________________________________________<\/p>\n<p><strong><u><span style=\"color: #ff0000;\"><img decoding=\"async\" class=\"alignleft wp-image-7720 \" src=\"https:\/\/amgrezieu.fr\/wp-content\/uploads\/2024\/01\/NOEL-DJEMBE-150x150.jpg\" alt=\"\" width=\"92\" height=\"92\" srcset=\"https:\/\/amgrezieu.fr\/wp-content\/uploads\/2024\/01\/NOEL-DJEMBE-150x150.jpg 150w, https:\/\/amgrezieu.fr\/wp-content\/uploads\/2024\/01\/NOEL-DJEMBE-300x300.jpg 300w, https:\/\/amgrezieu.fr\/wp-content\/uploads\/2024\/01\/NOEL-DJEMBE-1024x1024.jpg 1024w, https:\/\/amgrezieu.fr\/wp-content\/uploads\/2024\/01\/NOEL-DJEMBE-768x768.jpg 768w, https:\/\/amgrezieu.fr\/wp-content\/uploads\/2024\/01\/NOEL-DJEMBE-1536x1536.jpg 1536w, https:\/\/amgrezieu.fr\/wp-content\/uploads\/2024\/01\/NOEL-DJEMBE-100x100.jpg 100w, https:\/\/amgrezieu.fr\/wp-content\/uploads\/2024\/01\/NOEL-DJEMBE.jpg 1920w\" sizes=\"(max-width: 92px) 100vw, 92px\" \/><\/span>15 DECEMBRE\u00a0 :\u00a0 <\/u><\/strong>Concert de No\u00ebl\u00a0 au centre d&rsquo;Animation<\/p>\n<p>&nbsp;<\/p>\n<p>&nbsp;<\/p>\n<p style=\"text-align: center;\"><strong>Avec la participation de nos soutiens, et notamment la mairie de Gr\u00e9zieu-la-Varenne, le D\u00e9partement du Rh\u00f4ne et le Cr\u00e9dit Mutuel<\/strong><\/p>\n","protected":false},"excerpt":{"rendered":"<p>02 JUIN : \u00a0 \u00a0 \u00a0 \u00a0 \u00a0 \u00a0 \u00a0 \u00a0 \u00a0 \u00a0 \u00a0 le Concert des \u00e9l\u00e8ves de l&rsquo;Association Musicale aura lieu\u00a0 Le\u00a0 Dimanche\u00a0 2 Juin\u00a0 2024 \u00e0 partir &hellip; <\/p>\n<p class=\"link-more\"><a href=\"https:\/\/amgrezieu.fr\/?page_id=5786\" class=\"more-link\">Continuer la lecture<span class=\"screen-reader-text\"> de &laquo;&nbsp;&nbsp;&raquo;<\/span><\/a><\/p>\n","protected":false},"author":1,"featured_media":0,"parent":0,"menu_order":0,"comment_status":"closed","ping_status":"closed","template":"","meta":{"_price":"","_stock":"","_tribe_ticket_header":"","_tribe_default_ticket_provider":"","_tribe_ticket_capacity":"0","_ticket_start_date":"","_ticket_end_date":"","_tribe_ticket_show_description":"","_tribe_ticket_show_not_going":false,"_tribe_ticket_use_global_stock":"","_tribe_ticket_global_stock_level":"","_global_stock_mode":"","_global_stock_cap":"","_tribe_rsvp_for_event":"","_tribe_ticket_going_count":"","_tribe_ticket_not_going_count":"","_tribe_tickets_list":"[]","_tribe_ticket_has_attendee_info_fields":false,"footnotes":"","_tec_slr_enabled":"","_tec_slr_layout":""},"class_list":["post-5786","page","type-page","status-publish","hentry"],"ticketed":false,"_links":{"self":[{"href":"https:\/\/amgrezieu.fr\/index.php?rest_route=\/wp\/v2\/pages\/5786","targetHints":{"allow":["GET"]}}],"collection":[{"href":"https:\/\/amgrezieu.fr\/index.php?rest_route=\/wp\/v2\/pages"}],"about":[{"href":"https:\/\/amgrezieu.fr\/index.php?rest_route=\/wp\/v2\/types\/page"}],"author":[{"embeddable":true,"href":"https:\/\/amgrezieu.fr\/index.php?rest_route=\/wp\/v2\/users\/1"}],"replies":[{"embeddable":true,"href":"https:\/\/amgrezieu.fr\/index.php?rest_route=%2Fwp%2Fv2%2Fcomments&post=5786"}],"version-history":[{"count":22,"href":"https:\/\/amgrezieu.fr\/index.php?rest_route=\/wp\/v2\/pages\/5786\/revisions"}],"predecessor-version":[{"id":7945,"href":"https:\/\/amgrezieu.fr\/index.php?rest_route=\/wp\/v2\/pages\/5786\/revisions\/7945"}],"wp:attachment":[{"href":"https:\/\/amgrezieu.fr\/index.php?rest_route=%2Fwp%2Fv2%2Fmedia&parent=5786"}],"curies":[{"name":"wp","href":"https:\/\/api.w.org\/{rel}","templated":true}]}}