{"id":5976,"date":"2021-10-14T23:00:30","date_gmt":"2021-10-14T21:00:30","guid":{"rendered":"https:\/\/amgrezieu.fr\/?page_id=5976"},"modified":"2023-03-16T23:20:01","modified_gmt":"2023-03-16T22:20:01","slug":"groupe-rockallez","status":"publish","type":"page","link":"https:\/\/amgrezieu.fr\/?page_id=5976","title":{"rendered":"Groupe Rock&rsquo;Allez"},"content":{"rendered":"<p><img fetchpriority=\"high\" decoding=\"async\" class=\"alignleft size-full wp-image-7227\" src=\"https:\/\/amgrezieu.fr\/wp-content\/uploads\/2023\/03\/WhatsApp-Image-2023-01-28-at-11.14.06.jpeg\" alt=\"\" width=\"1080\" height=\"513\" srcset=\"https:\/\/amgrezieu.fr\/wp-content\/uploads\/2023\/03\/WhatsApp-Image-2023-01-28-at-11.14.06.jpeg 1080w, https:\/\/amgrezieu.fr\/wp-content\/uploads\/2023\/03\/WhatsApp-Image-2023-01-28-at-11.14.06-300x143.jpeg 300w, https:\/\/amgrezieu.fr\/wp-content\/uploads\/2023\/03\/WhatsApp-Image-2023-01-28-at-11.14.06-768x365.jpeg 768w, https:\/\/amgrezieu.fr\/wp-content\/uploads\/2023\/03\/WhatsApp-Image-2023-01-28-at-11.14.06-1024x486.jpeg 1024w\" sizes=\"(max-width: 767px) 89vw, (max-width: 1000px) 54vw, (max-width: 1071px) 543px, 580px\" \/><\/p>\n<p>R\u00e9p\u00e9titions : le vendredi de 10 h \u00e0 midi.<\/p>\n","protected":false},"excerpt":{"rendered":"<p>R\u00e9p\u00e9titions : le vendredi de 10 h \u00e0 midi.<\/p>\n","protected":false},"author":1,"featured_media":0,"parent":0,"menu_order":0,"comment_status":"closed","ping_status":"closed","template":"","meta":{"_price":"","_stock":"","_tribe_ticket_header":"","_tribe_default_ticket_provider":"","_tribe_ticket_capacity":"0","_ticket_start_date":"","_ticket_end_date":"","_tribe_ticket_show_description":"","_tribe_ticket_show_not_going":false,"_tribe_ticket_use_global_stock":"","_tribe_ticket_global_stock_level":"","_global_stock_mode":"","_global_stock_cap":"","_tribe_rsvp_for_event":"","_tribe_ticket_going_count":"","_tribe_ticket_not_going_count":"","_tribe_tickets_list":"[]","_tribe_ticket_has_attendee_info_fields":false,"footnotes":"","_tec_slr_enabled":"","_tec_slr_layout":""},"class_list":["post-5976","page","type-page","status-publish","hentry"],"ticketed":false,"_links":{"self":[{"href":"https:\/\/amgrezieu.fr\/index.php?rest_route=\/wp\/v2\/pages\/5976","targetHints":{"allow":["GET"]}}],"collection":[{"href":"https:\/\/amgrezieu.fr\/index.php?rest_route=\/wp\/v2\/pages"}],"about":[{"href":"https:\/\/amgrezieu.fr\/index.php?rest_route=\/wp\/v2\/types\/page"}],"author":[{"embeddable":true,"href":"https:\/\/amgrezieu.fr\/index.php?rest_route=\/wp\/v2\/users\/1"}],"replies":[{"embeddable":true,"href":"https:\/\/amgrezieu.fr\/index.php?rest_route=%2Fwp%2Fv2%2Fcomments&post=5976"}],"version-history":[{"count":3,"href":"https:\/\/amgrezieu.fr\/index.php?rest_route=\/wp\/v2\/pages\/5976\/revisions"}],"predecessor-version":[{"id":7228,"href":"https:\/\/amgrezieu.fr\/index.php?rest_route=\/wp\/v2\/pages\/5976\/revisions\/7228"}],"wp:attachment":[{"href":"https:\/\/amgrezieu.fr\/index.php?rest_route=%2Fwp%2Fv2%2Fmedia&parent=5976"}],"curies":[{"name":"wp","href":"https:\/\/api.w.org\/{rel}","templated":true}]}}