{"id":60,"date":"2014-03-12T17:22:07","date_gmt":"2014-03-12T16:22:07","guid":{"rendered":"http:\/\/cjgl.wordpress-hebergement.fr\/?page_id=60"},"modified":"2023-05-08T12:14:31","modified_gmt":"2023-05-08T10:14:31","slug":"instruments","status":"publish","type":"page","link":"https:\/\/amgrezieu.fr\/?page_id=60","title":{"rendered":"Instruments"},"content":{"rendered":"<div style=\"width: 525px;\" class=\"wp-video\"><video class=\"wp-video-shortcode\" id=\"video-60-1\" width=\"525\" height=\"295\" preload=\"metadata\" controls=\"controls\"><source type=\"video\/mp4\" src=\"https:\/\/amgrezieu.fr\/wp-content\/uploads\/2023\/05\/20230506_172358.mp4?_=1\" \/><a href=\"https:\/\/amgrezieu.fr\/wp-content\/uploads\/2023\/05\/20230506_172358.mp4\">https:\/\/amgrezieu.fr\/wp-content\/uploads\/2023\/05\/20230506_172358.mp4<\/a><\/video><\/div>\n\n<table id=\"tablepress-5\" class=\"tablepress tablepress-id-5\">\n<tbody class=\"row-striping row-hover\">\n<tr class=\"row-1\">\n\t<td class=\"column-1\"><a href=\"http:\/\/amgrezieu.fr\/wp-content\/uploads\/2014\/03\/batterieok.jpg\"><img decoding=\"async\" src=\"http:\/\/amgrezieu.fr\/wp-content\/uploads\/2014\/03\/batterieok-150x150.jpg\" alt=\"Batterie\" width=\"150\" height=\"150\" class=\"size-thumbnail wp-image-658\" \/><\/a><\/td><td class=\"column-2\"><strong>Batterie :<\/strong><br \/>\nCours le vendredi de 16h \u00e0 20h30 (Philippe)<br \/>\n\u00e0 partir de 6 ans<\/td>\n<\/tr>\n<tr class=\"row-2\">\n\t<td class=\"column-1\"><a href=\"http:\/\/amgrezieu.fr\/wp-content\/uploads\/2014\/03\/chant.jpg\"><img decoding=\"async\" src=\"http:\/\/amgrezieu.fr\/wp-content\/uploads\/2014\/03\/chant-150x150.jpg\" alt=\"Chant\" width=\"150\" height=\"150\" class=\"size-thumbnail wp-image-354\" \/><\/a><\/td><td class=\"column-2\"><strong>Chant :<\/strong><br \/>\nCours le mercredi matin et apr\u00e8s-midi (Jacques)<br \/>\n      le vendredi apr\u00e8s-midi (Jacques)<br \/>\n\u00e0 partir de 12 ans<\/td>\n<\/tr>\n<tr class=\"row-3\">\n\t<td class=\"column-1\"><a href=\"http:\/\/amgrezieu.fr\/wp-content\/uploads\/2014\/03\/guitare.jpg\"><img decoding=\"async\" src=\"http:\/\/amgrezieu.fr\/wp-content\/uploads\/2014\/03\/guitare-150x150.jpg\" alt=\"Guitare\" width=\"150\" height=\"150\" class=\"aligncenter size-thumbnail wp-image-659\" \/><\/a><\/td><td class=\"column-2\"><strong>Guitare classique, \u00e9lectrique et basse :<\/strong><br \/>\nCours le mercredi matin et apr\u00e8s-midi de 10h45 \u00e0 14h30 (Fr\u00e9d\u00e9ric)<br \/>\nLe mercredi de 17h15 \u00e0 20h et le vendredi de 15h00 \u00e0 20h30 (R\u00e9mi)<br \/>\n\u00e0 partir de 7 ans<br \/>\ncours de basse d\u00e8s 8 ans<\/td>\n<\/tr>\n<tr class=\"row-4\">\n\t<td class=\"column-1\"><a href=\"http:\/\/amgrezieu.fr\/wp-content\/uploads\/2014\/03\/piano.jpg\"><img loading=\"lazy\" decoding=\"async\" src=\"http:\/\/amgrezieu.fr\/wp-content\/uploads\/2014\/03\/piano-150x150.jpg\" alt=\"Piano\" width=\"150\" height=\"150\" class=\"size-thumbnail wp-image-357\" \/><\/a> <\/td><td class=\"column-2\"><strong>Piano &amp; Clavier :<\/strong><br \/>\nCours le lundi soir de 16h30 \u00e0 20h15, le samedi matin de 8h15 \u00e0 10h00 et de 12h30 \u00e0 13h00 (C\u00e9dric)<br \/>\nLe mercredi de 10h00 \u00e0 19h45  (Jacques)<br \/>\nLe jeudi apr\u00e8s-midi de 16h15 \u00e0 18h45 (Dominique)<br \/>\nLe vendredi apr\u00e8s-midi de 15h00 \u00e0 19h30 (Jacques)<br \/>\n\u00e0 partir de 7 ans<\/td>\n<\/tr>\n<tr class=\"row-5\">\n\t<td class=\"column-1\"><a href=\"http:\/\/amgrezieu.fr\/wp-content\/uploads\/2014\/03\/violon-2.jpg\"><img loading=\"lazy\" decoding=\"async\" src=\"http:\/\/amgrezieu.fr\/wp-content\/uploads\/2014\/03\/violon-2-150x150.jpg\" alt=\"Violon\" width=\"150\" height=\"150\" class=\"size-thumbnail wp-image-359\" \/><\/a><\/td><td class=\"column-2\"><strong>Violon et alto:<\/strong><br \/>\nlundi et jeudi de 16h45 \u00e0 19h15 (Ga\u00eblle). A partir de 4 ans pour le violon, Alto  partir de 7 ans<\/td>\n<\/tr>\n<tr class=\"row-6\">\n\t<td class=\"column-1\"><img loading=\"lazy\" decoding=\"async\" src=\"https:\/\/amgrezieu.fr\/wp-content\/uploads\/2024\/07\/istockphoto-1351023344-612x612-1-150x150.jpg\" alt=\"\" width=\"150\" height=\"150\" class=\"size-thumbnail wp-image-8198\" srcset=\"https:\/\/amgrezieu.fr\/wp-content\/uploads\/2024\/07\/istockphoto-1351023344-612x612-1-150x150.jpg 150w, https:\/\/amgrezieu.fr\/wp-content\/uploads\/2024\/07\/istockphoto-1351023344-612x612-1-300x300.jpg 300w, https:\/\/amgrezieu.fr\/wp-content\/uploads\/2024\/07\/istockphoto-1351023344-612x612-1-100x100.jpg 100w, https:\/\/amgrezieu.fr\/wp-content\/uploads\/2024\/07\/istockphoto-1351023344-612x612-1.jpg 612w\" sizes=\"(max-width: 150px) 100vw, 150px\" \/><\/td><td class=\"column-2\"><strong>Djemb\u00e9 : <\/strong>Cours le vendredi de 16h \u00e0 20h30 (Philippe)<br \/>\n\u00e0 partir de 6 ans<\/td>\n<\/tr>\n<\/tbody>\n<\/table>\n<!-- #tablepress-5 from cache -->\n<h4><span style=\"color: #800000;\"><strong><a style=\"color: #800000;\" href=\"http:\/\/amgrezieu.fr\/?page_id=50\">&gt;&gt;&gt; L\u2019\u00c9QUIPE PEDAGOGIQUE<\/a><\/strong><\/span><\/h4>\n","protected":false},"excerpt":{"rendered":"<p>&gt;&gt;&gt; L\u2019\u00c9QUIPE PEDAGOGIQUE<\/p>\n","protected":false},"author":1,"featured_media":0,"parent":57,"menu_order":1,"comment_status":"closed","ping_status":"closed","template":"","meta":{"_price":"","_stock":"","_tribe_ticket_header":"","_tribe_default_ticket_provider":"","_tribe_ticket_capacity":"0","_ticket_start_date":"","_ticket_end_date":"","_tribe_ticket_show_description":"","_tribe_ticket_show_not_going":false,"_tribe_ticket_use_global_stock":"","_tribe_ticket_global_stock_level":"","_global_stock_mode":"","_global_stock_cap":"","_tribe_rsvp_for_event":"","_tribe_ticket_going_count":"","_tribe_ticket_not_going_count":"","_tribe_tickets_list":"[]","_tribe_ticket_has_attendee_info_fields":false,"footnotes":"","_tec_slr_enabled":"","_tec_slr_layout":""},"class_list":["post-60","page","type-page","status-publish","hentry"],"ticketed":false,"_links":{"self":[{"href":"https:\/\/amgrezieu.fr\/index.php?rest_route=\/wp\/v2\/pages\/60","targetHints":{"allow":["GET"]}}],"collection":[{"href":"https:\/\/amgrezieu.fr\/index.php?rest_route=\/wp\/v2\/pages"}],"about":[{"href":"https:\/\/amgrezieu.fr\/index.php?rest_route=\/wp\/v2\/types\/page"}],"author":[{"embeddable":true,"href":"https:\/\/amgrezieu.fr\/index.php?rest_route=\/wp\/v2\/users\/1"}],"replies":[{"embeddable":true,"href":"https:\/\/amgrezieu.fr\/index.php?rest_route=%2Fwp%2Fv2%2Fcomments&post=60"}],"version-history":[{"count":6,"href":"https:\/\/amgrezieu.fr\/index.php?rest_route=\/wp\/v2\/pages\/60\/revisions"}],"predecessor-version":[{"id":7283,"href":"https:\/\/amgrezieu.fr\/index.php?rest_route=\/wp\/v2\/pages\/60\/revisions\/7283"}],"up":[{"embeddable":true,"href":"https:\/\/amgrezieu.fr\/index.php?rest_route=\/wp\/v2\/pages\/57"}],"wp:attachment":[{"href":"https:\/\/amgrezieu.fr\/index.php?rest_route=%2Fwp%2Fv2%2Fmedia&parent=60"}],"curies":[{"name":"wp","href":"https:\/\/api.w.org\/{rel}","templated":true}]}}