{"id":6333,"date":"2022-04-11T12:23:33","date_gmt":"2022-04-11T10:23:33","guid":{"rendered":"https:\/\/amgrezieu.fr\/?page_id=6333"},"modified":"2024-07-18T18:49:45","modified_gmt":"2024-07-18T16:49:45","slug":"chant-et-chorale-groupe-pour-ados","status":"publish","type":"page","link":"https:\/\/amgrezieu.fr\/?page_id=6333","title":{"rendered":"Groupes pour Ados\/Adultes et Kids"},"content":{"rendered":"<div class=\"gmail_default\" style=\"text-align: center;\"><strong><img fetchpriority=\"high\" decoding=\"async\" class=\"aligncenter wp-image-8114 size-full\" src=\"https:\/\/amgrezieu.fr\/wp-content\/uploads\/2024\/06\/2024_06_02-Grezieu-Spectacle-AMG_2-scaled.jpg\" alt=\"\" width=\"2560\" height=\"1440\" srcset=\"https:\/\/amgrezieu.fr\/wp-content\/uploads\/2024\/06\/2024_06_02-Grezieu-Spectacle-AMG_2-scaled.jpg 2560w, https:\/\/amgrezieu.fr\/wp-content\/uploads\/2024\/06\/2024_06_02-Grezieu-Spectacle-AMG_2-300x169.jpg 300w, https:\/\/amgrezieu.fr\/wp-content\/uploads\/2024\/06\/2024_06_02-Grezieu-Spectacle-AMG_2-1024x576.jpg 1024w, https:\/\/amgrezieu.fr\/wp-content\/uploads\/2024\/06\/2024_06_02-Grezieu-Spectacle-AMG_2-768x432.jpg 768w, https:\/\/amgrezieu.fr\/wp-content\/uploads\/2024\/06\/2024_06_02-Grezieu-Spectacle-AMG_2-1536x864.jpg 1536w, https:\/\/amgrezieu.fr\/wp-content\/uploads\/2024\/06\/2024_06_02-Grezieu-Spectacle-AMG_2-2048x1152.jpg 2048w\" sizes=\"(max-width: 767px) 89vw, (max-width: 1000px) 54vw, (max-width: 1071px) 543px, 580px\" \/><\/strong><\/div>\n<div><\/div>\n<div class=\"gmail_default\" style=\"text-align: center;\"><span style=\"color: #ff6600;\"><strong>KIDS :\u00a0 de 9 \u00e0 12 ans \/ ADOS-ADULTES : \u00e0 partir de 13 ans<\/strong><\/span><\/div>\n<div><\/div>\n<div><\/div>\n<div class=\"gmail_default\" style=\"text-align: center;\"><span style=\"color: #ff6600;\"><strong>Horaire : les 2 ensembles r\u00e9p\u00e8tent alternativement\u00a0 tous les 15 jours<\/strong><\/span><\/div>\n<div class=\"gmail_default\" style=\"text-align: center;\"><span style=\"color: #ff6600;\"><strong>\u00a0le samedi matin de\u00a0 11h15 \u00e0 12h30<\/strong><\/span><\/div>\n<div style=\"text-align: center;\"><\/div>\n<div><\/div>\n<div class=\"gmail_default\" style=\"text-align: center;\"><strong><span style=\"color: #ff6600;\">Styles : Pop-Rock \/ Rock \/ Grunge \/ Garage Rock<\/span><img decoding=\"async\" class=\"aligncenter wp-image-8115 size-full\" src=\"https:\/\/amgrezieu.fr\/wp-content\/uploads\/2024\/06\/2024_06_02-Grezieu-Spectacle-AMG_5-scaled.jpg\" alt=\"\" width=\"2560\" height=\"1440\" srcset=\"https:\/\/amgrezieu.fr\/wp-content\/uploads\/2024\/06\/2024_06_02-Grezieu-Spectacle-AMG_5-scaled.jpg 2560w, https:\/\/amgrezieu.fr\/wp-content\/uploads\/2024\/06\/2024_06_02-Grezieu-Spectacle-AMG_5-300x169.jpg 300w, https:\/\/amgrezieu.fr\/wp-content\/uploads\/2024\/06\/2024_06_02-Grezieu-Spectacle-AMG_5-1024x576.jpg 1024w, https:\/\/amgrezieu.fr\/wp-content\/uploads\/2024\/06\/2024_06_02-Grezieu-Spectacle-AMG_5-768x432.jpg 768w, https:\/\/amgrezieu.fr\/wp-content\/uploads\/2024\/06\/2024_06_02-Grezieu-Spectacle-AMG_5-1536x864.jpg 1536w, https:\/\/amgrezieu.fr\/wp-content\/uploads\/2024\/06\/2024_06_02-Grezieu-Spectacle-AMG_5-2048x1152.jpg 2048w\" sizes=\"(max-width: 767px) 89vw, (max-width: 1000px) 54vw, (max-width: 1071px) 543px, 580px\" \/><\/strong><\/div>\n<div class=\"gmail_default\"><\/div>\n","protected":false},"excerpt":{"rendered":"<p>KIDS :\u00a0 de 9 \u00e0 12 ans \/ ADOS-ADULTES : \u00e0 partir de 13 ans Horaire : les 2 ensembles r\u00e9p\u00e8tent alternativement\u00a0 tous les 15 jours \u00a0le samedi matin de\u00a0 &hellip; <\/p>\n<p class=\"link-more\"><a href=\"https:\/\/amgrezieu.fr\/?page_id=6333\" class=\"more-link\">Continuer la lecture<span class=\"screen-reader-text\"> de &laquo;&nbsp;Groupes pour Ados\/Adultes et Kids&nbsp;&raquo;<\/span><\/a><\/p>\n","protected":false},"author":1,"featured_media":0,"parent":0,"menu_order":0,"comment_status":"closed","ping_status":"closed","template":"","meta":{"_price":"","_stock":"","_tribe_ticket_header":"","_tribe_default_ticket_provider":"","_tribe_ticket_capacity":"0","_ticket_start_date":"","_ticket_end_date":"","_tribe_ticket_show_description":"","_tribe_ticket_show_not_going":false,"_tribe_ticket_use_global_stock":"","_tribe_ticket_global_stock_level":"","_global_stock_mode":"","_global_stock_cap":"","_tribe_rsvp_for_event":"","_tribe_ticket_going_count":"","_tribe_ticket_not_going_count":"","_tribe_tickets_list":"[]","_tribe_ticket_has_attendee_info_fields":false,"footnotes":"","_tec_slr_enabled":"","_tec_slr_layout":""},"class_list":["post-6333","page","type-page","status-publish","hentry"],"ticketed":false,"_links":{"self":[{"href":"https:\/\/amgrezieu.fr\/index.php?rest_route=\/wp\/v2\/pages\/6333","targetHints":{"allow":["GET"]}}],"collection":[{"href":"https:\/\/amgrezieu.fr\/index.php?rest_route=\/wp\/v2\/pages"}],"about":[{"href":"https:\/\/amgrezieu.fr\/index.php?rest_route=\/wp\/v2\/types\/page"}],"author":[{"embeddable":true,"href":"https:\/\/amgrezieu.fr\/index.php?rest_route=\/wp\/v2\/users\/1"}],"replies":[{"embeddable":true,"href":"https:\/\/amgrezieu.fr\/index.php?rest_route=%2Fwp%2Fv2%2Fcomments&post=6333"}],"version-history":[{"count":10,"href":"https:\/\/amgrezieu.fr\/index.php?rest_route=\/wp\/v2\/pages\/6333\/revisions"}],"predecessor-version":[{"id":8223,"href":"https:\/\/amgrezieu.fr\/index.php?rest_route=\/wp\/v2\/pages\/6333\/revisions\/8223"}],"wp:attachment":[{"href":"https:\/\/amgrezieu.fr\/index.php?rest_route=%2Fwp%2Fv2%2Fmedia&parent=6333"}],"curies":[{"name":"wp","href":"https:\/\/api.w.org\/{rel}","templated":true}]}}