{"id":6376,"date":"2022-04-13T11:44:29","date_gmt":"2022-04-13T09:44:29","guid":{"rendered":"https:\/\/amgrezieu.fr\/?page_id=6376"},"modified":"2025-05-06T09:57:26","modified_gmt":"2025-05-06T07:57:26","slug":"annee-2025-2026","status":"publish","type":"page","link":"https:\/\/amgrezieu.fr\/?page_id=6376","title":{"rendered":"Inscriptions pour l&rsquo;ann\u00e9e 2025-2026"},"content":{"rendered":"<h1 style=\"text-align: center;\">\u00a0 \u00a0 Avant tout&#8230; bien choisir le lien d&rsquo;inscription\u00a0 \u00a0 \u00a0 concernant\u00a0 votre commune de r\u00e9sidence (A ou B) !<\/h1>\n<h2><strong>A\/<\/strong> <a href=\"https:\/\/association-musicale-de-grezieu-la-varenne.assoconnect.com\/collect\/description\/554282-p-2025-2026-adherents-commune-de-grezieu\"><span style=\"color: #0000ff;\"><em><strong>Commune de Gr\u00e9zieu<\/strong><\/em> &#8211; vous habitez Gr\u00e9zieu ? pour s&rsquo;inscrire c&rsquo;est ici ! :<\/span><\/a><\/h2>\n<h2><strong>B\/<\/strong> <a href=\"https:\/\/association-musicale-de-grezieu-la-varenne.assoconnect.com\/collect\/description\/554298-p-2025-2026-adherents-communes-voisines-de-grezieu\"><span style=\"color: #ff9900;\"><em><strong>Communes Voisines <\/strong><\/em>\u00a0&#8211;\u00a0 vous habitez dans une commune voisine de Gr\u00e9zieu ? pour s&rsquo;inscrire c&rsquo;est ici ! :<\/span><\/a><\/h2>\n<h2><strong>* <em><span style=\"color: #008000;\">\u00a0<\/span><\/em><\/strong><span style=\"color: #008000;\"><a href=\"https:\/\/amgrezieu.fr\/wp-content\/uploads\/2025\/04\/Calendrier-2025-2026.pdf\">Calendrier 2025-2026<\/a><\/span><\/h2>\n<h1 style=\"text-align: left;\"><a href=\"https:\/\/amgrezieu.fr\/wp-content\/uploads\/2025\/05\/TARIFS-2025-2026.pdf\"><strong>*<\/strong>TARIFS 2025-2026<\/a><\/h1>\n<h2><span style=\"color: #008000;\"><a href=\"https:\/\/amgrezieu.fr\/wp-content\/uploads\/2025\/05\/HORAIRES-2025-2026-1.pdf\"><strong>*<\/strong>HORAIRES 2025-2026\u00a0\u00a0<\/a><\/span><\/h2>\n<p>Les cr\u00e9neaux ne pouvant \u00eatre mis \u00e0 disposition en ligne, nous contacter pour toute demande au 07.63.59.50.31, ou par mail \u00e0 l&rsquo;adresse <span style=\"text-decoration: underline;\"><em><span style=\"color: #3366ff; text-decoration: underline;\">amg.grezieu@gmail.com<\/span><\/em><\/span><\/p>\n<p><strong>*<\/strong><a href=\"https:\/\/amgrezieu.fr\/wp-content\/uploads\/2025\/05\/ACCUEIL-ADHERENTS-ET-PROCEDURE-DINSCRIPTION.pdf\">ACCUEIL<\/a><a href=\"https:\/\/amgrezieu.fr\/wp-content\/uploads\/2025\/05\/ACCUEIL-ADHERENTS-ET-PROCEDURE-DINSCRIPTION.pdf\"> ADHERE<\/a><a href=\"https:\/\/amgrezieu.fr\/wp-content\/uploads\/2025\/05\/ACCUEIL-ADHERENTS-ET-PROCEDURE-DINSCRIPTION.pdf\">NTS<\/a><a href=\"https:\/\/amgrezieu.fr\/wp-content\/uploads\/2025\/05\/ACCUEIL-ADHERENTS-ET-PROCEDURE-DINSCRIPTION.pdf\"> ET PROCEDURE D&rsquo;INSCRIPTION<\/a><\/p>\n<p><strong>*<\/strong> <a href=\"https:\/\/amgrezieu.fr\/wp-content\/uploads\/2023\/05\/REGLEMENT_INTERIEUR_AMG-01.09.2023.pdf\">REGLEMENT_INTERIEUR_AMG-01.09.2023<\/a><strong>\u00a0<\/strong><\/p>\n<p>&nbsp;<\/p>\n","protected":false},"excerpt":{"rendered":"<p>\u00a0 \u00a0 Avant tout&#8230; bien choisir le lien d&rsquo;inscription\u00a0 \u00a0 \u00a0 concernant\u00a0 votre commune de r\u00e9sidence (A ou B) ! A\/ Commune de Gr\u00e9zieu &#8211; vous habitez Gr\u00e9zieu ? pour &hellip; <\/p>\n<p class=\"link-more\"><a href=\"https:\/\/amgrezieu.fr\/?page_id=6376\" class=\"more-link\">Continuer la lecture<span class=\"screen-reader-text\"> de &laquo;&nbsp;Inscriptions pour l&rsquo;ann\u00e9e 2025-2026&nbsp;&raquo;<\/span><\/a><\/p>\n","protected":false},"author":1,"featured_media":0,"parent":0,"menu_order":0,"comment_status":"closed","ping_status":"closed","template":"","meta":{"_price":"","_stock":"","_tribe_ticket_header":"","_tribe_default_ticket_provider":"","_tribe_ticket_capacity":"0","_ticket_start_date":"","_ticket_end_date":"","_tribe_ticket_show_description":"","_tribe_ticket_show_not_going":false,"_tribe_ticket_use_global_stock":"","_tribe_ticket_global_stock_level":"","_global_stock_mode":"","_global_stock_cap":"","_tribe_rsvp_for_event":"","_tribe_ticket_going_count":"","_tribe_ticket_not_going_count":"","_tribe_tickets_list":"[]","_tribe_ticket_has_attendee_info_fields":false,"footnotes":"","_tec_slr_enabled":"","_tec_slr_layout":""},"class_list":["post-6376","page","type-page","status-publish","hentry"],"ticketed":false,"_links":{"self":[{"href":"https:\/\/amgrezieu.fr\/index.php?rest_route=\/wp\/v2\/pages\/6376","targetHints":{"allow":["GET"]}}],"collection":[{"href":"https:\/\/amgrezieu.fr\/index.php?rest_route=\/wp\/v2\/pages"}],"about":[{"href":"https:\/\/amgrezieu.fr\/index.php?rest_route=\/wp\/v2\/types\/page"}],"author":[{"embeddable":true,"href":"https:\/\/amgrezieu.fr\/index.php?rest_route=\/wp\/v2\/users\/1"}],"replies":[{"embeddable":true,"href":"https:\/\/amgrezieu.fr\/index.php?rest_route=%2Fwp%2Fv2%2Fcomments&post=6376"}],"version-history":[{"count":72,"href":"https:\/\/amgrezieu.fr\/index.php?rest_route=\/wp\/v2\/pages\/6376\/revisions"}],"predecessor-version":[{"id":8814,"href":"https:\/\/amgrezieu.fr\/index.php?rest_route=\/wp\/v2\/pages\/6376\/revisions\/8814"}],"wp:attachment":[{"href":"https:\/\/amgrezieu.fr\/index.php?rest_route=%2Fwp%2Fv2%2Fmedia&parent=6376"}],"curies":[{"name":"wp","href":"https:\/\/api.w.org\/{rel}","templated":true}]}}