{"id":64,"date":"2014-03-12T17:22:38","date_gmt":"2014-03-12T16:22:38","guid":{"rendered":"http:\/\/cjgl.wordpress-hebergement.fr\/?page_id=64"},"modified":"2019-10-11T19:08:40","modified_gmt":"2019-10-11T17:08:40","slug":"atelierchoraleenfants","status":"publish","type":"page","link":"https:\/\/amgrezieu.fr\/?page_id=64","title":{"rendered":"Ateliers &#038; Cours collectifs"},"content":{"rendered":"<p><img loading=\"lazy\" decoding=\"async\" class=\"alignleft size-thumbnail wp-image-836\" src=\"http:\/\/amgrezieu.fr\/wp-content\/uploads\/2014\/09\/atelier-Jean-Louis-rock-en-stock-2014-amgrezieu-e1409611271490-150x150.jpg\" alt=\"atelier Jean Louis - rock en stock 2014 - amgrezieu\" width=\"150\" height=\"150\">Les ateliers sont un des grands points forts de l&rsquo;AMG. Pour beaucoup d&rsquo;\u00e9l\u00e8ves c&rsquo;est l&rsquo;occasion de prendre un nouvel \u00e9lan dans leur parcours musical et de pouvoir partager ce qu&rsquo;ils apprennent avec leur professeur.<span style=\"color: #ffffff;\">&#8230;&#8230;&#8230;&#8230;&#8230;&#8230;&#8230;&#8230;&#8230;<strong>.<\/strong><\/span><\/p>\n<p><span style=\"color: #ff0000;\"><strong>On recrute !<\/strong><\/span><br \/>\n<span style=\"color: #000000;\"><strong>Petites annonces des cours d&rsquo;ensemble :<\/strong><\/span><br \/>\n&#8211; L&rsquo;ensemble pop rock du jeudi recrute un batteur et un bassiste.<br \/>\nPour tous renseignement contact : Patricia <a href=\"mailto:contact@amgrezieu.fr\">contact@amgrezieu.fr<\/a><\/p>\n<p><strong><span style=\"color: #339966;\"><span style=\"text-decoration: underline;\">&#x2665; NOUVEAU : Des cours collectifs !<\/span><br \/>\n<\/span><\/strong>Afin de permettre au plus grand nombre de prendre des cours de musique dans un cadre professionnel de qualit\u00e9, l&rsquo;AMG propose cette ann\u00e9e aux ados et adultes non d\u00e9butants de prendre des cours collectifs d&rsquo;instrument. D&rsquo;une dur\u00e9e de 3\/4 ou 1h, ces cours sont destin\u00e9s \u00e0 des groupes de 2 ou 3 personnes motiv\u00e9es qui s&rsquo;engagent pour l&rsquo;ann\u00e9e.<\/p>\n<p>Ces cours sont tr\u00e8s attractifs sur le plan financier et les \u00e9l\u00e8ves doivent prendre l&rsquo;engagement de travailler et de&nbsp; suivre avec assiduit\u00e9 tout au long de l&rsquo;ann\u00e9e. Les disciplines propos\u00e9es sont : chant (avec Jacques Coueff\u00e9), fl\u00fbte (avec V\u00e9ronique B\u00e9rnard), batterie (avec Philippe Sliwa) et violon (avec Marine Margain). <a href=\"http:\/\/amgrezieu.fr\/?page_id=50\">=&gt;plus d&rsquo;infos sur l&rsquo;\u00e9quipe p\u00e9dagogique.<\/a><\/p>\n<p><a title=\"Inscriptions &amp; Tarifs\" href=\"http:\/\/amgrezieu.fr\/?page_id=816\">Consultez les informations sur les disciplines et l&rsquo;\u00e9quipe enseignante de l&rsquo;Association, sur <strong>les tarifs<\/strong> et <strong>t\u00e9l\u00e9chargez les documents relatifs aux inscriptions.<\/strong><\/a><\/p>\n","protected":false},"excerpt":{"rendered":"<p>Les ateliers sont un des grands points forts de l&rsquo;AMG. Pour beaucoup d&rsquo;\u00e9l\u00e8ves c&rsquo;est l&rsquo;occasion de prendre un nouvel \u00e9lan dans leur parcours musical et de pouvoir partager ce qu&rsquo;ils &hellip; <\/p>\n<p class=\"link-more\"><a href=\"https:\/\/amgrezieu.fr\/?page_id=64\" class=\"more-link\">Continuer la lecture<span class=\"screen-reader-text\"> de &laquo;&nbsp;Ateliers &#038; Cours collectifs&nbsp;&raquo;<\/span><\/a><\/p>\n","protected":false},"author":1,"featured_media":0,"parent":57,"menu_order":3,"comment_status":"closed","ping_status":"closed","template":"page-templates\/full-width.php","meta":{"_price":"","_stock":"","_tribe_ticket_header":"","_tribe_default_ticket_provider":"","_tribe_ticket_capacity":"0","_ticket_start_date":"","_ticket_end_date":"","_tribe_ticket_show_description":"","_tribe_ticket_show_not_going":false,"_tribe_ticket_use_global_stock":"","_tribe_ticket_global_stock_level":"","_global_stock_mode":"","_global_stock_cap":"","_tribe_rsvp_for_event":"","_tribe_ticket_going_count":"","_tribe_ticket_not_going_count":"","_tribe_tickets_list":"[]","_tribe_ticket_has_attendee_info_fields":false,"footnotes":"","_tec_slr_enabled":"","_tec_slr_layout":""},"class_list":["post-64","page","type-page","status-publish","hentry"],"ticketed":false,"_links":{"self":[{"href":"https:\/\/amgrezieu.fr\/index.php?rest_route=\/wp\/v2\/pages\/64","targetHints":{"allow":["GET"]}}],"collection":[{"href":"https:\/\/amgrezieu.fr\/index.php?rest_route=\/wp\/v2\/pages"}],"about":[{"href":"https:\/\/amgrezieu.fr\/index.php?rest_route=\/wp\/v2\/types\/page"}],"author":[{"embeddable":true,"href":"https:\/\/amgrezieu.fr\/index.php?rest_route=\/wp\/v2\/users\/1"}],"replies":[{"embeddable":true,"href":"https:\/\/amgrezieu.fr\/index.php?rest_route=%2Fwp%2Fv2%2Fcomments&post=64"}],"version-history":[{"count":29,"href":"https:\/\/amgrezieu.fr\/index.php?rest_route=\/wp\/v2\/pages\/64\/revisions"}],"predecessor-version":[{"id":3764,"href":"https:\/\/amgrezieu.fr\/index.php?rest_route=\/wp\/v2\/pages\/64\/revisions\/3764"}],"up":[{"embeddable":true,"href":"https:\/\/amgrezieu.fr\/index.php?rest_route=\/wp\/v2\/pages\/57"}],"wp:attachment":[{"href":"https:\/\/amgrezieu.fr\/index.php?rest_route=%2Fwp%2Fv2%2Fmedia&parent=64"}],"curies":[{"name":"wp","href":"https:\/\/api.w.org\/{rel}","templated":true}]}}