{"id":6926,"date":"2022-12-19T17:34:37","date_gmt":"2022-12-19T16:34:37","guid":{"rendered":"https:\/\/amgrezieu.fr\/?page_id=6926"},"modified":"2022-12-20T19:34:48","modified_gmt":"2022-12-20T18:34:48","slug":"concert-de-noel-de-lamg-18-decembre-2022","status":"publish","type":"page","link":"https:\/\/amgrezieu.fr\/?page_id=6926","title":{"rendered":"Concert de No\u00ebl de l&rsquo;AMG &#8211; 18 d\u00e9cembre 2022"},"content":{"rendered":"<p><strong>Quand No\u00ebl est l\u00e0<\/strong><\/p>\n<div style=\"width: 525px;\" class=\"wp-video\"><video class=\"wp-video-shortcode\" id=\"video-6926-1\" width=\"525\" height=\"281\" preload=\"metadata\" controls=\"controls\"><source type=\"video\/mp4\" src=\"https:\/\/amgrezieu.fr\/wp-content\/uploads\/2022\/12\/WhatsApp-Video-2022-12-19-at-09.02.33-1.mp4?_=1\" \/><a href=\"https:\/\/amgrezieu.fr\/wp-content\/uploads\/2022\/12\/WhatsApp-Video-2022-12-19-at-09.02.33-1.mp4\">https:\/\/amgrezieu.fr\/wp-content\/uploads\/2022\/12\/WhatsApp-Video-2022-12-19-at-09.02.33-1.mp4<\/a><\/video><\/div>\n<p><strong>Fin de la m\u00eame chanson, avec le bruit du tra\u00eeneau du P\u00e8re No\u00ebl !<\/strong><\/p>\n<div style=\"width: 525px;\" class=\"wp-video\"><video class=\"wp-video-shortcode\" id=\"video-6926-2\" width=\"525\" height=\"289\" preload=\"metadata\" controls=\"controls\"><source type=\"video\/mp4\" src=\"https:\/\/amgrezieu.fr\/wp-content\/uploads\/2022\/12\/VIDEO-2022-12-20-18-19-59.mp4?_=2\" \/><a href=\"https:\/\/amgrezieu.fr\/wp-content\/uploads\/2022\/12\/VIDEO-2022-12-20-18-19-59.mp4\">https:\/\/amgrezieu.fr\/wp-content\/uploads\/2022\/12\/VIDEO-2022-12-20-18-19-59.mp4<\/a><\/video><\/div>\n<p><strong>Le P\u00e8re No\u00ebl Ficelle<\/strong><\/p>\n<div style=\"width: 525px;\" class=\"wp-video\"><video class=\"wp-video-shortcode\" id=\"video-6926-3\" width=\"525\" height=\"289\" preload=\"metadata\" controls=\"controls\"><source type=\"video\/mp4\" src=\"https:\/\/amgrezieu.fr\/wp-content\/uploads\/2022\/12\/WhatsApp-Video-2022-12-19-at-09.02.34-1.mp4?_=3\" \/><a href=\"https:\/\/amgrezieu.fr\/wp-content\/uploads\/2022\/12\/WhatsApp-Video-2022-12-19-at-09.02.34-1.mp4\">https:\/\/amgrezieu.fr\/wp-content\/uploads\/2022\/12\/WhatsApp-Video-2022-12-19-at-09.02.34-1.mp4<\/a><\/video><\/div>\n<p><strong>La f\u00eate du p\u00e8re No\u00ebl<\/strong><\/p>\n<div style=\"width: 525px;\" class=\"wp-video\"><video class=\"wp-video-shortcode\" id=\"video-6926-4\" width=\"525\" height=\"289\" preload=\"metadata\" controls=\"controls\"><source type=\"video\/mp4\" src=\"https:\/\/amgrezieu.fr\/wp-content\/uploads\/2022\/12\/WhatsApp-Video-2022-12-19-at-09.02.34-4.mp4?_=4\" \/><a href=\"https:\/\/amgrezieu.fr\/wp-content\/uploads\/2022\/12\/WhatsApp-Video-2022-12-19-at-09.02.34-4.mp4\">https:\/\/amgrezieu.fr\/wp-content\/uploads\/2022\/12\/WhatsApp-Video-2022-12-19-at-09.02.34-4.mp4<\/a><\/video><\/div>\n<p><strong>Greensleeves<\/strong><\/p>\n<div style=\"width: 525px;\" class=\"wp-video\"><video class=\"wp-video-shortcode\" id=\"video-6926-5\" width=\"525\" height=\"289\" preload=\"metadata\" controls=\"controls\"><source type=\"video\/mp4\" src=\"https:\/\/amgrezieu.fr\/wp-content\/uploads\/2022\/12\/WhatsApp-Video-2022-12-19-at-09.02.34-2.mp4?_=5\" \/><a href=\"https:\/\/amgrezieu.fr\/wp-content\/uploads\/2022\/12\/WhatsApp-Video-2022-12-19-at-09.02.34-2.mp4\">https:\/\/amgrezieu.fr\/wp-content\/uploads\/2022\/12\/WhatsApp-Video-2022-12-19-at-09.02.34-2.mp4<\/a><\/video><\/div>\n<p><strong>Il est n\u00e9 le divin enfant<\/strong><\/p>\n<div style=\"width: 525px;\" class=\"wp-video\"><video class=\"wp-video-shortcode\" id=\"video-6926-6\" width=\"525\" height=\"289\" preload=\"metadata\" controls=\"controls\"><source type=\"video\/mp4\" src=\"https:\/\/amgrezieu.fr\/wp-content\/uploads\/2022\/12\/WhatsApp-Video-2022-12-19-at-09.02.34-3.mp4?_=6\" \/><a href=\"https:\/\/amgrezieu.fr\/wp-content\/uploads\/2022\/12\/WhatsApp-Video-2022-12-19-at-09.02.34-3.mp4\">https:\/\/amgrezieu.fr\/wp-content\/uploads\/2022\/12\/WhatsApp-Video-2022-12-19-at-09.02.34-3.mp4<\/a><\/video><\/div>\n<p><strong>Premier pr\u00e9lude en do (J.-S. Bach)<\/strong><\/p>\n<div style=\"width: 525px;\" class=\"wp-video\"><video class=\"wp-video-shortcode\" id=\"video-6926-7\" width=\"525\" height=\"289\" preload=\"metadata\" controls=\"controls\"><source type=\"video\/mp4\" src=\"https:\/\/amgrezieu.fr\/wp-content\/uploads\/2022\/12\/WhatsApp-Video-2022-12-19-at-09.02.35.mp4?_=7\" \/><a href=\"https:\/\/amgrezieu.fr\/wp-content\/uploads\/2022\/12\/WhatsApp-Video-2022-12-19-at-09.02.35.mp4\">https:\/\/amgrezieu.fr\/wp-content\/uploads\/2022\/12\/WhatsApp-Video-2022-12-19-at-09.02.35.mp4<\/a><\/video><\/div>\n<p><strong>God rest ye merry gentlemen<\/strong><\/p>\n<div style=\"width: 525px;\" class=\"wp-video\"><video class=\"wp-video-shortcode\" id=\"video-6926-8\" width=\"525\" height=\"289\" preload=\"metadata\" controls=\"controls\"><source type=\"video\/mp4\" src=\"https:\/\/amgrezieu.fr\/wp-content\/uploads\/2022\/12\/VIDEO-2022-12-20-18-19-59.mp4?_=8\" \/><a href=\"https:\/\/amgrezieu.fr\/wp-content\/uploads\/2022\/12\/VIDEO-2022-12-20-18-19-59.mp4\">https:\/\/amgrezieu.fr\/wp-content\/uploads\/2022\/12\/VIDEO-2022-12-20-18-19-59.mp4<\/a><\/video><\/div>\n<div style=\"width: 525px;\" class=\"wp-video\"><video class=\"wp-video-shortcode\" id=\"video-6926-9\" width=\"525\" height=\"289\" preload=\"metadata\" controls=\"controls\"><source type=\"video\/mp4\" src=\"https:\/\/amgrezieu.fr\/wp-content\/uploads\/2022\/12\/WhatsApp-Video-2022-12-19-at-09.02.35-1.mp4?_=9\" \/><a href=\"https:\/\/amgrezieu.fr\/wp-content\/uploads\/2022\/12\/WhatsApp-Video-2022-12-19-at-09.02.35-1.mp4\">https:\/\/amgrezieu.fr\/wp-content\/uploads\/2022\/12\/WhatsApp-Video-2022-12-19-at-09.02.35-1.mp4<\/a><\/video><\/div>\n<p><strong>Away in a manger<\/strong><\/p>\n<div style=\"width: 525px;\" class=\"wp-video\"><video class=\"wp-video-shortcode\" id=\"video-6926-10\" width=\"525\" height=\"289\" preload=\"metadata\" controls=\"controls\"><source type=\"video\/mp4\" src=\"https:\/\/amgrezieu.fr\/wp-content\/uploads\/2022\/12\/WhatsApp-Video-2022-12-19-at-09.02.35-2.mp4?_=10\" \/><a href=\"https:\/\/amgrezieu.fr\/wp-content\/uploads\/2022\/12\/WhatsApp-Video-2022-12-19-at-09.02.35-2.mp4\">https:\/\/amgrezieu.fr\/wp-content\/uploads\/2022\/12\/WhatsApp-Video-2022-12-19-at-09.02.35-2.mp4<\/a><\/video><\/div>\n<p><strong>Lettre \u00e0 \u00c9lise<\/strong><\/p>\n<div style=\"width: 525px;\" class=\"wp-video\"><video class=\"wp-video-shortcode\" id=\"video-6926-11\" width=\"525\" height=\"289\" preload=\"metadata\" controls=\"controls\"><source type=\"video\/mp4\" src=\"https:\/\/amgrezieu.fr\/wp-content\/uploads\/2022\/12\/WhatsApp-Video-2022-12-19-at-09.02.35-3.mp4?_=11\" \/><a href=\"https:\/\/amgrezieu.fr\/wp-content\/uploads\/2022\/12\/WhatsApp-Video-2022-12-19-at-09.02.35-3.mp4\">https:\/\/amgrezieu.fr\/wp-content\/uploads\/2022\/12\/WhatsApp-Video-2022-12-19-at-09.02.35-3.mp4<\/a><\/video><\/div>\n<p><strong>Joyeux No\u00ebl<\/strong><\/p>\n<div style=\"width: 525px;\" class=\"wp-video\"><video class=\"wp-video-shortcode\" id=\"video-6926-12\" width=\"525\" height=\"289\" preload=\"metadata\" controls=\"controls\"><source type=\"video\/mp4\" src=\"https:\/\/amgrezieu.fr\/wp-content\/uploads\/2022\/12\/WhatsApp-Video-2022-12-19-at-09.02.36.mp4?_=12\" \/><a href=\"https:\/\/amgrezieu.fr\/wp-content\/uploads\/2022\/12\/WhatsApp-Video-2022-12-19-at-09.02.36.mp4\">https:\/\/amgrezieu.fr\/wp-content\/uploads\/2022\/12\/WhatsApp-Video-2022-12-19-at-09.02.36.mp4<\/a><\/video><\/div>\n<p><strong>Fly to the moon<\/strong><\/p>\n<div style=\"width: 525px;\" class=\"wp-video\"><video class=\"wp-video-shortcode\" id=\"video-6926-13\" width=\"525\" height=\"289\" preload=\"metadata\" controls=\"controls\"><source type=\"video\/mp4\" src=\"https:\/\/amgrezieu.fr\/wp-content\/uploads\/2022\/12\/WhatsApp-Video-2022-12-19-at-09.02.36-1.mp4?_=13\" \/><a href=\"https:\/\/amgrezieu.fr\/wp-content\/uploads\/2022\/12\/WhatsApp-Video-2022-12-19-at-09.02.36-1.mp4\">https:\/\/amgrezieu.fr\/wp-content\/uploads\/2022\/12\/WhatsApp-Video-2022-12-19-at-09.02.36-1.mp4<\/a><\/video><\/div>\n<p><strong>La marche des rois<\/strong><\/p>\n<div style=\"width: 525px;\" class=\"wp-video\"><video class=\"wp-video-shortcode\" id=\"video-6926-14\" width=\"525\" height=\"289\" preload=\"metadata\" controls=\"controls\"><source type=\"video\/mp4\" src=\"https:\/\/amgrezieu.fr\/wp-content\/uploads\/2022\/12\/WhatsApp-Video-2022-12-19-at-09.02.36-2.mp4?_=14\" \/><a href=\"https:\/\/amgrezieu.fr\/wp-content\/uploads\/2022\/12\/WhatsApp-Video-2022-12-19-at-09.02.36-2.mp4\">https:\/\/amgrezieu.fr\/wp-content\/uploads\/2022\/12\/WhatsApp-Video-2022-12-19-at-09.02.36-2.mp4<\/a><\/video><\/div>\n<p><strong>Jingle Bell Rock<\/strong><\/p>\n<div style=\"width: 525px;\" class=\"wp-video\"><video class=\"wp-video-shortcode\" id=\"video-6926-15\" width=\"525\" height=\"289\" preload=\"metadata\" controls=\"controls\"><source type=\"video\/mp4\" src=\"https:\/\/amgrezieu.fr\/wp-content\/uploads\/2022\/12\/WhatsApp-Video-2022-12-19-at-09.02.37.mp4?_=15\" \/><a href=\"https:\/\/amgrezieu.fr\/wp-content\/uploads\/2022\/12\/WhatsApp-Video-2022-12-19-at-09.02.37.mp4\">https:\/\/amgrezieu.fr\/wp-content\/uploads\/2022\/12\/WhatsApp-Video-2022-12-19-at-09.02.37.mp4<\/a><\/video><\/div>\n<p><strong>Dis leur que l&rsquo;on s&rsquo;aime<\/strong><\/p>\n<div style=\"width: 525px;\" class=\"wp-video\"><video class=\"wp-video-shortcode\" id=\"video-6926-16\" width=\"525\" height=\"289\" preload=\"metadata\" controls=\"controls\"><source type=\"video\/mp4\" src=\"https:\/\/amgrezieu.fr\/wp-content\/uploads\/2022\/12\/WhatsApp-Video-2022-12-19-at-09.02.37-1.mp4?_=16\" \/><a href=\"https:\/\/amgrezieu.fr\/wp-content\/uploads\/2022\/12\/WhatsApp-Video-2022-12-19-at-09.02.37-1.mp4\">https:\/\/amgrezieu.fr\/wp-content\/uploads\/2022\/12\/WhatsApp-Video-2022-12-19-at-09.02.37-1.mp4<\/a><\/video><\/div>\n<p><strong>Imagine<\/strong><\/p>\n<div style=\"width: 525px;\" class=\"wp-video\"><video class=\"wp-video-shortcode\" id=\"video-6926-17\" width=\"525\" height=\"289\" preload=\"metadata\" controls=\"controls\"><source type=\"video\/mp4\" src=\"https:\/\/amgrezieu.fr\/wp-content\/uploads\/2022\/12\/WhatsApp-Video-2022-12-19-at-09.02.37-2-1.mp4?_=17\" \/><a href=\"https:\/\/amgrezieu.fr\/wp-content\/uploads\/2022\/12\/WhatsApp-Video-2022-12-19-at-09.02.37-2-1.mp4\">https:\/\/amgrezieu.fr\/wp-content\/uploads\/2022\/12\/WhatsApp-Video-2022-12-19-at-09.02.37-2-1.mp4<\/a><\/video><\/div>\n<p><strong>Quelques photos de ce bel apr\u00e8s-midi (pr\u00e9paration et concert)<\/strong><\/p>\n<p><img fetchpriority=\"high\" decoding=\"async\" class=\"alignleft size-full wp-image-6908\" src=\"https:\/\/amgrezieu.fr\/wp-content\/uploads\/2022\/12\/WhatsApp-Image-2022-12-19-at-09.02.38.jpeg\" alt=\"\" width=\"1600\" height=\"900\" srcset=\"https:\/\/amgrezieu.fr\/wp-content\/uploads\/2022\/12\/WhatsApp-Image-2022-12-19-at-09.02.38.jpeg 1600w, https:\/\/amgrezieu.fr\/wp-content\/uploads\/2022\/12\/WhatsApp-Image-2022-12-19-at-09.02.38-300x169.jpeg 300w, https:\/\/amgrezieu.fr\/wp-content\/uploads\/2022\/12\/WhatsApp-Image-2022-12-19-at-09.02.38-768x432.jpeg 768w, https:\/\/amgrezieu.fr\/wp-content\/uploads\/2022\/12\/WhatsApp-Image-2022-12-19-at-09.02.38-1024x576.jpeg 1024w\" sizes=\"(max-width: 767px) 89vw, (max-width: 1000px) 54vw, (max-width: 1071px) 543px, 580px\" \/> <img decoding=\"async\" class=\"alignleft size-full wp-image-6907\" src=\"https:\/\/amgrezieu.fr\/wp-content\/uploads\/2022\/12\/WhatsApp-Image-2022-12-19-at-09.02.38-1.jpeg\" alt=\"\" width=\"1600\" height=\"900\" srcset=\"https:\/\/amgrezieu.fr\/wp-content\/uploads\/2022\/12\/WhatsApp-Image-2022-12-19-at-09.02.38-1.jpeg 1600w, https:\/\/amgrezieu.fr\/wp-content\/uploads\/2022\/12\/WhatsApp-Image-2022-12-19-at-09.02.38-1-300x169.jpeg 300w, https:\/\/amgrezieu.fr\/wp-content\/uploads\/2022\/12\/WhatsApp-Image-2022-12-19-at-09.02.38-1-768x432.jpeg 768w, https:\/\/amgrezieu.fr\/wp-content\/uploads\/2022\/12\/WhatsApp-Image-2022-12-19-at-09.02.38-1-1024x576.jpeg 1024w\" sizes=\"(max-width: 767px) 89vw, (max-width: 1000px) 54vw, (max-width: 1071px) 543px, 580px\" \/> <img decoding=\"async\" class=\"alignleft size-full wp-image-6906\" src=\"https:\/\/amgrezieu.fr\/wp-content\/uploads\/2022\/12\/WhatsApp-Image-2022-12-19-at-09.02.38-2.jpeg\" alt=\"\" width=\"900\" height=\"1600\" srcset=\"https:\/\/amgrezieu.fr\/wp-content\/uploads\/2022\/12\/WhatsApp-Image-2022-12-19-at-09.02.38-2.jpeg 900w, https:\/\/amgrezieu.fr\/wp-content\/uploads\/2022\/12\/WhatsApp-Image-2022-12-19-at-09.02.38-2-169x300.jpeg 169w, https:\/\/amgrezieu.fr\/wp-content\/uploads\/2022\/12\/WhatsApp-Image-2022-12-19-at-09.02.38-2-768x1365.jpeg 768w, https:\/\/amgrezieu.fr\/wp-content\/uploads\/2022\/12\/WhatsApp-Image-2022-12-19-at-09.02.38-2-576x1024.jpeg 576w\" sizes=\"(max-width: 767px) 89vw, (max-width: 1000px) 54vw, (max-width: 1071px) 543px, 580px\" \/> <img loading=\"lazy\" decoding=\"async\" class=\"alignleft size-full wp-image-6905\" src=\"https:\/\/amgrezieu.fr\/wp-content\/uploads\/2022\/12\/WhatsApp-Image-2022-12-19-at-09.02.38-3.jpeg\" alt=\"\" width=\"1600\" height=\"900\" srcset=\"https:\/\/amgrezieu.fr\/wp-content\/uploads\/2022\/12\/WhatsApp-Image-2022-12-19-at-09.02.38-3.jpeg 1600w, https:\/\/amgrezieu.fr\/wp-content\/uploads\/2022\/12\/WhatsApp-Image-2022-12-19-at-09.02.38-3-300x169.jpeg 300w, https:\/\/amgrezieu.fr\/wp-content\/uploads\/2022\/12\/WhatsApp-Image-2022-12-19-at-09.02.38-3-768x432.jpeg 768w, https:\/\/amgrezieu.fr\/wp-content\/uploads\/2022\/12\/WhatsApp-Image-2022-12-19-at-09.02.38-3-1024x576.jpeg 1024w\" sizes=\"(max-width: 767px) 89vw, (max-width: 1000px) 54vw, (max-width: 1071px) 543px, 580px\" \/> <img loading=\"lazy\" decoding=\"async\" class=\"alignleft size-full wp-image-6904\" src=\"https:\/\/amgrezieu.fr\/wp-content\/uploads\/2022\/12\/WhatsApp-Image-2022-12-19-at-09.02.38-4.jpeg\" alt=\"\" width=\"1600\" height=\"900\" srcset=\"https:\/\/amgrezieu.fr\/wp-content\/uploads\/2022\/12\/WhatsApp-Image-2022-12-19-at-09.02.38-4.jpeg 1600w, https:\/\/amgrezieu.fr\/wp-content\/uploads\/2022\/12\/WhatsApp-Image-2022-12-19-at-09.02.38-4-300x169.jpeg 300w, https:\/\/amgrezieu.fr\/wp-content\/uploads\/2022\/12\/WhatsApp-Image-2022-12-19-at-09.02.38-4-768x432.jpeg 768w, https:\/\/amgrezieu.fr\/wp-content\/uploads\/2022\/12\/WhatsApp-Image-2022-12-19-at-09.02.38-4-1024x576.jpeg 1024w\" sizes=\"(max-width: 767px) 89vw, (max-width: 1000px) 54vw, (max-width: 1071px) 543px, 580px\" \/> <img loading=\"lazy\" decoding=\"async\" class=\"alignleft size-full wp-image-6903\" src=\"https:\/\/amgrezieu.fr\/wp-content\/uploads\/2022\/12\/WhatsApp-Image-2022-12-19-at-09.02.39.jpeg\" alt=\"\" width=\"1600\" height=\"900\" srcset=\"https:\/\/amgrezieu.fr\/wp-content\/uploads\/2022\/12\/WhatsApp-Image-2022-12-19-at-09.02.39.jpeg 1600w, https:\/\/amgrezieu.fr\/wp-content\/uploads\/2022\/12\/WhatsApp-Image-2022-12-19-at-09.02.39-300x169.jpeg 300w, https:\/\/amgrezieu.fr\/wp-content\/uploads\/2022\/12\/WhatsApp-Image-2022-12-19-at-09.02.39-768x432.jpeg 768w, https:\/\/amgrezieu.fr\/wp-content\/uploads\/2022\/12\/WhatsApp-Image-2022-12-19-at-09.02.39-1024x576.jpeg 1024w\" sizes=\"(max-width: 767px) 89vw, (max-width: 1000px) 54vw, (max-width: 1071px) 543px, 580px\" \/> <img loading=\"lazy\" decoding=\"async\" class=\"alignleft size-full wp-image-6902\" src=\"https:\/\/amgrezieu.fr\/wp-content\/uploads\/2022\/12\/WhatsApp-Image-2022-12-19-at-09.02.39-1.jpeg\" alt=\"\" width=\"1600\" height=\"900\" srcset=\"https:\/\/amgrezieu.fr\/wp-content\/uploads\/2022\/12\/WhatsApp-Image-2022-12-19-at-09.02.39-1.jpeg 1600w, https:\/\/amgrezieu.fr\/wp-content\/uploads\/2022\/12\/WhatsApp-Image-2022-12-19-at-09.02.39-1-300x169.jpeg 300w, https:\/\/amgrezieu.fr\/wp-content\/uploads\/2022\/12\/WhatsApp-Image-2022-12-19-at-09.02.39-1-768x432.jpeg 768w, https:\/\/amgrezieu.fr\/wp-content\/uploads\/2022\/12\/WhatsApp-Image-2022-12-19-at-09.02.39-1-1024x576.jpeg 1024w\" sizes=\"(max-width: 767px) 89vw, (max-width: 1000px) 54vw, (max-width: 1071px) 543px, 580px\" \/> <img loading=\"lazy\" decoding=\"async\" class=\"alignleft size-full wp-image-6901\" src=\"https:\/\/amgrezieu.fr\/wp-content\/uploads\/2022\/12\/WhatsApp-Image-2022-12-19-at-09.02.39-2.jpeg\" alt=\"\" width=\"1600\" height=\"900\" srcset=\"https:\/\/amgrezieu.fr\/wp-content\/uploads\/2022\/12\/WhatsApp-Image-2022-12-19-at-09.02.39-2.jpeg 1600w, https:\/\/amgrezieu.fr\/wp-content\/uploads\/2022\/12\/WhatsApp-Image-2022-12-19-at-09.02.39-2-300x169.jpeg 300w, https:\/\/amgrezieu.fr\/wp-content\/uploads\/2022\/12\/WhatsApp-Image-2022-12-19-at-09.02.39-2-768x432.jpeg 768w, https:\/\/amgrezieu.fr\/wp-content\/uploads\/2022\/12\/WhatsApp-Image-2022-12-19-at-09.02.39-2-1024x576.jpeg 1024w\" sizes=\"(max-width: 767px) 89vw, (max-width: 1000px) 54vw, (max-width: 1071px) 543px, 580px\" \/> <img loading=\"lazy\" decoding=\"async\" class=\"alignleft size-full wp-image-6900\" src=\"https:\/\/amgrezieu.fr\/wp-content\/uploads\/2022\/12\/WhatsApp-Image-2022-12-19-at-09.02.39-3.jpeg\" alt=\"\" width=\"1600\" height=\"900\" srcset=\"https:\/\/amgrezieu.fr\/wp-content\/uploads\/2022\/12\/WhatsApp-Image-2022-12-19-at-09.02.39-3.jpeg 1600w, https:\/\/amgrezieu.fr\/wp-content\/uploads\/2022\/12\/WhatsApp-Image-2022-12-19-at-09.02.39-3-300x169.jpeg 300w, https:\/\/amgrezieu.fr\/wp-content\/uploads\/2022\/12\/WhatsApp-Image-2022-12-19-at-09.02.39-3-768x432.jpeg 768w, https:\/\/amgrezieu.fr\/wp-content\/uploads\/2022\/12\/WhatsApp-Image-2022-12-19-at-09.02.39-3-1024x576.jpeg 1024w\" sizes=\"(max-width: 767px) 89vw, (max-width: 1000px) 54vw, (max-width: 1071px) 543px, 580px\" \/> <img loading=\"lazy\" decoding=\"async\" class=\"alignleft size-full wp-image-6899\" src=\"https:\/\/amgrezieu.fr\/wp-content\/uploads\/2022\/12\/WhatsApp-Image-2022-12-19-at-09.02.39-4.jpeg\" alt=\"\" width=\"1600\" height=\"900\" srcset=\"https:\/\/amgrezieu.fr\/wp-content\/uploads\/2022\/12\/WhatsApp-Image-2022-12-19-at-09.02.39-4.jpeg 1600w, https:\/\/amgrezieu.fr\/wp-content\/uploads\/2022\/12\/WhatsApp-Image-2022-12-19-at-09.02.39-4-300x169.jpeg 300w, https:\/\/amgrezieu.fr\/wp-content\/uploads\/2022\/12\/WhatsApp-Image-2022-12-19-at-09.02.39-4-768x432.jpeg 768w, https:\/\/amgrezieu.fr\/wp-content\/uploads\/2022\/12\/WhatsApp-Image-2022-12-19-at-09.02.39-4-1024x576.jpeg 1024w\" sizes=\"(max-width: 767px) 89vw, (max-width: 1000px) 54vw, (max-width: 1071px) 543px, 580px\" \/><\/p>\n<p><strong>La salle \u00e9tait archi-pleine !<\/strong><img loading=\"lazy\" decoding=\"async\" class=\"alignleft size-full wp-image-7025\" src=\"https:\/\/amgrezieu.fr\/wp-content\/uploads\/2022\/12\/PHOTO-2022-12-20-18-18-45.jpg\" alt=\"\" width=\"1600\" height=\"900\" srcset=\"https:\/\/amgrezieu.fr\/wp-content\/uploads\/2022\/12\/PHOTO-2022-12-20-18-18-45.jpg 1600w, https:\/\/amgrezieu.fr\/wp-content\/uploads\/2022\/12\/PHOTO-2022-12-20-18-18-45-300x169.jpg 300w, https:\/\/amgrezieu.fr\/wp-content\/uploads\/2022\/12\/PHOTO-2022-12-20-18-18-45-768x432.jpg 768w, https:\/\/amgrezieu.fr\/wp-content\/uploads\/2022\/12\/PHOTO-2022-12-20-18-18-45-1024x576.jpg 1024w\" sizes=\"(max-width: 767px) 89vw, (max-width: 1000px) 54vw, (max-width: 1071px) 543px, 580px\" \/> <img loading=\"lazy\" decoding=\"async\" class=\"alignleft size-full wp-image-7024\" src=\"https:\/\/amgrezieu.fr\/wp-content\/uploads\/2022\/12\/PHOTO-2022-12-20-18-18-46.jpg\" alt=\"\" width=\"1600\" height=\"900\" srcset=\"https:\/\/amgrezieu.fr\/wp-content\/uploads\/2022\/12\/PHOTO-2022-12-20-18-18-46.jpg 1600w, https:\/\/amgrezieu.fr\/wp-content\/uploads\/2022\/12\/PHOTO-2022-12-20-18-18-46-300x169.jpg 300w, https:\/\/amgrezieu.fr\/wp-content\/uploads\/2022\/12\/PHOTO-2022-12-20-18-18-46-768x432.jpg 768w, https:\/\/amgrezieu.fr\/wp-content\/uploads\/2022\/12\/PHOTO-2022-12-20-18-18-46-1024x576.jpg 1024w\" sizes=\"(max-width: 767px) 89vw, (max-width: 1000px) 54vw, (max-width: 1071px) 543px, 580px\" \/> <img loading=\"lazy\" decoding=\"async\" class=\"alignleft size-full wp-image-7023\" src=\"https:\/\/amgrezieu.fr\/wp-content\/uploads\/2022\/12\/PHOTO-2022-12-20-18-18-46-2.jpg\" alt=\"\" width=\"1600\" height=\"900\" srcset=\"https:\/\/amgrezieu.fr\/wp-content\/uploads\/2022\/12\/PHOTO-2022-12-20-18-18-46-2.jpg 1600w, https:\/\/amgrezieu.fr\/wp-content\/uploads\/2022\/12\/PHOTO-2022-12-20-18-18-46-2-300x169.jpg 300w, https:\/\/amgrezieu.fr\/wp-content\/uploads\/2022\/12\/PHOTO-2022-12-20-18-18-46-2-768x432.jpg 768w, https:\/\/amgrezieu.fr\/wp-content\/uploads\/2022\/12\/PHOTO-2022-12-20-18-18-46-2-1024x576.jpg 1024w\" sizes=\"(max-width: 767px) 89vw, (max-width: 1000px) 54vw, (max-width: 1071px) 543px, 580px\" \/> <img loading=\"lazy\" decoding=\"async\" class=\"alignleft size-full wp-image-7022\" src=\"https:\/\/amgrezieu.fr\/wp-content\/uploads\/2022\/12\/PHOTO-2022-12-20-18-18-46-3.jpg\" alt=\"\" width=\"1600\" height=\"900\" srcset=\"https:\/\/amgrezieu.fr\/wp-content\/uploads\/2022\/12\/PHOTO-2022-12-20-18-18-46-3.jpg 1600w, https:\/\/amgrezieu.fr\/wp-content\/uploads\/2022\/12\/PHOTO-2022-12-20-18-18-46-3-300x169.jpg 300w, https:\/\/amgrezieu.fr\/wp-content\/uploads\/2022\/12\/PHOTO-2022-12-20-18-18-46-3-768x432.jpg 768w, https:\/\/amgrezieu.fr\/wp-content\/uploads\/2022\/12\/PHOTO-2022-12-20-18-18-46-3-1024x576.jpg 1024w\" sizes=\"(max-width: 767px) 89vw, (max-width: 1000px) 54vw, (max-width: 1071px) 543px, 580px\" \/><\/p>\n<p><strong><br \/>\nEt comme le concert avait lieu au moment de la finale de la Coupe du Monde de Football&#8230;<\/strong><br \/>\n<img loading=\"lazy\" decoding=\"async\" class=\"alignleft size-full wp-image-6896\" src=\"https:\/\/amgrezieu.fr\/wp-content\/uploads\/2022\/12\/WhatsApp-Image-2022-12-19-at-09.02.40-2.jpeg\" alt=\"\" width=\"1600\" height=\"900\" srcset=\"https:\/\/amgrezieu.fr\/wp-content\/uploads\/2022\/12\/WhatsApp-Image-2022-12-19-at-09.02.40-2.jpeg 1600w, https:\/\/amgrezieu.fr\/wp-content\/uploads\/2022\/12\/WhatsApp-Image-2022-12-19-at-09.02.40-2-300x169.jpeg 300w, https:\/\/amgrezieu.fr\/wp-content\/uploads\/2022\/12\/WhatsApp-Image-2022-12-19-at-09.02.40-2-768x432.jpeg 768w, https:\/\/amgrezieu.fr\/wp-content\/uploads\/2022\/12\/WhatsApp-Image-2022-12-19-at-09.02.40-2-1024x576.jpeg 1024w\" sizes=\"(max-width: 767px) 89vw, (max-width: 1000px) 54vw, (max-width: 1071px) 543px, 580px\" \/><\/p>\n","protected":false},"excerpt":{"rendered":"<p>Quand No\u00ebl est l\u00e0 Fin de la m\u00eame chanson, avec le bruit du tra\u00eeneau du P\u00e8re No\u00ebl ! Le P\u00e8re No\u00ebl Ficelle La f\u00eate du p\u00e8re No\u00ebl Greensleeves Il est &hellip; <\/p>\n<p class=\"link-more\"><a href=\"https:\/\/amgrezieu.fr\/?page_id=6926\" class=\"more-link\">Continuer la lecture<span class=\"screen-reader-text\"> de &laquo;&nbsp;Concert de No\u00ebl de l&rsquo;AMG &#8211; 18 d\u00e9cembre 2022&nbsp;&raquo;<\/span><\/a><\/p>\n","protected":false},"author":1,"featured_media":0,"parent":0,"menu_order":0,"comment_status":"closed","ping_status":"closed","template":"","meta":{"_price":"","_stock":"","_tribe_ticket_header":"","_tribe_default_ticket_provider":"","_tribe_ticket_capacity":"0","_ticket_start_date":"","_ticket_end_date":"","_tribe_ticket_show_description":"","_tribe_ticket_show_not_going":false,"_tribe_ticket_use_global_stock":"","_tribe_ticket_global_stock_level":"","_global_stock_mode":"","_global_stock_cap":"","_tribe_rsvp_for_event":"","_tribe_ticket_going_count":"","_tribe_ticket_not_going_count":"","_tribe_tickets_list":"[]","_tribe_ticket_has_attendee_info_fields":false,"footnotes":"","_tec_slr_enabled":"","_tec_slr_layout":""},"class_list":["post-6926","page","type-page","status-publish","hentry"],"ticketed":false,"_links":{"self":[{"href":"https:\/\/amgrezieu.fr\/index.php?rest_route=\/wp\/v2\/pages\/6926","targetHints":{"allow":["GET"]}}],"collection":[{"href":"https:\/\/amgrezieu.fr\/index.php?rest_route=\/wp\/v2\/pages"}],"about":[{"href":"https:\/\/amgrezieu.fr\/index.php?rest_route=\/wp\/v2\/types\/page"}],"author":[{"embeddable":true,"href":"https:\/\/amgrezieu.fr\/index.php?rest_route=\/wp\/v2\/users\/1"}],"replies":[{"embeddable":true,"href":"https:\/\/amgrezieu.fr\/index.php?rest_route=%2Fwp%2Fv2%2Fcomments&post=6926"}],"version-history":[{"count":9,"href":"https:\/\/amgrezieu.fr\/index.php?rest_route=\/wp\/v2\/pages\/6926\/revisions"}],"predecessor-version":[{"id":7033,"href":"https:\/\/amgrezieu.fr\/index.php?rest_route=\/wp\/v2\/pages\/6926\/revisions\/7033"}],"wp:attachment":[{"href":"https:\/\/amgrezieu.fr\/index.php?rest_route=%2Fwp%2Fv2%2Fmedia&parent=6926"}],"curies":[{"name":"wp","href":"https:\/\/api.w.org\/{rel}","templated":true}]}}