{"id":816,"date":"2014-08-30T12:47:38","date_gmt":"2014-08-30T10:47:38","guid":{"rendered":"http:\/\/amgrezieu.fr\/?page_id=816"},"modified":"2021-09-23T22:37:45","modified_gmt":"2021-09-23T20:37:45","slug":"inscriptions-tarifs","status":"publish","type":"page","link":"https:\/\/amgrezieu.fr\/?page_id=816","title":{"rendered":"Inscriptions 2021-2022"},"content":{"rendered":"<p><strong><a href=\"https:\/\/amgrezieu.fr\/wp-content\/uploads\/2021\/09\/Protocole-reprise-AMG.pdf\">T\u00e9l\u00e9charger le protocole sanitaire<\/a> r\u00e9gissant notre AMG suivant le d\u00e9cret n\u00b0 2021-1118 du 26 ao\u00fbt 2021.<\/strong><\/p>\n<p>&#8212;&#8212;-<\/p>\n<p><strong>Cette page contient :<\/strong><\/p>\n<ol>\n<li>La fiche de pr\u00e9-inscription 2022-22<\/li>\n<li>La fiche d&rsquo;inscription 2021-22`<\/li>\n<li>Les modifications du r\u00e8glement int\u00e9rieur<\/li>\n<li>Le calendrier des cours en 2021-22<\/li>\n<\/ol>\n<p><a href=\"https:\/\/amgrezieu.fr\/wp-content\/uploads\/2021\/06\/Pre\u0301-inscription-2021-2022-DEFINITIF.pdf\"><img loading=\"lazy\" decoding=\"async\" class=\"alignleft size-full wp-image-5822\" src=\"https:\/\/amgrezieu.fr\/wp-content\/uploads\/2021\/06\/Pre\u0301-inscription-2021-2022-DEFINITIF.jpg\" alt=\"\" width=\"1080\" height=\"1560\" srcset=\"https:\/\/amgrezieu.fr\/wp-content\/uploads\/2021\/06\/Pre\u0301-inscription-2021-2022-DEFINITIF.jpg 1080w, https:\/\/amgrezieu.fr\/wp-content\/uploads\/2021\/06\/Pre\u0301-inscription-2021-2022-DEFINITIF-208x300.jpg 208w, https:\/\/amgrezieu.fr\/wp-content\/uploads\/2021\/06\/Pre\u0301-inscription-2021-2022-DEFINITIF-768x1109.jpg 768w, https:\/\/amgrezieu.fr\/wp-content\/uploads\/2021\/06\/Pre\u0301-inscription-2021-2022-DEFINITIF-709x1024.jpg 709w\" sizes=\"auto, (max-width: 767px) 89vw, (max-width: 1000px) 54vw, (max-width: 1071px) 543px, 580px\" \/><\/a><\/p>\n<p>&nbsp;<\/p>\n<p><a href=\"https:\/\/amgrezieu.fr\/wp-content\/uploads\/2021\/06\/Fiche-dinscription-2021-2022-avec-MAONouvelle-MATRICE.xlsx\">La fiche d&rsquo;inscription 2021-2022 (Excel)<\/a><\/p>\n<p><a href=\"https:\/\/amgrezieu.fr\/wp-content\/uploads\/2021\/06\/REGLEMENT_INTERIEUR_AMG-modification.docx.pdf\">Les modification du r\u00e8glement int\u00e9rieur de l&rsquo;AMG (Word)<\/a><\/p>\n<p><a href=\"https:\/\/amgrezieu.fr\/wp-content\/uploads\/2021\/06\/calendrier-2021-2022-version-22-juin-2021.xlsx\">Le calendrier des cours en 2021-22 (format Excel)<\/a><\/p>\n<hr \/>\n<p>Chers adh\u00e9rents et chers parents,<\/p>\n<p><strong>La MAO arrive \u00e0 l\u2019AMG au mois de septembre :<br \/>\n<\/strong><\/p>\n<p>L\u2019AMG s\u2019adapte aux nouvelles techniques musicales et int\u00e8gre la Musique Num\u00e9rique \u00e0 son offre de services.<\/p>\n<p>Qui n\u2019a pas r\u00eav\u00e9 d\u2019entrer dans le monde magique de la musique assist\u00e9e par ordinateur et de jouer \u00e0 l\u2019ing\u00e9nieur du son ? Ce sera chose possible d\u00e8s la rentr\u00e9e gr\u00e2ce \u00e0 Stani Jardel qui se chargera d\u2019accompagner les passionn\u00e9s dans leur initiation et leurs projets de cr\u00e9ations musicales (d\u00e8s 8 ans).<\/p>\n<p>Alors rendez-vous le 4 septembre prochain au Forum des Associations pour d\u00e9couvrir cette activit\u00e9 musicale dans l\u2019air du temps !<\/p>\n<p><strong>\u00ab Le violon de 3 \u00e0 \u2026 99 ans : \u00bb<\/strong><\/p>\n<p>Ca bouge aussi c\u00f4t\u00e9 violon ! Apr\u00e8s 6 ans de bons et loyaux services, Marine Margain passe la main \u00e0 Ga\u00eblle Castor, membre de l\u2019orchestre symphonique de Lyon et professeur \u00e0 Ste Foy-les-Lyon. Tout comme Marine, Ga\u00eblle utilise la p\u00e9dagogie Suzuki qui, bas\u00e9e sur le mim\u00e9tisme, permet aux enfants de commencer \u00e0 apprendre un instrument d\u00e8s 3 ANS ! Mais qui peut le plus peut le moins ! Ga\u00eblle peut aussi enseigner le violon de fa\u00e7on tout \u00e0 fait traditionnelle \u00e0 ceux qui le souhaitent. Et ce, jusqu\u2019\u00e0 99 ans\u00a0! Elle propose \u00e9galement des cours d\u2019alto.<\/p>\n<p><strong>\u00ab Et pourquoi ne pas vous d\u00e9couvrir une nouvelle passion ? L\u2019AMG vous propose aussi : \u00bb<\/strong><\/p>\n<p>La guitare avec Fr\u00e9d\u00e9ric Bolla, et Jean-Louis Nietto, la batterie et autres percussions avec Philippe Sliwa, le piano, la trompette, le cor et le chant avec Jacques Cou\u00ebffe, de d\u00e9couvrir le synth\u00e9 ou de rejoindre les ensembles musicaux rock et pop rock (ados et adultes) avec C\u00e9dric Perret, de s\u2019initier \u00e0 l\u2019\u00e9veil musical et \u00e0 la fl\u00fbte avec V\u00e9ronique Bernard, ou encore de chanter \u00e0 tue-t\u00eate avec Emeline Martinez \u00e0 la chorale adulte ?<\/p>\n<p>Venez d\u00e9couvrir le parcours de nos professeurs talentueux sur notre site Web :\u00a0 <strong>https:\/\/amgrezieu.fr<\/strong><\/p>\n<p>Alors n\u2019h\u00e9sitez plus, et r\u00e9server vos cours d\u00e8s \u00e0 pr\u00e9sent en nous renvoyant <strong>votre fiche de pr\u00e9-inscription<\/strong> ci-jointe par mail \u00e0 <strong>amg.grezieu@orange.fr <\/strong>ou encore en la d\u00e9posant dans la bo\u00eete aux lettres de l\u2019association.<\/p>\n<p><strong>\u00ab\u00a0Un peu de douceur pour votre \u00e9t\u00e9\u2026\u00a0\u00bb<\/strong><\/p>\n<p>Jacques Cou\u00ebff\u00e9 a compos\u00e9 un recueil de musique \u00ab\u00a0zen\u00a0\u00bb et son CD vient de sortir. Bravo \u00e0 lui, \u00ab\u00a0Escales\u00a0\u00bb nous promet des heures de qui\u00e9tude bienvenues apr\u00e8s cette ann\u00e9e mouvement\u00e9e. N\u2019h\u00e9sitez pas \u00e0 lui demander, il se charge de la vente.<\/p>\n<p><strong>\u00ab\u00a0Un d\u00e9fi \u00e0 relever pour 2021\u00a0: rejoindre le C.A. de notre association\u00a0!\u00a0\u00bb<\/strong><\/p>\n<p><u>Petit topo en pr\u00e9ambule<\/u><\/p>\n<p>L\u2019association musicale regroupe plusieurs activit\u00e9s, avec la formation musicale (\u00e9veil et solf\u00e8ge), l\u2019apprentissage des instruments (guitare, synth\u00e9, piano, violon et batterie) et les ateliers d\u2019ensemble (chorale, ensemble rock ado et ensemble rock adulte). Or, pour l\u2019instant, l\u2019administration de l\u2019association est port\u00e9e uniquement par les adh\u00e9rents de la chorale !<\/p>\n<p>L\u2019\u00e9quipe actuelle est compos\u00e9e de dix b\u00e9n\u00e9voles au total (plus un webmaster qui anime le site de l\u2019AMG) mais quatre d\u2019entre nous seulement constituent l\u2019\u00e9quipe dirigeante. A l\u2019id\u00e9al nous devrions \u00eatre six\u00a0!<\/p>\n<p>Que ce soit au niveau de la pr\u00e9sidence ou de la tr\u00e9sorerie, ou pour apporter votre dynamisme et des id\u00e9es nouvelles, il nous manque du monde pour nous \u00e9pauler\u00a0! Alors, si vous \u00eates motiv\u00e9, si vous aimez \u00eatre \u00e0 l\u2019origine de projets et les voir se concr\u00e9tiser au sein d\u2019une \u00e9quipe sympathique, rejoignez-nous\u00a0!<\/p>\n<p>Peut-\u00eatre voudrez-vous dans un premier temps int\u00e9grer le CA, afin de \u00ab\u00a0prendre la temp\u00e9rature\u00a0\u00bb de l\u2019association avant de vous engager plus formellement dans le bureau, ce serait un premier pas, un accueil chaleureux vous attend, n\u2019h\u00e9sitez pas \u00e0 vous faire conna\u00eetre. Notre \u00e9quipe est pr\u00eate \u00e0 vous int\u00e9grer, vous avez s\u00fbrement des savoirs ou des exp\u00e9riences \u00e0 nous faire partager.<\/p>\n<p>Il est possible dans un premier temps d\u2019int\u00e9grer les r\u00e9unions du CA en tant qu\u2019invit\u00e9.<\/p>\n<p>Nous attendons toutes les bonnes volont\u00e9s\u00a0!<\/p>\n<p>Enfin, L&rsquo;AMG tient \u00e0 vous remercier pour votre confiance sans faille malgr\u00e9 les hauts et les bas de cette ann\u00e9e difficile. Quand cela a \u00e9t\u00e9 possible, vous avez jou\u00e9 le jeu de la visioconf\u00e9rence maintenant ainsi un lien bien appr\u00e9ciable, voire indispensable entre \u00e9l\u00e8ves et professeurs.<\/p>\n<p>Les vacances d\u2019\u00e9t\u00e9 arrivent \u00e0 grands pas, alors nous vous souhaitons un bel \u00e9t\u00e9, et vous attendons nombreux \u00e0 la rentr\u00e9e !<\/p>\n<p>Bien musicalement \u00e0 tous,<\/p>\n<p><strong><em>L\u2019\u00e9quipe de l\u2019AMG<\/em><\/strong><\/p>\n<p><a href=\"https:\/\/amgrezieu.fr\/wp-content\/uploads\/2021\/06\/calendrier-2021-2022-version-22-juin-2021.xlsx\">calendrier 2021-2022<\/a><\/p>\n","protected":false},"excerpt":{"rendered":"<p>T\u00e9l\u00e9charger le protocole sanitaire r\u00e9gissant notre AMG suivant le d\u00e9cret n\u00b0 2021-1118 du 26 ao\u00fbt 2021. &#8212;&#8212;- Cette page contient : La fiche de pr\u00e9-inscription 2022-22 La fiche d&rsquo;inscription 2021-22` &hellip; <\/p>\n<p class=\"link-more\"><a href=\"https:\/\/amgrezieu.fr\/?page_id=816\" class=\"more-link\">Continuer la lecture<span class=\"screen-reader-text\"> de &laquo;&nbsp;Inscriptions 2021-2022&nbsp;&raquo;<\/span><\/a><\/p>\n","protected":false},"author":1,"featured_media":0,"parent":0,"menu_order":6,"comment_status":"closed","ping_status":"closed","template":"","meta":{"_price":"","_stock":"","_tribe_ticket_header":"","_tribe_default_ticket_provider":"","_tribe_ticket_capacity":"0","_ticket_start_date":"","_ticket_end_date":"","_tribe_ticket_show_description":"","_tribe_ticket_show_not_going":false,"_tribe_ticket_use_global_stock":"","_tribe_ticket_global_stock_level":"","_global_stock_mode":"","_global_stock_cap":"","_tribe_rsvp_for_event":"","_tribe_ticket_going_count":"","_tribe_ticket_not_going_count":"","_tribe_tickets_list":"[]","_tribe_ticket_has_attendee_info_fields":false,"footnotes":"","_tec_slr_enabled":"","_tec_slr_layout":""},"class_list":["post-816","page","type-page","status-publish","hentry"],"ticketed":false,"_links":{"self":[{"href":"https:\/\/amgrezieu.fr\/index.php?rest_route=\/wp\/v2\/pages\/816","targetHints":{"allow":["GET"]}}],"collection":[{"href":"https:\/\/amgrezieu.fr\/index.php?rest_route=\/wp\/v2\/pages"}],"about":[{"href":"https:\/\/amgrezieu.fr\/index.php?rest_route=\/wp\/v2\/types\/page"}],"author":[{"embeddable":true,"href":"https:\/\/amgrezieu.fr\/index.php?rest_route=\/wp\/v2\/users\/1"}],"replies":[{"embeddable":true,"href":"https:\/\/amgrezieu.fr\/index.php?rest_route=%2Fwp%2Fv2%2Fcomments&post=816"}],"version-history":[{"count":113,"href":"https:\/\/amgrezieu.fr\/index.php?rest_route=\/wp\/v2\/pages\/816\/revisions"}],"predecessor-version":[{"id":5942,"href":"https:\/\/amgrezieu.fr\/index.php?rest_route=\/wp\/v2\/pages\/816\/revisions\/5942"}],"wp:attachment":[{"href":"https:\/\/amgrezieu.fr\/index.php?rest_route=%2Fwp%2Fv2%2Fmedia&parent=816"}],"curies":[{"name":"wp","href":"https:\/\/api.w.org\/{rel}","templated":true}]}}