{"id":8240,"date":"2024-08-13T19:14:16","date_gmt":"2024-08-13T17:14:16","guid":{"rendered":"https:\/\/amgrezieu.fr\/?page_id=8240"},"modified":"2025-02-02T16:16:11","modified_gmt":"2025-02-02T15:16:11","slug":"devenez-benevoles","status":"publish","type":"page","link":"https:\/\/amgrezieu.fr\/?page_id=8240","title":{"rendered":"DEVENEZ BENEVOLES !"},"content":{"rendered":"<h2><img decoding=\"async\" class=\"wp-image-8245 alignleft\" src=\"https:\/\/amgrezieu.fr\/wp-content\/uploads\/2024\/08\/LOGO-GREZIEU-TRANSPARENT.png\" alt=\"\" width=\"106\" height=\"146\" \/><span style=\"color: #0000ff;\"><b>Comme toujours, nous avons grand besoin de vos talents ! Alors si le c\u0153ur vous en dit, vous pouvez nous aider de plusieurs fa\u00e7ons, selon votre exp\u00e9rience, vos envies, vos\u00a0 disponibilit\u00e9s, ponctuelles ou non \u2026<\/b><\/span><\/h2>\n<h2 style=\"text-align: left;\"><span style=\"color: #ff0000;\"><b>Que vous soyez habitant de la commune ou des communes voisines , adh\u00e9rent de l&rsquo;association, toute aide propos\u00e9e\u00a0 sera la bienvenue, les domaines d\u2019intervention propos\u00e9s\u00a0 sont\u00a0 vastes et vari\u00e9s :<\/b><\/span><\/h2>\n<p>&nbsp;<\/p>\n<h2 style=\"text-align: center;\"><span style=\"color: #0000ff;\"><em><strong>\u00abSECRETARIAT\u00a0 &#8211;\u00a0 COMMUNICATION\u00a0 &#8211;\u00a0 MAINTENANCE DE\u00a0 \u00a0NOTRE SITE INTERNET\u00a0 &#8211;\u00a0 AIDE A L&rsquo;ORGANISATION\u00a0 DE NOS EVENEMENTS\u00a0 OU\u00a0 ORGANISATION\u00a0 DE\u00a0 NOS\u00a0 EVENEMENTS<\/strong> <strong>\u00bb<\/strong><\/em><\/span><\/h2>\n<h2><span style=\"color: #333333;\"><b>Prenez contact avec nous au 07.63.59.50.31 !\u00a0 nous vous proposerons un rendez-vous personnalis\u00e9 dans nos locaux pour vous exposer nos besoins.\u00a0\u00a0<\/b><\/span><\/h2>\n<p><img fetchpriority=\"high\" decoding=\"async\" class=\"aligncenter wp-image-8250 size-full\" src=\"https:\/\/amgrezieu.fr\/wp-content\/uploads\/2024\/08\/Projet-Affiche-Benevolat-2024-ARTICLE.jpg\" alt=\"\" width=\"713\" height=\"465\" \/><\/p>\n","protected":false},"excerpt":{"rendered":"<p>Comme toujours, nous avons grand besoin de vos talents ! Alors si le c\u0153ur vous en dit, vous pouvez nous aider de plusieurs fa\u00e7ons, selon votre exp\u00e9rience, vos envies, vos\u00a0 &hellip; <\/p>\n<p class=\"link-more\"><a href=\"https:\/\/amgrezieu.fr\/?page_id=8240\" class=\"more-link\">Continuer la lecture<span class=\"screen-reader-text\"> de &laquo;&nbsp;DEVENEZ BENEVOLES !&nbsp;&raquo;<\/span><\/a><\/p>\n","protected":false},"author":1,"featured_media":0,"parent":0,"menu_order":0,"comment_status":"closed","ping_status":"closed","template":"","meta":{"_price":"","_stock":"","_tribe_ticket_header":"","_tribe_default_ticket_provider":"","_tribe_ticket_capacity":"0","_ticket_start_date":"","_ticket_end_date":"","_tribe_ticket_show_description":"","_tribe_ticket_show_not_going":false,"_tribe_ticket_use_global_stock":"","_tribe_ticket_global_stock_level":"","_global_stock_mode":"","_global_stock_cap":"","_tribe_rsvp_for_event":"","_tribe_ticket_going_count":"","_tribe_ticket_not_going_count":"","_tribe_tickets_list":"[]","_tribe_ticket_has_attendee_info_fields":false,"footnotes":"","_tec_slr_enabled":"","_tec_slr_layout":""},"class_list":["post-8240","page","type-page","status-publish","hentry"],"ticketed":false,"_links":{"self":[{"href":"https:\/\/amgrezieu.fr\/index.php?rest_route=\/wp\/v2\/pages\/8240","targetHints":{"allow":["GET"]}}],"collection":[{"href":"https:\/\/amgrezieu.fr\/index.php?rest_route=\/wp\/v2\/pages"}],"about":[{"href":"https:\/\/amgrezieu.fr\/index.php?rest_route=\/wp\/v2\/types\/page"}],"author":[{"embeddable":true,"href":"https:\/\/amgrezieu.fr\/index.php?rest_route=\/wp\/v2\/users\/1"}],"replies":[{"embeddable":true,"href":"https:\/\/amgrezieu.fr\/index.php?rest_route=%2Fwp%2Fv2%2Fcomments&post=8240"}],"version-history":[{"count":9,"href":"https:\/\/amgrezieu.fr\/index.php?rest_route=\/wp\/v2\/pages\/8240\/revisions"}],"predecessor-version":[{"id":8735,"href":"https:\/\/amgrezieu.fr\/index.php?rest_route=\/wp\/v2\/pages\/8240\/revisions\/8735"}],"wp:attachment":[{"href":"https:\/\/amgrezieu.fr\/index.php?rest_route=%2Fwp%2Fv2%2Fmedia&parent=8240"}],"curies":[{"name":"wp","href":"https:\/\/api.w.org\/{rel}","templated":true}]}}