{"id":86,"date":"2014-03-12T17:44:19","date_gmt":"2014-03-12T16:44:19","guid":{"rendered":"http:\/\/cjgl.wordpress-hebergement.fr\/?page_id=86"},"modified":"2019-10-11T19:18:08","modified_gmt":"2019-10-11T17:18:08","slug":"livre-dor","status":"publish","type":"page","link":"https:\/\/amgrezieu.fr\/?page_id=86","title":{"rendered":"Vos impressions"},"content":{"rendered":"<p style=\"text-align: center;\"><a href=\"http:\/\/amgrezieu.fr\/wp-content\/uploads\/2014\/10\/LIVRE-D-OR.jpg\"><img fetchpriority=\"high\" decoding=\"async\" class=\"size-medium wp-image-1073 aligncenter\" src=\"http:\/\/amgrezieu.fr\/wp-content\/uploads\/2014\/10\/LIVRE-D-OR-300x227.jpg\" alt=\"LIVRE-D-OR\" width=\"300\" height=\"227\" srcset=\"https:\/\/amgrezieu.fr\/wp-content\/uploads\/2014\/10\/LIVRE-D-OR-300x227.jpg 300w, https:\/\/amgrezieu.fr\/wp-content\/uploads\/2014\/10\/LIVRE-D-OR-100x75.jpg 100w, https:\/\/amgrezieu.fr\/wp-content\/uploads\/2014\/10\/LIVRE-D-OR-150x113.jpg 150w, https:\/\/amgrezieu.fr\/wp-content\/uploads\/2014\/10\/LIVRE-D-OR-200x151.jpg 200w, https:\/\/amgrezieu.fr\/wp-content\/uploads\/2014\/10\/LIVRE-D-OR-450x341.jpg 450w, https:\/\/amgrezieu.fr\/wp-content\/uploads\/2014\/10\/LIVRE-D-OR-600x455.jpg 600w, https:\/\/amgrezieu.fr\/wp-content\/uploads\/2014\/10\/LIVRE-D-OR.jpg 637w\" sizes=\"(max-width: 300px) 100vw, 300px\" \/><\/a><span style=\"color: #ff00ff;\">N&rsquo;h\u00e9sitez pas \u00e0 laisser ci-dessous vos impressions et souvenirs de nos \u00e9v\u00e8nements !<\/span><\/p>\n","protected":false},"excerpt":{"rendered":"<p>N&rsquo;h\u00e9sitez pas \u00e0 laisser ci-dessous vos impressions et souvenirs de nos \u00e9v\u00e8nements !<\/p>\n","protected":false},"author":1,"featured_media":0,"parent":0,"menu_order":2,"comment_status":"open","ping_status":"closed","template":"page-templates\/full-width.php","meta":{"_price":"","_stock":"","_tribe_ticket_header":"","_tribe_default_ticket_provider":"","_tribe_ticket_capacity":"0","_ticket_start_date":"","_ticket_end_date":"","_tribe_ticket_show_description":"","_tribe_ticket_show_not_going":false,"_tribe_ticket_use_global_stock":"","_tribe_ticket_global_stock_level":"","_global_stock_mode":"","_global_stock_cap":"","_tribe_rsvp_for_event":"","_tribe_ticket_going_count":"","_tribe_ticket_not_going_count":"","_tribe_tickets_list":"[]","_tribe_ticket_has_attendee_info_fields":false,"footnotes":"","_tec_slr_enabled":"","_tec_slr_layout":""},"class_list":["post-86","page","type-page","status-publish","hentry"],"ticketed":false,"_links":{"self":[{"href":"https:\/\/amgrezieu.fr\/index.php?rest_route=\/wp\/v2\/pages\/86","targetHints":{"allow":["GET"]}}],"collection":[{"href":"https:\/\/amgrezieu.fr\/index.php?rest_route=\/wp\/v2\/pages"}],"about":[{"href":"https:\/\/amgrezieu.fr\/index.php?rest_route=\/wp\/v2\/types\/page"}],"author":[{"embeddable":true,"href":"https:\/\/amgrezieu.fr\/index.php?rest_route=\/wp\/v2\/users\/1"}],"replies":[{"embeddable":true,"href":"https:\/\/amgrezieu.fr\/index.php?rest_route=%2Fwp%2Fv2%2Fcomments&post=86"}],"version-history":[{"count":8,"href":"https:\/\/amgrezieu.fr\/index.php?rest_route=\/wp\/v2\/pages\/86\/revisions"}],"predecessor-version":[{"id":3822,"href":"https:\/\/amgrezieu.fr\/index.php?rest_route=\/wp\/v2\/pages\/86\/revisions\/3822"}],"wp:attachment":[{"href":"https:\/\/amgrezieu.fr\/index.php?rest_route=%2Fwp%2Fv2%2Fmedia&parent=86"}],"curies":[{"name":"wp","href":"https:\/\/api.w.org\/{rel}","templated":true}]}}